{"id":113913,"date":"2021-11-30T00:00:00","date_gmt":"2021-11-29T23:00:00","guid":{"rendered":"http:\/\/gpl-love.com\/fr\/produit\/sendy-widget-pro-wordpress-plugin\/"},"modified":"2026-03-20T23:35:18","modified_gmt":"2026-03-20T22:35:18","slug":"sendy-widget-pro-wordpress-plugin","status":"publish","type":"product","link":"https:\/\/gpl-love.com\/fr\/produit\/sendy-widget-pro-wordpress-plugin\/","title":{"rendered":"Sendy Widget Pro WordPress Plugin 3.6.1"},"content":{"rendered":"<h3>Sendy Widget Pro WordPress Plugin Traits<\/h3>\n<p>Le plugin Sendy Widget Pro WordPress est un outil extr\u00eamement efficace et tr\u00e8s efficace qui sert \u00e0 aider et \u00e0 aider les propri\u00e9taires de sites Web \u00e0 int\u00e9grer de mani\u00e8re transparente leurs sites Web respectifs \u00e0 la plate-forme de marketing par e-mail largement utilis\u00e9e, connue sous le nom de Sendy. Ce plugin particulier fournit \u00e0 ses utilisateurs une interface incroyablement conviviale et une vaste gamme de fonctionnalit\u00e9s sp\u00e9cialement con\u00e7ues et destin\u00e9es \u00e0 faciliter la croissance et l&rsquo;expansion de leur liste d&rsquo;e-mails, ce qui permet en fin de compte de diffuser directement des newsletters engageants et informatifs \u00e0 leur abonn\u00e9s pr\u00e9cieux. En utilisant le plugin Sendy Widget Pro, les individus peuvent g\u00e9n\u00e9rer et construire sans effort des formulaires de g\u00e9n\u00e9ration de leads, des fen\u00eatres contextuelles et des bo\u00eetes d&rsquo;abonnement qui sont non seulement enti\u00e8rement personnalisables mais \u00e9galement adapt\u00e9es et aussi con\u00e7ues pour s&rsquo;aligner parfaitement et correspondre \u00e0 la marque \u00e9tablie et reconnaissable de leur site Web. . De plus, ce plugin remarquable \u00e9tend \u00e9galement ses fonctionnalit\u00e9s en offrant un syst\u00e8me d&rsquo;analyse et de rapports complets et complets, accordant ainsi \u00e0 ses utilisateurs la capacit\u00e9 inestimable \u00e0 suivre et \u00e0 surveiller m\u00e9ticuleusement les performances globales et l&rsquo;efficacit\u00e9 de leurs campagnes de messagerie respectives, leur permettant par la suite de rendre l&rsquo;informatique et l&rsquo;efficacit\u00e9 Ajustements strat\u00e9giques afin d&rsquo;optimiser et d&rsquo;am\u00e9liorer leurs strat\u00e9gies de marketing globales. Dans l&rsquo;ensemble, il est ind\u00e9niablement \u00e9vident que le plugin Sendy Widget Pro WordPress repr\u00e9sente un outil exceptionnellement puissant et influent qui a la capacit\u00e9 de rationaliser consid\u00e9rablement et de faciliter le processus complexe et souvent complexe de marketing par e-mail, permettant ainsi aux propri\u00e9taires de sites Web \u00e0 augmenter et \u00e0 se d\u00e9velopper efficacement et \u00e0 se d\u00e9velopper efficacement Leur base d&rsquo;abonn\u00e9s les permettant finalement d&rsquo;atteindre et d&rsquo;atteindre avec succ\u00e8s les objectifs marketing et les jalons souhait\u00e9s.<\/p>\n<ul>\n<li>Widget enti\u00e8rement personnalisable pour les sites Web WordPress<\/li>\n<li>Int\u00e9gration facile avec le logiciel de marketing par e-mail Sendy<\/li>\n<li>Gagnez plus d&rsquo;abonn\u00e9s par e-mail directement de votre site Web<\/li>\n<li>Choisissez parmi plusieurs styles de mise en page pour s&rsquo;adapter \u00e0 la conception de votre site Web<\/li>\n<li>Texte et options de conception personnalisables pour correspondre \u00e0 votre marque<\/li>\n<li>Synchronisation automatique avec les listes d&rsquo;abonn\u00e9s Sendy<\/li>\n<li>GDPR conforme aux options pour la double opt-in et la gestion facile des abonn\u00e9s<\/li>\n<li>Int\u00e9gration transparente avec des plateformes de marketing par e-mail populaires<\/li>\n<li>Analytique pour suivre les performances de votre widget<\/li>\n<li>Documentation compl\u00e8te et prise en charge pour une configuration et une utilisation faciles.<\/li>\n<\/ul>\n","protected":false},"excerpt":{"rendered":"<p>\u00cates-vous \u00e0 la recherche d&rsquo;une solution de marketing par e-mail fiable et conviviale qui est sp\u00e9cialement con\u00e7ue pour votre site Web WordPress? Ne cherchez pas plus loin que le remarquable plugin Sendy Widget Pro! Ce plugin incroyable poss\u00e8de un processus d&rsquo;installation simple et une pl\u00e9thore d&rsquo;options personnalisables, vous permettant d&rsquo;\u00e9tendre sans effort votre liste de diffusion et d&rsquo;interagir efficacement avec vos pr\u00e9cieux abonn\u00e9s. De plus, ce plugin va au-del\u00e0 en offrant des fonctionnalit\u00e9s de pointe telles que les tests et la segmentation A \/ B, vous permettant d&rsquo;optimiser vos campagnes et d&rsquo;obtenir le retour sur investissement le plus \u00e9lev\u00e9 possible. Offrez des adieux \u00e0 des services de marketing par e-mail \u00e0 prix exorbitant et accueillez chaleureusement le ph\u00e9nom\u00e9nal Widget Pro Sendy Pro dans votre arsenal num\u00e9rique.<\/p>\n","protected":false},"featured_media":145211,"comment_status":"open","ping_status":"open","template":"","meta":[],"product_brand":[2435],"product_cat":[1207,1181,1186],"product_tag":[1231],"class_list":{"0":"post-113913","1":"product","2":"type-product","3":"status-publish","4":"has-post-thumbnail","6":"product_brand-codecanyon","7":"product_cat-commercialisation-wordpress-plugins","8":"product_cat-plugins","9":"product_cat-wordpress-plugins","10":"product_tag-codecanyon","11":"member-discount","12":"discount-restricted","14":"first","15":"instock","16":"sale","17":"downloadable","18":"virtual","19":"sold-individually","20":"purchasable","21":"product-type-simple"},"_links":{"self":[{"href":"https:\/\/gpl-love.com\/fr\/wp-json\/wp\/v2\/product\/113913","targetHints":{"allow":["GET"]}}],"collection":[{"href":"https:\/\/gpl-love.com\/fr\/wp-json\/wp\/v2\/product"}],"about":[{"href":"https:\/\/gpl-love.com\/fr\/wp-json\/wp\/v2\/types\/product"}],"replies":[{"embeddable":true,"href":"https:\/\/gpl-love.com\/fr\/wp-json\/wp\/v2\/comments?post=113913"}],"wp:featuredmedia":[{"embeddable":true,"href":"https:\/\/gpl-love.com\/fr\/wp-json\/wp\/v2\/media\/145211"}],"wp:attachment":[{"href":"https:\/\/gpl-love.com\/fr\/wp-json\/wp\/v2\/media?parent=113913"}],"wp:term":[{"taxonomy":"product_brand","embeddable":true,"href":"https:\/\/gpl-love.com\/fr\/wp-json\/wp\/v2\/product_brand?post=113913"},{"taxonomy":"product_cat","embeddable":true,"href":"https:\/\/gpl-love.com\/fr\/wp-json\/wp\/v2\/product_cat?post=113913"},{"taxonomy":"product_tag","embeddable":true,"href":"https:\/\/gpl-love.com\/fr\/wp-json\/wp\/v2\/product_tag?post=113913"}],"curies":[{"name":"wp","href":"https:\/\/api.w.org\/{rel}","templated":true}]}}