{"id":113911,"date":"2025-11-14T00:00:00","date_gmt":"2025-11-13T23:00:00","guid":{"rendered":"http:\/\/gpl-love.com\/fr\/produit\/tourpress-travel-booking-wordpress-theme\/"},"modified":"2026-03-20T23:41:18","modified_gmt":"2026-03-20T22:41:18","slug":"tourpress-travel-booking-wordpress-theme","status":"publish","type":"product","link":"https:\/\/gpl-love.com\/fr\/produit\/tourpress-travel-booking-wordpress-theme\/","title":{"rendered":"TourPress Travel Booking WordPress Theme 1.2.5"},"content":{"rendered":"<h3>TourPress Travel Booking WordPress Theme Traits<\/h3>\n<p>TourPress est un th\u00e8me WordPress de r\u00e9servation de voyages vraiment remarquable et exceptionnel qui a \u00e9t\u00e9 m\u00e9ticuleusement con\u00e7u et con\u00e7u pour r\u00e9pondre aux exigences distinctives et uniques des agences de voyage, des voyagistes et des entreprises de voyage. Ce th\u00e8me poss\u00e8de un design incroyablement beau qui est associ\u00e9 \u00e0 un ensemble avanc\u00e9 de fonctionnalit\u00e9s et \u00e0 une interface intuitive conviviale, offrant ainsi une exp\u00e9rience de r\u00e9servation en ligne sans pr\u00e9c\u00e9dent et sans couture pour vos clients estim\u00e9s. En plus de ces fonctionnalit\u00e9s remarquables, TourPress propose \u00e9galement une gamme diversifi\u00e9e d&rsquo;options qui vous permettent de pr\u00e9senter vos forfaits de voyage, vos destinations et vos options de prix de mani\u00e8re tr\u00e8s professionnelle et engageante, \u00e9levant ainsi l&rsquo;attrait esth\u00e9tique global de votre site Web. De plus, le th\u00e8me est soigneusement \u00e9quip\u00e9 d&rsquo;une myriade d&rsquo;options de personnalisation, vous permettant de personnaliser et d&rsquo;adapter sans effort l&rsquo;apparence et l&rsquo;ambiance de votre site Web pour s&rsquo;aligner parfaitement avec votre identit\u00e9 de marque unique. Que vous vous retrouviez \u00e0 la t\u00eate d&rsquo;une agence de voyage \u00e0 petite \u00e9chelle ou d&rsquo;une soci\u00e9t\u00e9 de voyages \u00e0 grande \u00e9chelle, TourPress est sans \u00e9quivoque la solution par excellence et id\u00e9ale qui vous aidera effectivement \u00e0 fabriquer un site Web visuellement frappant et optimis\u00e9 de conversion qui allait comme une allure et une allure ind\u00e9niablement et Captiver les clients, ce qui donne finalement leur fid\u00e9lit\u00e9 et leur patronage in\u00e9branlables.<\/p>\n<ul>\n<li>Th\u00e8me WordPress de r\u00e9servation de voyage enti\u00e8rement personnalisable et r\u00e9actif<\/li>\n<li>Comprend plusieurs options de disposition pour pr\u00e9senter les packages de voyage et les destinations<\/li>\n<li>Comprend des fonctionnalit\u00e9s de r\u00e9servation et de paiement par l&rsquo;int\u00e9gration avec WooCommerce et PayPal<\/li>\n<li>Offre des options pour ajouter des champs personnalis\u00e9s aux formulaires de r\u00e9servation pour recueillir des informations importantes aupr\u00e8s des clients<\/li>\n<li>Comprend un syst\u00e8me de r\u00e9vision et de notation int\u00e9gr\u00e9 pour les commentaires des clients et la preuve sociale<\/li>\n<li>Offre l&rsquo;int\u00e9gration avec des plateformes de marketing par e-mail populaires pour rester en contact avec les clients et promouvoir de nouvelles offres<\/li>\n<li>Livr\u00e9 avec des mod\u00e8les de page d&rsquo;accueil pr\u00e9-con\u00e7us sp\u00e9cifiquement pour les agences de voyage et les voyagistes<\/li>\n<li>Comprend le soutien de plusieurs langues et devises, ce qui le rend id\u00e9al pour les entreprises de voyage internationales<\/li>\n<li>Fonctionne l&rsquo;int\u00e9gration avec Google Maps et d&rsquo;autres plugins li\u00e9s aux voyages pour une exp\u00e9rience de r\u00e9servation transparente<\/li>\n<li>Livr\u00e9 avec une documentation d\u00e9taill\u00e9e et un support client d\u00e9di\u00e9 pour aider les utilisateurs \u00e0 tirer le meilleur parti du th\u00e8me<\/li>\n<\/ul>\n","protected":false},"excerpt":{"rendered":"<p>TourPress, un th\u00e8me WordPress qui a \u00e9t\u00e9 sp\u00e9cialement con\u00e7u pour les sites Web de r\u00e9servation de voyage, est non seulement convivial mais \u00e9galement tr\u00e8s personnalisable. Ce th\u00e8me offre une exp\u00e9rience de r\u00e9servation sans effort et sans couture pour vos clients, gr\u00e2ce \u00e0 son syst\u00e8me de r\u00e9servation int\u00e9gr\u00e9 et \u00e0 une large gamme de passerelles de paiement. En utilisant TourPress, vous pouvez pr\u00e9senter sans effort et efficacement vos forfaits de tourn\u00e9e, vos destinations et vos services de voyage gr\u00e2ce \u00e0 son design \u00e9l\u00e9gant et moderne. De plus, sa disposition r\u00e9active garantit que votre site Web maintient une apparence visuellement attrayante sur tous les appareils. De plus, TourPress offre une multitude de fonctionnalit\u00e9s puissantes qui vous aident \u00e0 g\u00e9rer efficacement vos r\u00e9servations, clients et demandes de demandes. Que votre entreprise de voyage se sp\u00e9cialise dans les visites d&rsquo;aventure ou les escapades luxueuses, TourPress est ind\u00e9niablement le th\u00e8me id\u00e9al pour vos besoins sp\u00e9cifiques.<\/p>\n","protected":false},"featured_media":145605,"comment_status":"open","ping_status":"open","template":"","meta":[],"product_brand":[2433],"product_cat":[1558,1212,1213],"product_tag":[1366],"class_list":{"0":"post-113911","1":"product","2":"type-product","3":"status-publish","4":"has-post-thumbnail","6":"product_brand-themeforest","7":"product_cat-hotel-resort","8":"product_cat-themes","9":"product_cat-wordpress-themes","10":"product_tag-themeforest","11":"member-discount","12":"discount-restricted","14":"first","15":"instock","16":"sale","17":"downloadable","18":"virtual","19":"sold-individually","20":"purchasable","21":"product-type-simple"},"_links":{"self":[{"href":"https:\/\/gpl-love.com\/fr\/wp-json\/wp\/v2\/product\/113911","targetHints":{"allow":["GET"]}}],"collection":[{"href":"https:\/\/gpl-love.com\/fr\/wp-json\/wp\/v2\/product"}],"about":[{"href":"https:\/\/gpl-love.com\/fr\/wp-json\/wp\/v2\/types\/product"}],"replies":[{"embeddable":true,"href":"https:\/\/gpl-love.com\/fr\/wp-json\/wp\/v2\/comments?post=113911"}],"wp:featuredmedia":[{"embeddable":true,"href":"https:\/\/gpl-love.com\/fr\/wp-json\/wp\/v2\/media\/145605"}],"wp:attachment":[{"href":"https:\/\/gpl-love.com\/fr\/wp-json\/wp\/v2\/media?parent=113911"}],"wp:term":[{"taxonomy":"product_brand","embeddable":true,"href":"https:\/\/gpl-love.com\/fr\/wp-json\/wp\/v2\/product_brand?post=113911"},{"taxonomy":"product_cat","embeddable":true,"href":"https:\/\/gpl-love.com\/fr\/wp-json\/wp\/v2\/product_cat?post=113911"},{"taxonomy":"product_tag","embeddable":true,"href":"https:\/\/gpl-love.com\/fr\/wp-json\/wp\/v2\/product_tag?post=113911"}],"curies":[{"name":"wp","href":"https:\/\/api.w.org\/{rel}","templated":true}]}}