{"id":113907,"date":"2022-02-14T00:00:00","date_gmt":"2022-02-13T23:00:00","guid":{"rendered":"http:\/\/gpl-love.com\/fr\/produit\/agensy-digital-lab-et-creative-solutions-theme\/"},"modified":"2026-03-20T22:54:06","modified_gmt":"2026-03-20T21:54:06","slug":"agensy-digital-lab-et-creative-solutions-theme","status":"publish","type":"product","link":"https:\/\/gpl-love.com\/fr\/produit\/agensy-digital-lab-et-creative-solutions-theme\/","title":{"rendered":"Agensy Digital Lab et Creative Solutions Theme 1.1.1"},"content":{"rendered":"<h3>Agensy Digital Lab et Creative Solutions Theme Traits<\/h3>\n<p>Le th\u00e8me Agensy Digital Lab et Creative Solutions est un package global qui pr\u00e9sente un large \u00e9ventail d&rsquo;outils et de ressources sp\u00e9cialement adapt\u00e9s aux agences num\u00e9riques et aux cr\u00e9atifs. Parmi ses offres, il y a un th\u00e8me enti\u00e8rement r\u00e9actif qui s&rsquo;adapte de mani\u00e8re transparente \u00e0 divers appareils et plateformes, garantissant une exp\u00e9rience utilisateur transparente \u00e0 tous les niveaux. De plus, le package comprend une vaste collection de mod\u00e8les et de widgets personnalisables, permettant aux utilisateurs de cr\u00e9er des sites Web, des portefeuilles et d&rsquo;autres contenus num\u00e9riques.<\/p>\n<p>Notamment, le th\u00e8me accorde l&rsquo;acc\u00e8s \u00e0 un assortiment de fonctionnalit\u00e9s et de fonctionnalit\u00e9s avanc\u00e9es, y compris la possibilit\u00e9 de personnaliser CSS et HTML, exercer des outils de cr\u00e9ation de pages de pointe et tirer parti d&rsquo;une suite d&rsquo;outils d&rsquo;optimisation de r\u00e9f\u00e9rencement int\u00e9gr\u00e9s. Ces capacit\u00e9s font du th\u00e8me Agensy Digital Lab et Creative Solutions une solution optimale pour les agences et les cr\u00e9atifs \u00e0 la recherche de sites Web professionnels, de haut niveau et de contenu en ligne qui se diff\u00e9rencient efficacement de la concurrence, en dessinant par la suite de nouveaux clients et clients.<\/p>\n<ul>\n<li>Une conception sophistiqu\u00e9e et professionnelle sp\u00e9cialement con\u00e7ue pour les agences num\u00e9riques et les solutions cr\u00e9atives<\/li>\n<li>Disposition r\u00e9active et conviviale pour une visualisation optimale sur n&rsquo;importe quel appareil<\/li>\n<li>Navigation conviviale et interface intuitive pour une personnalisation facile et une gestion de contenu<\/li>\n<li>Enti\u00e8rement compatible avec la derni\u00e8re version WordPress et les plugins populaires pour des fonctionnalit\u00e9s ajout\u00e9es<\/li>\n<li>Int\u00e9gration transparente avec les plateformes de m\u00e9dias sociaux pour un marketing et une promotion efficaces<\/li>\n<li>Page d&rsquo;accueil personnalisable avec une gamme de sections et d&rsquo;\u00e9l\u00e9ments visuels pour pr\u00e9senter votre travail et vos services<\/li>\n<li>Documentation approfondie et prise en charge d\u00e9di\u00e9e pour une installation et une maintenance faciles<\/li>\n<li>Mises \u00e0 jour r\u00e9guli\u00e8res et am\u00e9liorations pour assurer des performances et une compatibilit\u00e9 optimales avec les nouvelles technologies<\/li>\n<li>Poids l\u00e9ger et optimis\u00e9 pour les temps de chargement rapide afin d&rsquo;am\u00e9liorer l&rsquo;exp\u00e9rience utilisateur et les performances de r\u00e9f\u00e9rencement.<\/li>\n<\/ul>\n","protected":false},"excerpt":{"rendered":"<p>D\u00e9couvrez l&rsquo;ultime en cr\u00e9ativit\u00e9 num\u00e9rique avec Agensy Digital Lab et le th\u00e8me des solutions cr\u00e9atives. Ce produit innovant est parfait pour ceux qui sont passionn\u00e9s par la technologie et le design num\u00e9riques. Il sert de laboratoire num\u00e9rique, o\u00f9 vous pouvez exp\u00e9rimenter diff\u00e9rentes id\u00e9es de conception et solutions num\u00e9riques. Le th\u00e8me est enti\u00e8rement personnalisable, vous permettant d&rsquo;exprimer votre cr\u00e9ativit\u00e9 de la mani\u00e8re la plus unique. Il propose \u00e9galement une vari\u00e9t\u00e9 de solutions cr\u00e9atives pour aider \u00e0 am\u00e9liorer vos projets num\u00e9riques. Avec son interface conviviale et ses fonctionnalit\u00e9s innovantes, Agensy Digital Lab et le th\u00e8me des solutions cr\u00e9atives sont un outil pr\u00e9cieux pour les cr\u00e9atifs num\u00e9riques en herbe et exp\u00e9riment\u00e9s. D\u00e9couvrez les avantages de la cr\u00e9ativit\u00e9 num\u00e9rique aujourd&rsquo;hui avec Agensy.<\/p>\n","protected":false},"featured_media":143095,"comment_status":"open","ping_status":"open","template":"","meta":[],"product_brand":[2433],"product_cat":[1242,1212,1213],"product_tag":[1366],"class_list":{"0":"post-113907","1":"product","2":"type-product","3":"status-publish","4":"has-post-thumbnail","6":"product_brand-themeforest","7":"product_cat-creatif","8":"product_cat-themes","9":"product_cat-wordpress-themes","10":"product_tag-themeforest","11":"member-discount","12":"discount-restricted","14":"first","15":"instock","16":"sale","17":"downloadable","18":"virtual","19":"sold-individually","20":"purchasable","21":"product-type-simple"},"_links":{"self":[{"href":"https:\/\/gpl-love.com\/fr\/wp-json\/wp\/v2\/product\/113907","targetHints":{"allow":["GET"]}}],"collection":[{"href":"https:\/\/gpl-love.com\/fr\/wp-json\/wp\/v2\/product"}],"about":[{"href":"https:\/\/gpl-love.com\/fr\/wp-json\/wp\/v2\/types\/product"}],"replies":[{"embeddable":true,"href":"https:\/\/gpl-love.com\/fr\/wp-json\/wp\/v2\/comments?post=113907"}],"wp:featuredmedia":[{"embeddable":true,"href":"https:\/\/gpl-love.com\/fr\/wp-json\/wp\/v2\/media\/143095"}],"wp:attachment":[{"href":"https:\/\/gpl-love.com\/fr\/wp-json\/wp\/v2\/media?parent=113907"}],"wp:term":[{"taxonomy":"product_brand","embeddable":true,"href":"https:\/\/gpl-love.com\/fr\/wp-json\/wp\/v2\/product_brand?post=113907"},{"taxonomy":"product_cat","embeddable":true,"href":"https:\/\/gpl-love.com\/fr\/wp-json\/wp\/v2\/product_cat?post=113907"},{"taxonomy":"product_tag","embeddable":true,"href":"https:\/\/gpl-love.com\/fr\/wp-json\/wp\/v2\/product_tag?post=113907"}],"curies":[{"name":"wp","href":"https:\/\/api.w.org\/{rel}","templated":true}]}}