{"id":113905,"date":"2025-06-03T00:00:00","date_gmt":"2025-06-02T22:00:00","guid":{"rendered":"http:\/\/gpl-love.com\/fr\/produit\/bbq-pro-fastest-wordpress-firewall-plugin\/"},"modified":"2026-03-20T22:55:59","modified_gmt":"2026-03-20T21:55:59","slug":"bbq-pro-fastest-wordpress-firewall-plugin","status":"publish","type":"product","link":"https:\/\/gpl-love.com\/fr\/produit\/bbq-pro-fastest-wordpress-firewall-plugin\/","title":{"rendered":"BBQ Pro Fastest WordPress Firewall Plugin 3.8.1"},"content":{"rendered":"<h3>BBQ Pro Fastest WordPress Firewall Plugin Traits<\/h3>\n<p>BBQ Pro, un plugin de pare-feu WordPress incroyablement robuste et puissant, a \u00e9t\u00e9 sp\u00e9cifiquement con\u00e7u pour offrir une protection compl\u00e8te \u00e0 votre site Web contre une vaste gamme de menaces. \u00c9quip\u00e9 d&rsquo;un moteur \u00e0 balayage tr\u00e8s efficace et exp\u00e9diteur, ce plugin exceptionnel poss\u00e8de la capacit\u00e9 d&rsquo;identifier rapidement et de contrecarrer toute forme d&rsquo;activit\u00e9 n\u00e9faste sur votre site Web, que ce soit des efforts de piratage, des assauts de force brute ou des infections pernicieuses. Ses fonctionnalit\u00e9s avanc\u00e9es comprennent la fourniture de r\u00e8gles personnalisables, de filtrage d&rsquo;adresses IP et d&rsquo;options de journalisation, vous accordant ainsi un niveau de contr\u00f4le in\u00e9gal\u00e9 sur la s\u00e9curit\u00e9 de votre site Web. En outre, ses processus d&rsquo;installation et de configuration sont remarquablement simples et conviviaux, tandis que le support client exceptionnel du plugin t\u00e9moigne de sa d\u00e9votion sans pr\u00e9c\u00e9dent \u00e0 la satisfaction du client. \u00c0 la lumi\u00e8re de ces attributs remarquables, il devient \u00e9vident que BBQ Pro sert de choix exemplaire pour tout utilisateur WordPress d\u00e9sireux de fortifier la s\u00e9curit\u00e9 de leur site Web. Lorsqu&rsquo;il s&rsquo;agit de prot\u00e9ger votre site Web WordPress ch\u00e9ri contre la pr\u00e9sence en constante \u00e9volution de cyber-menaces, il n&rsquo;y a tout simplement pas de meilleure option que BBQ Pro.<\/p>\n<ul>\n<li>Prot\u00e9ge votre site Web WordPress contre les attaques malveillantes et les tentatives de piratage<\/li>\n<li>Bloque toutes les demandes suspectes ou nuisibles faites sur le site Web<\/li>\n<li>Fournit une surveillance en temps r\u00e9el pour les menaces et l&rsquo;activit\u00e9 suspecte<\/li>\n<li>Assure une vitesse et des performances du site Web rapide avec un impact minimal sur le temps de chargement du site<\/li>\n<li>Bloque les mauvais robots et les bots de spam de l&rsquo;acc\u00e8s au site Web<\/li>\n<li>R\u00e9guli\u00e8rement mis \u00e0 jour avec de nouvelles r\u00e8gles et r\u00e9glementations pour rester au courant des derni\u00e8res menaces<\/li>\n<li>Facile \u00e0 installer et \u00e0 configurer, avec une interface conviviale<\/li>\n<li>Fournit des rapports d\u00e9taill\u00e9s sur la s\u00e9curit\u00e9 du site Web et l&rsquo;activit\u00e9 de menace<\/li>\n<li>Compatible avec une large gamme de th\u00e8mes et plugins WordPress<\/li>\n<li>Offre un support client fiable et une assistance pour tout probl\u00e8me ou pr\u00e9occupation<\/li>\n<\/ul>\n","protected":false},"excerpt":{"rendered":"<p>Lib\u00e9rez la puissance du plugin de pare-feu WordPress le plus rapide BBQ Pro, la solution ultime pour la s\u00e9curit\u00e9 de votre site Web. Cet outil innovant offre une protection imbattable contre une myriade de cybermenaces, garantissant que votre site WordPress reste s\u00e9curis\u00e9 et indemne. Le plugin BBQ Pro est r\u00e9put\u00e9 pour sa vitesse, offrant un pare-feu rapide et efficace qui ne ralentira pas les performances de votre site Web. Son interface conviviale et ses fonctionnalit\u00e9s faciles \u00e0 utiliser en font un outil incontournable pour les d\u00e9butants et les webmasters assaisonn\u00e9s. Avec ce plugin, vous appr\u00e9cierez la tranquillit\u00e9 d&rsquo;esprit en sachant que votre site est sauvegard\u00e9 contre les attaques potentielles. Profitez des avantages de la s\u00e9curit\u00e9 de premier ordre sans compromettre la vitesse avec le plugin de pare-feu WordPress le plus rapide BBQ Pro.<\/p>\n","protected":false},"featured_media":143222,"comment_status":"open","ping_status":"open","template":"","meta":[],"product_brand":[2467],"product_cat":[1187,1181,1186],"product_tag":[2157],"class_list":{"0":"post-113905","1":"product","2":"type-product","3":"status-publish","4":"has-post-thumbnail","6":"product_brand-plugin-planet","7":"product_cat-administration-wordpress-plugins","8":"product_cat-plugins","9":"product_cat-wordpress-plugins","10":"product_tag-plugin-planet","11":"member-discount","12":"discount-restricted","14":"first","15":"instock","16":"sale","17":"downloadable","18":"virtual","19":"sold-individually","20":"purchasable","21":"product-type-simple"},"_links":{"self":[{"href":"https:\/\/gpl-love.com\/fr\/wp-json\/wp\/v2\/product\/113905","targetHints":{"allow":["GET"]}}],"collection":[{"href":"https:\/\/gpl-love.com\/fr\/wp-json\/wp\/v2\/product"}],"about":[{"href":"https:\/\/gpl-love.com\/fr\/wp-json\/wp\/v2\/types\/product"}],"replies":[{"embeddable":true,"href":"https:\/\/gpl-love.com\/fr\/wp-json\/wp\/v2\/comments?post=113905"}],"wp:featuredmedia":[{"embeddable":true,"href":"https:\/\/gpl-love.com\/fr\/wp-json\/wp\/v2\/media\/143222"}],"wp:attachment":[{"href":"https:\/\/gpl-love.com\/fr\/wp-json\/wp\/v2\/media?parent=113905"}],"wp:term":[{"taxonomy":"product_brand","embeddable":true,"href":"https:\/\/gpl-love.com\/fr\/wp-json\/wp\/v2\/product_brand?post=113905"},{"taxonomy":"product_cat","embeddable":true,"href":"https:\/\/gpl-love.com\/fr\/wp-json\/wp\/v2\/product_cat?post=113905"},{"taxonomy":"product_tag","embeddable":true,"href":"https:\/\/gpl-love.com\/fr\/wp-json\/wp\/v2\/product_tag?post=113905"}],"curies":[{"name":"wp","href":"https:\/\/api.w.org\/{rel}","templated":true}]}}