{"id":113899,"date":"2025-09-01T00:00:00","date_gmt":"2025-08-31T22:00:00","guid":{"rendered":"http:\/\/gpl-love.com\/fr\/produit\/thype-personal-blog-wordpress\/"},"modified":"2026-04-10T18:43:33","modified_gmt":"2026-04-10T16:43:33","slug":"thype-personal-blog-wordpress","status":"publish","type":"product","link":"https:\/\/gpl-love.com\/fr\/produit\/thype-personal-blog-wordpress\/","title":{"rendered":"Thype Personal Blog WordPress 2.0"},"content":{"rendered":"<h3>Thype Personal Blog WordPress Traits<\/h3>\n<p>Le blog personnel Thype WordPress est une plate-forme globale et conviviale, permettant avec comp\u00e9tence les utilisateurs de g\u00e9n\u00e9rer et de personnaliser sans effort leurs propres blogs personnels. \u00c9quip\u00e9es d&rsquo;une interface utilisateur instinctive, les individus peuvent publier de mani\u00e8re transparente leurs articles de blog, diffuser leurs contemplations et notions et interagir activement avec leur public captif. Cette plate-forme comprend une pl\u00e9thore de mod\u00e8les et de conceptions configurables, offrant aux utilisateurs la capacit\u00e9 de cr\u00e9er un blog unique en son genre et esth\u00e9tique. De plus, le blog personnel de Thype WordPress est m\u00e9ticuleusement optimis\u00e9 pour les moteurs de recherche, garantissant ainsi que le contenu des utilisateurs est facilement et sans effort d\u00e9couverte par leur public cible pr\u00e9vu. Pour am\u00e9liorer encore ses offres, cette plate-forme comprend une suite compl\u00e8te de fonctionnalit\u00e9s robustes, y compris l&rsquo;int\u00e9gration des m\u00e9dias sociaux, l&rsquo;analyse et les plugins, \u00e9quipant amplement tous les outils n\u00e9cessaires pour favoriser la cr\u00e9ation d&rsquo;un blog r\u00e9ussi et captivant.<\/p>\n<ul>\n<li>Cr\u00e9ez facilement un blog magnifique et professionnel<\/li>\n<li>Choisissez parmi une vari\u00e9t\u00e9 de th\u00e8mes personnalisables pour s&rsquo;adapter \u00e0 votre style et \u00e0 votre marque<\/li>\n<li>Ajouter et g\u00e9rer facilement les articles de blog, les pages et le contenu des m\u00e9dias<\/li>\n<li>Connectez-vous avec les lecteurs gr\u00e2ce \u00e0 des commentaires et \u00e0 l&rsquo;int\u00e9gration des m\u00e9dias sociaux<\/li>\n<li>Profitez de la conception r\u00e9active pour une visualisation optimale sur n&rsquo;importe quel appareil<\/li>\n<li>Acc\u00e9der \u00e0 une biblioth\u00e8que robuste de plugins pour des fonctionnalit\u00e9s et des options de personnalisation suppl\u00e9mentaires<\/li>\n<li>Utilisez des outils de r\u00e9f\u00e9rencement int\u00e9gr\u00e9s pour am\u00e9liorer le classement des moteurs de recherche de votre site Web<\/li>\n<li>B\u00e9n\u00e9ficier des mises \u00e0 jour en cours et du soutien de la communaut\u00e9 WordPress<\/li>\n<li>Int\u00e9gration facile avec d&rsquo;autres produits WordPress comme WooCommerce et Jetpack.<\/li>\n<\/ul>\n","protected":false},"excerpt":{"rendered":"<p>Le blog personnel Thype WordPress est un th\u00e8me WordPress incroyablement convivial et tr\u00e8s r\u00e9actif qui a \u00e9t\u00e9 m\u00e9ticuleusement con\u00e7u pour r\u00e9pondre aux besoins et aux d\u00e9sirs des blogueurs qui aspirent \u00e0 exprimer leurs pens\u00e9es et leurs id\u00e9es d&rsquo;une mani\u00e8re exceptionnellement cr\u00e9ative et frappante. Ce th\u00e8me extraordinaire offre un \u00e9ventail d&rsquo;options de mise en page qui sont incroyablement diverses, offrant aux blogueurs la libert\u00e9 et la flexibilit\u00e9 pour personnaliser l&rsquo;apparence et la fonctionnalit\u00e9 de leur blog d&rsquo;une mani\u00e8re sans pr\u00e9c\u00e9dent, le tout sans avoir de connaissance du codage. En outre, ce qui distingue vraiment Thype de ses concurrents, c&rsquo;est son inclusion de plugins premium, tels que Visual Composer et Slider Revolution, qui ont \u00e9t\u00e9 soigneusement int\u00e9gr\u00e9s dans le th\u00e8me pour faciliter la cr\u00e9ation transparente d&rsquo;un contenu impressionnant. Que vous soyez un novice dans la sph\u00e8re de blogging ou un expert chevronn\u00e9, le blog personnel Thype WordPress est sans \u00e9quivoque le choix id\u00e9al pour quiconque d\u00e9sire un blog qui poss\u00e8de une esth\u00e9tique ind\u00e9niablement moderne et \u00e9l\u00e9gante.<\/p>\n","protected":false},"featured_media":145586,"comment_status":"open","ping_status":"open","template":"","meta":[],"product_brand":[2433],"product_cat":[1220,1212,1213],"product_tag":[1366],"class_list":{"0":"post-113899","1":"product","2":"type-product","3":"status-publish","4":"has-post-thumbnail","6":"product_brand-themeforest","7":"product_cat-blog-magazine","8":"product_cat-themes","9":"product_cat-wordpress-themes","10":"product_tag-themeforest","11":"member-discount","12":"discount-restricted","14":"first","15":"instock","16":"sale","17":"downloadable","18":"virtual","19":"sold-individually","20":"purchasable","21":"product-type-simple"},"_links":{"self":[{"href":"https:\/\/gpl-love.com\/fr\/wp-json\/wp\/v2\/product\/113899","targetHints":{"allow":["GET"]}}],"collection":[{"href":"https:\/\/gpl-love.com\/fr\/wp-json\/wp\/v2\/product"}],"about":[{"href":"https:\/\/gpl-love.com\/fr\/wp-json\/wp\/v2\/types\/product"}],"replies":[{"embeddable":true,"href":"https:\/\/gpl-love.com\/fr\/wp-json\/wp\/v2\/comments?post=113899"}],"wp:featuredmedia":[{"embeddable":true,"href":"https:\/\/gpl-love.com\/fr\/wp-json\/wp\/v2\/media\/145586"}],"wp:attachment":[{"href":"https:\/\/gpl-love.com\/fr\/wp-json\/wp\/v2\/media?parent=113899"}],"wp:term":[{"taxonomy":"product_brand","embeddable":true,"href":"https:\/\/gpl-love.com\/fr\/wp-json\/wp\/v2\/product_brand?post=113899"},{"taxonomy":"product_cat","embeddable":true,"href":"https:\/\/gpl-love.com\/fr\/wp-json\/wp\/v2\/product_cat?post=113899"},{"taxonomy":"product_tag","embeddable":true,"href":"https:\/\/gpl-love.com\/fr\/wp-json\/wp\/v2\/product_tag?post=113899"}],"curies":[{"name":"wp","href":"https:\/\/api.w.org\/{rel}","templated":true}]}}