{"id":113888,"date":"2021-04-14T00:00:00","date_gmt":"2021-04-13T22:00:00","guid":{"rendered":"http:\/\/gpl-love.com\/fr\/produit\/soundrise-artists-producers-et-record-labels-wordpress-theme\/"},"modified":"2026-04-10T18:40:18","modified_gmt":"2026-04-10T16:40:18","slug":"soundrise-artists-producers-et-record-labels-wordpress-theme","status":"publish","type":"product","link":"https:\/\/gpl-love.com\/fr\/produit\/soundrise-artists-producers-et-record-labels-wordpress-theme\/","title":{"rendered":"SoundRise Artists Producers et Record Labels WordPress Theme 1.5.7"},"content":{"rendered":"<h3>SoundRise Artists Producers et Record Labels WordPress Theme Traits<\/h3>\n<p>Le th\u00e8me WordPress des artistes Soundrise Artistrise est un th\u00e8me incroyablement polyvalent et bond\u00e9 qui a \u00e9t\u00e9 sp\u00e9cialement con\u00e7u pour les professionnels de l&rsquo;industrie musicale. Il poss\u00e8de un design \u00e9l\u00e9gant et contemporain qui est pleinement r\u00e9actif et personnalisable, ce qui en fait un jeu d&rsquo;enfant \u00e0 fa\u00e7onner un site Web \u00e0 la fois unique et professionnel. Avec un \u00e9ventail d&rsquo;outils et de fonctionnalit\u00e9s robustes \u00e0 votre disposition, y compris l&rsquo;int\u00e9gration de joueurs musicaux sans couture, la gestion efficace des \u00e9v\u00e9nements, la discographie compl\u00e8te et la gestion des albums, ainsi que l&rsquo;int\u00e9gration des m\u00e9dias sociaux sans couture, Soundrise est ind\u00e9niablement la solution ultime pour les musiciens, les producteurs, les maisons de disques, et toute personne visant \u00e0 \u00e9tablir une formidable pr\u00e9sence en ligne dans les domaines de l&rsquo;industrie musicale. Que vos intentions tournent autour des produits de vente, de pr\u00e9sentation de vos efforts artistiques ou de forger des connexions avec votre base de fans, Soundrise fournit un package global qui r\u00e9pond \u00e0 chaque exigence que vous pourriez avoir afin de prosp\u00e9rer dans une industrie qui est notoirement comp\u00e9titive. .<\/p>\n<ul>\n<li>Th\u00e8me WordPress enti\u00e8rement personnalisable con\u00e7u sp\u00e9cifiquement pour les artistes, les producteurs et les maisons de disques dans l&rsquo;industrie musicale.<\/li>\n<li>Livr\u00e9 avec une vari\u00e9t\u00e9 de pages et de mod\u00e8les pr\u00e9d\u00e9finis, notamment des bios d&rsquo;artistes, des discographies, des dates de tourn\u00e9e et des sorties musicales.<\/li>\n<li>Comprend un g\u00e9n\u00e9rateur de page de glisser-d\u00e9poser intuitif qui facilite la cr\u00e9ation et la personnalisation des dispositions sans aucune connaissance de codage requise.<\/li>\n<li>Comprend un panneau d&rsquo;options de th\u00e8me puissant qui fournit un contr\u00f4le complet sur l&rsquo;apparence et la fonctionnalit\u00e9 du site, y compris les choix de polices, les sch\u00e9mas de couleurs et les options de mise en page.<\/li>\n<li>Prise en charge int\u00e9gr\u00e9e pour les plugins populaires li\u00e9s \u00e0 la musique comme WooCommerce, SoundCloud et Spotify, fournissant une int\u00e9gration transparente avec ces services.<\/li>\n<li>La conception sensible aux mobiles garantit que le site a fi\u00e8re allure sur tous les appareils, des smartphones aux ordinateurs de bureau.<\/li>\n<li>Support rapide et fiable des d\u00e9veloppeurs, avec des mises \u00e0 jour r\u00e9guli\u00e8res et des corrections de bogues pour garantir que le th\u00e8me reste \u00e0 jour avec les derni\u00e8res tendances et normes de s\u00e9curit\u00e9 WordPress.<\/li>\n<li>Des tutoriels de documentation et vid\u00e9o complets permettent aux utilisateurs de WordPress novices de commencer rapidement et facilement le th\u00e8me.<\/li>\n<li>Optimis\u00e9 pour les performances du r\u00e9f\u00e9rencement, avec un code propre et l\u00e9ger et un balisage de sch\u00e9ma int\u00e9gr\u00e9 pour aider votre site \u00e0 bien se classer dans les moteurs de recherche.<\/li>\n<\/ul>\n","protected":false},"excerpt":{"rendered":"<p>Si vous \u00eates \u00e0 la recherche d&rsquo;un th\u00e8me WordPress esth\u00e9tiquement agr\u00e9able et con\u00e7u pour des \u00e9tiquettes, alors votre recherche se termine ici avec Soundrise. Son design \u00e9l\u00e9gant et contemporain en fait un choix id\u00e9al pour afficher efficacement votre musique, vos marchandises et vos \u00e9v\u00e9nements \u00e0 venir. De plus, il poss\u00e8de un \u00e9ventail de fonctionnalit\u00e9s impressionnantes telles qu&rsquo;un lecteur audio int\u00e9gr\u00e9, la possibilit\u00e9 de personnaliser les pages et l&rsquo;int\u00e9gration transparente avec diverses plateformes de m\u00e9dias sociaux. Avec Soundrise, vous pouvez vraiment am\u00e9liorer votre pr\u00e9sence en ligne et \u00e9tablir une forte empreinte num\u00e9rique.<\/p>\n","protected":false},"featured_media":145308,"comment_status":"open","ping_status":"open","template":"","meta":[],"product_brand":[2433],"product_cat":[1242,1212,1213],"product_tag":[1366],"class_list":{"0":"post-113888","1":"product","2":"type-product","3":"status-publish","4":"has-post-thumbnail","6":"product_brand-themeforest","7":"product_cat-creatif","8":"product_cat-themes","9":"product_cat-wordpress-themes","10":"product_tag-themeforest","11":"member-discount","12":"discount-restricted","14":"first","15":"instock","16":"sale","17":"downloadable","18":"virtual","19":"sold-individually","20":"purchasable","21":"product-type-simple"},"_links":{"self":[{"href":"https:\/\/gpl-love.com\/fr\/wp-json\/wp\/v2\/product\/113888","targetHints":{"allow":["GET"]}}],"collection":[{"href":"https:\/\/gpl-love.com\/fr\/wp-json\/wp\/v2\/product"}],"about":[{"href":"https:\/\/gpl-love.com\/fr\/wp-json\/wp\/v2\/types\/product"}],"replies":[{"embeddable":true,"href":"https:\/\/gpl-love.com\/fr\/wp-json\/wp\/v2\/comments?post=113888"}],"wp:featuredmedia":[{"embeddable":true,"href":"https:\/\/gpl-love.com\/fr\/wp-json\/wp\/v2\/media\/145308"}],"wp:attachment":[{"href":"https:\/\/gpl-love.com\/fr\/wp-json\/wp\/v2\/media?parent=113888"}],"wp:term":[{"taxonomy":"product_brand","embeddable":true,"href":"https:\/\/gpl-love.com\/fr\/wp-json\/wp\/v2\/product_brand?post=113888"},{"taxonomy":"product_cat","embeddable":true,"href":"https:\/\/gpl-love.com\/fr\/wp-json\/wp\/v2\/product_cat?post=113888"},{"taxonomy":"product_tag","embeddable":true,"href":"https:\/\/gpl-love.com\/fr\/wp-json\/wp\/v2\/product_tag?post=113888"}],"curies":[{"name":"wp","href":"https:\/\/api.w.org\/{rel}","templated":true}]}}