{"id":113886,"date":"2025-10-21T00:00:00","date_gmt":"2025-10-20T22:00:00","guid":{"rendered":"http:\/\/gpl-love.com\/fr\/produit\/medizco-medical-health-et-dental-care-clinic-wordpress-theme\/"},"modified":"2026-03-20T23:24:19","modified_gmt":"2026-03-20T22:24:19","slug":"medizco-medical-health-et-dental-care-clinic-wordpress-theme","status":"publish","type":"product","link":"https:\/\/gpl-love.com\/fr\/produit\/medizco-medical-health-et-dental-care-clinic-wordpress-theme\/","title":{"rendered":"Medizco Medical Health et Dental Care Clinic WordPress Theme 3.7.1"},"content":{"rendered":"<h3>Medizco Medical Health et Dental Care Clinic WordPress Theme Traits<\/h3>\n<p>Le th\u00e8me WordPress Medical Medical Health and Dental Clinic poss\u00e8de un niveau de r\u00e9activit\u00e9 remarquablement \u00e9lev\u00e9 et une pl\u00e9thore d&rsquo;attributs personnalisables, ce qui en fait une option id\u00e9ale pour r\u00e9pondre aux exigences uniques des cliniques m\u00e9dicales et dentaires. Ses fonctionnalit\u00e9s de pointe, y compris la r\u00e9servation de rendez-vous, les profils de m\u00e9decins et les pages de service, permettent aux cliniques de g\u00e9rer sans effort leur pr\u00e9sence en ligne et d&rsquo;interagir efficacement avec leurs patients. De plus, ce th\u00e8me est \u00e9quip\u00e9 d&rsquo;une gamme de dispositions et de mod\u00e8les pr\u00e9-con\u00e7us, permettant \u00e0 une personnalisation facile de s&rsquo;aligner sur l&rsquo;image de marque et les sp\u00e9cifications individuelles distinctes de la clinique. Dans son int\u00e9gralit\u00e9, il est sans \u00e9quivoque \u00e9vident que le th\u00e8me Medizco repr\u00e9sente un choix exceptionnel pour toute organisation de soins de sant\u00e9 aspirant \u00e0 \u00e9tablir un site Web sophistiqu\u00e9 et ax\u00e9 sur l&rsquo;utilisateur.<\/p>\n<ul>\n<li>Th\u00e8me clinique con\u00e7u par des professionnels pour WordPress<\/li>\n<li>Conception de disposition et de page d&rsquo;accueil personnalisable<\/li>\n<li>Syst\u00e8me de r\u00e9servation de rendez-vous int\u00e9gr\u00e9<\/li>\n<li>Conception r\u00e9active mobile pour une visualisation optimale sur n&rsquo;importe quel appareil<\/li>\n<li>Plusieurs sch\u00e9mas de couleurs au choix<\/li>\n<li>Int\u00e9gration facile avec des plugins et des widgets populaires<\/li>\n<li>Fonctionnalit\u00e9 int\u00e9gr\u00e9e pour afficher les services de sant\u00e9 et les membres de l&rsquo;\u00e9quipe<\/li>\n<li>Section de blog facultative pour partager les nouvelles et les mises \u00e0 jour avec les patients<\/li>\n<li>Installation de contenu de d\u00e9monstration en un clic pour une configuration rapide<\/li>\n<li>Documentation compl\u00e8te et soutien de l&rsquo;\u00e9quipe Medizco.<\/li>\n<\/ul>\n","protected":false},"excerpt":{"rendered":"<p>Le th\u00e8me WordPress Medical Medical Health and Dental Clinic offre une solution compl\u00e8te et int\u00e9gr\u00e9e pour les \u00e9tablissements de sant\u00e9 visant \u00e0 cr\u00e9er une pr\u00e9sence en ligne poli et comp\u00e9tente. B\u00e9n\u00e9ficiant d&rsquo;une pl\u00e9thore de fonctionnalit\u00e9s personnalisables et r\u00e9actives, ce th\u00e8me int\u00e8gre des \u00e9l\u00e9ments de conception contemporains et sophistiqu\u00e9s, une navigation sans couture intuitive et une interface conviviale. De plus, il englobe un \u00e9ventail diversifi\u00e9 de fonctionnalit\u00e9s, telles que la r\u00e9servation de rendez-vous, la gestion des patients et les capacit\u00e9s de blog, ce qui le rend la s\u00e9lection ultime et par excellence pour un large \u00e9ventail de cliniques de soins de sant\u00e9, de cabinets m\u00e9dicaux, de pratiques dentaires et au-del\u00e0. Remarquablement, le th\u00e8me Medizco est \u00e9galement compatible pour les moteurs de recherche, garantissant une visibilit\u00e9 et une d\u00e9couverte accrue, tandis que son adaptabilit\u00e9 remarquable garantit qu&rsquo;elle peut facilement r\u00e9pondre aux exigences et sp\u00e9cifications uniques de tout site Web li\u00e9 aux soins de sant\u00e9.<\/p>\n","protected":false},"featured_media":144494,"comment_status":"open","ping_status":"open","template":"","meta":[],"product_brand":[2433],"product_cat":[1516,1212,1213],"product_tag":[1366],"class_list":{"0":"post-113886","1":"product","2":"type-product","3":"status-publish","4":"has-post-thumbnail","6":"product_brand-themeforest","7":"product_cat-entreprise","8":"product_cat-themes","9":"product_cat-wordpress-themes","10":"product_tag-themeforest","11":"member-discount","12":"discount-restricted","14":"first","15":"instock","16":"sale","17":"downloadable","18":"virtual","19":"sold-individually","20":"purchasable","21":"product-type-simple"},"_links":{"self":[{"href":"https:\/\/gpl-love.com\/fr\/wp-json\/wp\/v2\/product\/113886","targetHints":{"allow":["GET"]}}],"collection":[{"href":"https:\/\/gpl-love.com\/fr\/wp-json\/wp\/v2\/product"}],"about":[{"href":"https:\/\/gpl-love.com\/fr\/wp-json\/wp\/v2\/types\/product"}],"replies":[{"embeddable":true,"href":"https:\/\/gpl-love.com\/fr\/wp-json\/wp\/v2\/comments?post=113886"}],"wp:featuredmedia":[{"embeddable":true,"href":"https:\/\/gpl-love.com\/fr\/wp-json\/wp\/v2\/media\/144494"}],"wp:attachment":[{"href":"https:\/\/gpl-love.com\/fr\/wp-json\/wp\/v2\/media?parent=113886"}],"wp:term":[{"taxonomy":"product_brand","embeddable":true,"href":"https:\/\/gpl-love.com\/fr\/wp-json\/wp\/v2\/product_brand?post=113886"},{"taxonomy":"product_cat","embeddable":true,"href":"https:\/\/gpl-love.com\/fr\/wp-json\/wp\/v2\/product_cat?post=113886"},{"taxonomy":"product_tag","embeddable":true,"href":"https:\/\/gpl-love.com\/fr\/wp-json\/wp\/v2\/product_tag?post=113886"}],"curies":[{"name":"wp","href":"https:\/\/api.w.org\/{rel}","templated":true}]}}