{"id":113884,"date":"2021-08-09T00:00:00","date_gmt":"2021-08-08T22:00:00","guid":{"rendered":"http:\/\/gpl-love.com\/fr\/produit\/norebro-creative-multipurpose-wordpress-theme\/"},"modified":"2026-04-10T18:34:48","modified_gmt":"2026-04-10T16:34:48","slug":"norebro-creative-multipurpose-wordpress-theme","status":"publish","type":"product","link":"https:\/\/gpl-love.com\/fr\/produit\/norebro-creative-multipurpose-wordpress-theme\/","title":{"rendered":"Norebro Creative Multipurpose WordPress Theme 1.5.4"},"content":{"rendered":"<h3>Norebro Creative Multipurpose WordPress Theme Traits<\/h3>\n<p>Le th\u00e8me WordPress multipulaire Norebro Creative est un th\u00e8me incroyablement polyvalent et absolument \u00e9tonnant qui a \u00e9t\u00e9 con\u00e7u ing\u00e9nieusement pour r\u00e9pondre aux besoins de grande envergure des entreprises, des cr\u00e9atifs et m\u00eame des individus qui cherchent \u00e0 \u00e9tablir un vraiment beau, ind\u00e9niablement professionnel et exceptionnellement fonctionnel site Internet. Ce th\u00e8me exceptionnel poss\u00e8de un \u00e9ventail impressionnant de mod\u00e8les pr\u00e9-con\u00e7us et une vaste gamme d&rsquo;options de personnalisation, facilitant ainsi la cr\u00e9ation d&rsquo;un site Web vraiment distinctif et visuellement captivant. De plus, ce th\u00e8me est rempli d&rsquo;une pl\u00e9thore de fonctionnalit\u00e9s avanc\u00e9es telles qu&rsquo;un constructeur de pages glisser-d\u00e9poser remarquablement convivial, un assortiment de d\u00e9licieux widgets personnalis\u00e9s et un panneau d&rsquo;administration incroyablement puissant qui vous donne un contr\u00f4le in\u00e9gal\u00e9 sur chaque facette de votre site Web . En outre, il est crucial de souligner que ce th\u00e8me a \u00e9t\u00e9 m\u00e9ticuleusement con\u00e7u pour \u00eatre pleinement r\u00e9actif et m\u00e9ticuleusement optimis\u00e9 pour le r\u00e9f\u00e9rencement, garantissant que votre site Web semble non seulement visuellement \u00e9tonnant, mais atteint \u00e9galement un classement \u00e9minent sur les moteurs de recherche les plus populaires. Par cons\u00e9quent, que votre objectif soit d&rsquo;\u00e9tablir un blog engageant, un portefeuille impressionnant, une boutique en ligne s\u00e9duisante ou m\u00eame un site Web d&rsquo;entreprise polie, le th\u00e8me WordPress multipurpose Norebro Creative vous propulsera sans aucun doute la r\u00e9alisation de la r\u00e9alisation de chacun de vos objectifs et aspirations.<\/p>\n<ul>\n<li>Th\u00e8me WordPress hautement polyvalent et personnalisable<\/li>\n<li>Con\u00e7u pour les cr\u00e9atifs \u00e0 l&rsquo;esprit pour un impact maximal<\/li>\n<li>Comprend plusieurs dispositions de page d&rsquo;accueil et mod\u00e8les de page<\/li>\n<li>Comprend plus de 30 conceptions de d\u00e9monstration personnalisables pour relancer votre site Web<\/li>\n<li>Int\u00e9gration int\u00e9gr\u00e9e avec des plugins populaires comme WPBakery, le formulaire de contact 7 et WooCommerce<\/li>\n<li>Prend en charge plusieurs sch\u00e9mas de polices et de couleurs pour la personnalisation ultime<\/li>\n<li>Optimis\u00e9 pour les temps de chargement rapide et la r\u00e9activit\u00e9 mobile<\/li>\n<li>Comprend une documentation compl\u00e8te et une \u00e9quipe de soutien d\u00e9di\u00e9e \u00e0 l&rsquo;aide<\/li>\n<\/ul>\n","protected":false},"excerpt":{"rendered":"<p>Norebro est un th\u00e8me WordPress polyvalent cr\u00e9atif incroyablement polyvalent qui a \u00e9t\u00e9 m\u00e9ticuleusement con\u00e7u pour r\u00e9pondre aux divers besoins des blogueurs, des professionnels cr\u00e9atifs et des entreprises, en offrant une pl\u00e9thore de fonctionnalit\u00e9s et de fonctionnalit\u00e9s. Gr\u00e2ce \u00e0 son constructeur de pages glisser-d\u00e9coller remarquablement convivial et intuitif, une vaste collection de mod\u00e8les pr\u00e9d\u00e9finis et une abondance d&rsquo;options de personnalisation, vous avez le pouvoir de cr\u00e9er sans effort et rapidement des sites Web frappants visuellement qui sont confront\u00e9s \u00e0 captiver captivants et sans effort et rapidement et se diff\u00e9rencier de la comp\u00e9tition. Peu importe que vous aspirez \u00e0 lancer un portefeuille en ligne captivant, \u00e0 \u00e9tablir une solide pr\u00e9sence en ligne pour votre entreprise, ou \u00e0 montrer fi\u00e8rement vos cr\u00e9ations imaginatives et artistiques, Norebro est fi\u00e8rement la solution ultime qui r\u00e9pondra \u00e0 vos exigences uniques. De plus, avec une int\u00e9gration transparente avec les plugins WordPress les plus populaires, Norebro garantit que votre site Web est enti\u00e8rement r\u00e9actif et optimis\u00e9 avec diligence pour les moteurs de recherche, garantissant un attrait visuel exceptionnel et des performances optimales sur tous les appareils.<\/p>\n","protected":false},"featured_media":144825,"comment_status":"open","ping_status":"open","template":"","meta":[],"product_brand":[2433],"product_cat":[1214,1212,1213],"product_tag":[1366],"class_list":{"0":"post-113884","1":"product","2":"type-product","3":"status-publish","4":"has-post-thumbnail","6":"product_brand-themeforest","7":"product_cat-polyvalent","8":"product_cat-themes","9":"product_cat-wordpress-themes","10":"product_tag-themeforest","11":"member-discount","12":"discount-restricted","14":"first","15":"instock","16":"sale","17":"downloadable","18":"virtual","19":"sold-individually","20":"purchasable","21":"product-type-simple"},"_links":{"self":[{"href":"https:\/\/gpl-love.com\/fr\/wp-json\/wp\/v2\/product\/113884","targetHints":{"allow":["GET"]}}],"collection":[{"href":"https:\/\/gpl-love.com\/fr\/wp-json\/wp\/v2\/product"}],"about":[{"href":"https:\/\/gpl-love.com\/fr\/wp-json\/wp\/v2\/types\/product"}],"replies":[{"embeddable":true,"href":"https:\/\/gpl-love.com\/fr\/wp-json\/wp\/v2\/comments?post=113884"}],"wp:featuredmedia":[{"embeddable":true,"href":"https:\/\/gpl-love.com\/fr\/wp-json\/wp\/v2\/media\/144825"}],"wp:attachment":[{"href":"https:\/\/gpl-love.com\/fr\/wp-json\/wp\/v2\/media?parent=113884"}],"wp:term":[{"taxonomy":"product_brand","embeddable":true,"href":"https:\/\/gpl-love.com\/fr\/wp-json\/wp\/v2\/product_brand?post=113884"},{"taxonomy":"product_cat","embeddable":true,"href":"https:\/\/gpl-love.com\/fr\/wp-json\/wp\/v2\/product_cat?post=113884"},{"taxonomy":"product_tag","embeddable":true,"href":"https:\/\/gpl-love.com\/fr\/wp-json\/wp\/v2\/product_tag?post=113884"}],"curies":[{"name":"wp","href":"https:\/\/api.w.org\/{rel}","templated":true}]}}