{"id":113882,"date":"2025-07-01T00:00:00","date_gmt":"2025-06-30T22:00:00","guid":{"rendered":"http:\/\/gpl-love.com\/fr\/produit\/once-clean-et-elegant-wordpress-blog-theme\/"},"modified":"2026-04-10T18:35:14","modified_gmt":"2026-04-10T16:35:14","slug":"once-clean-et-elegant-wordpress-blog-theme","status":"publish","type":"product","link":"https:\/\/gpl-love.com\/fr\/produit\/once-clean-et-elegant-wordpress-blog-theme\/","title":{"rendered":"Once Clean et Elegant WordPress Blog Theme 1.3.0"},"content":{"rendered":"<h3>Once Clean et Elegant WordPress Blog Theme Traits<\/h3>\n<p>Une fois, c&rsquo;est un th\u00e8me de blog WordPress con\u00e7u et impeccablement poli qui offre une esth\u00e9tique contemporaine et discr\u00e8te, ce qui le rend un choix id\u00e9al pour les blogueurs aspirant \u00e0 pr\u00e9senter leur contenu d&rsquo;une mani\u00e8re simple et sophistiqu\u00e9e. Le th\u00e8me poss\u00e8de une disposition remarquablement adaptable qui s&rsquo;adapte parfaitement \u00e0 diverses tailles d&rsquo;\u00e9cran, garantissant ainsi que votre blog estim\u00e9 brille sur tous les appareils sans compromis. De plus, arm\u00e9 d&rsquo;une myriade d&rsquo;options de personnalisation, y compris une pl\u00e9thore de choix de mise en page et un vaste \u00e9ventail de sch\u00e9mas de couleurs, vous pouvez adapter sans effort une fois pour s&rsquo;aligner parfaitement avec votre vision distincte et vos inclinations artistiques. Il convient \u00e9galement de noter que ce th\u00e8me extraordinaire a \u00e9t\u00e9 m\u00e9ticuleusement affin\u00e9 pour \u00eatre optimis\u00e9 par moteur de recherche, garantissant ainsi que votre contenu pr\u00e9cieux est accord\u00e9 une exposition maximale \u00e0 un public consid\u00e9rablement plus large. Collectivement, ces attributs impressionnants fonctionnent en tandem harmonieux, aboutissant \u00e0 une fois en \u00e9mergeant comme une s\u00e9lection in\u00e9gal\u00e9e pour les blogueurs \u00e0 la recherche d&rsquo;un site Web \u00e9l\u00e9gant et avant-gardiste sans effort qui positionne sans \u00e9quivoque leur contenu exceptionnel comme point focal sans \u00e9quivoque.<\/p>\n<ul>\n<li>Design beau et professionnel qui est parfait pour les blogueurs<\/li>\n<li>Disposition enti\u00e8rement r\u00e9active qui a fi\u00e8re allure sur n&rsquo;importe quel appareil<\/li>\n<li>Design propre et minimaliste qui se concentre sur le contenu du blog<\/li>\n<li>Facile \u00e0 personnaliser avec une vari\u00e9t\u00e9 d&rsquo;options pour les couleurs, les polices et les dispositions<\/li>\n<li>Comprend plusieurs widgets personnalis\u00e9s, y compris un widget postal et des ic\u00f4nes de m\u00e9dias sociaux<\/li>\n<li>Facile \u00e0 installer avec un importateur de d\u00e9monstration en un clic qui fait fonctionner votre blog rapidement<\/li>\n<li>Optimis\u00e9 pour les temps de chargement de pages rapides pour assurer une excellente exp\u00e9rience utilisateur<\/li>\n<li>Livr\u00e9 avec des mises \u00e0 jour r\u00e9guli\u00e8res et un excellent support client pour vous assurer que vous avez toujours acc\u00e8s aux derni\u00e8res fonctionnalit\u00e9s et correctifs<\/li>\n<li>SEO optimis\u00e9 avec une base de code propre qui vous aidera \u00e0 vous classer plus haut dans les r\u00e9sultats du moteur de recherche<\/li>\n<li>Comprend une vari\u00e9t\u00e9 de formats de publication, y compris la vid\u00e9o, l&rsquo;audio et la galerie, pour rendre votre blog plus attrayant et dynamique.<\/li>\n<\/ul>\n","protected":false},"excerpt":{"rendered":"<p>Pr\u00e9sentation du th\u00e8me du blog WordPress exquis et captivant WordPress, une plate-forme remarquable qui accentue sans effort votre contenu convaincant d&rsquo;une mani\u00e8re raffin\u00e9e et \u00e9pur\u00e9e. Ce th\u00e8me exceptionnel se vante d&rsquo;un design simpliste et de bon go\u00fbt, m\u00e9ticuleusement con\u00e7u pour hi\u00e9rarchiser vos mots \u00e9loquents et des images captivantes, leur accordant l&rsquo;importance qu&rsquo;ils m\u00e9ritent. De plus, cette cr\u00e9ation remarquable offre une personnalisation in\u00e9gal\u00e9e, vous permettant d&rsquo;infuser votre essence unique et de la personnaliser \u00e0 la perfection. Ajoutant \u00e0 son allure, le th\u00e8me poss\u00e8de une interface r\u00e9active, ing\u00e9nieusement optimis\u00e9e pour assurer une exp\u00e9rience de lecture exceptionnelle pour votre public ch\u00e9ri, qu&rsquo;il choisisse de se livrer \u00e0 votre blog captivant sur leur de bureau fid\u00e8le ou son appareil mobile pratique. N&rsquo;h\u00e9sitez pas, saisissez l&rsquo;opportunit\u00e9 et acquisez le th\u00e8me du blog WordPress d&rsquo;entr\u00e9e ph\u00e9nom\u00e9nal aujourd&rsquo;hui, vous permettant de partager en toute confiance vos contes passionnants avec la vaste \u00e9tendue du monde.<\/p>\n","protected":false},"featured_media":144861,"comment_status":"open","ping_status":"open","template":"","meta":[],"product_brand":[2433],"product_cat":[1220,1212,1213],"product_tag":[1366],"class_list":{"0":"post-113882","1":"product","2":"type-product","3":"status-publish","4":"has-post-thumbnail","6":"product_brand-themeforest","7":"product_cat-blog-magazine","8":"product_cat-themes","9":"product_cat-wordpress-themes","10":"product_tag-themeforest","11":"member-discount","12":"discount-restricted","14":"first","15":"instock","16":"sale","17":"downloadable","18":"virtual","19":"sold-individually","20":"purchasable","21":"product-type-simple"},"_links":{"self":[{"href":"https:\/\/gpl-love.com\/fr\/wp-json\/wp\/v2\/product\/113882","targetHints":{"allow":["GET"]}}],"collection":[{"href":"https:\/\/gpl-love.com\/fr\/wp-json\/wp\/v2\/product"}],"about":[{"href":"https:\/\/gpl-love.com\/fr\/wp-json\/wp\/v2\/types\/product"}],"replies":[{"embeddable":true,"href":"https:\/\/gpl-love.com\/fr\/wp-json\/wp\/v2\/comments?post=113882"}],"wp:featuredmedia":[{"embeddable":true,"href":"https:\/\/gpl-love.com\/fr\/wp-json\/wp\/v2\/media\/144861"}],"wp:attachment":[{"href":"https:\/\/gpl-love.com\/fr\/wp-json\/wp\/v2\/media?parent=113882"}],"wp:term":[{"taxonomy":"product_brand","embeddable":true,"href":"https:\/\/gpl-love.com\/fr\/wp-json\/wp\/v2\/product_brand?post=113882"},{"taxonomy":"product_cat","embeddable":true,"href":"https:\/\/gpl-love.com\/fr\/wp-json\/wp\/v2\/product_cat?post=113882"},{"taxonomy":"product_tag","embeddable":true,"href":"https:\/\/gpl-love.com\/fr\/wp-json\/wp\/v2\/product_tag?post=113882"}],"curies":[{"name":"wp","href":"https:\/\/api.w.org\/{rel}","templated":true}]}}