{"id":113880,"date":"2025-11-17T00:00:00","date_gmt":"2025-11-16T23:00:00","guid":{"rendered":"http:\/\/gpl-love.com\/fr\/produit\/riode-multi-purpose-woocommerce-theme\/"},"modified":"2026-03-20T23:34:07","modified_gmt":"2026-03-20T22:34:07","slug":"riode-multi-purpose-woocommerce-theme","status":"publish","type":"product","link":"https:\/\/gpl-love.com\/fr\/produit\/riode-multi-purpose-woocommerce-theme\/","title":{"rendered":"Riode Multi-Purpose WooCommerce Theme 1.6.26"},"content":{"rendered":"<h3>Riode Multi-Purpose WooCommerce Theme Traits<\/h3>\n<p>Le th\u00e8me WooCommerce polyvalent Riode, un th\u00e8me de commerce \u00e9lectronique tr\u00e8s adaptable et formidable sp\u00e9cifiquement con\u00e7u pour les sites Web WordPress, pr\u00e9sente une pl\u00e9thore d&rsquo;options personnalisables et de fonctionnalit\u00e9s de pointe qui vous permettent de fa\u00e7onner une boutique en ligne distinctive et captivante qui surpasse le concours. B\u00e9n\u00e9ficiant d&rsquo;un design vierge et contemporain, ainsi que d&rsquo;options de mise en page flexibles et d&rsquo;une interface intuitive, le th\u00e8me Riode rationalise le processus de pr\u00e9sentation de vos produits et de cr\u00e9ation d&rsquo;une exp\u00e9rience d&rsquo;achat sans couture pour votre client\u00e8le estim\u00e9e. Ind\u00e9pendamment de la gestion des produits physiques ou des marchandises num\u00e9riques, le th\u00e8me Riode r\u00e9pond \u00e0 vos besoins avec un \u00e9ventail impressionnant de fonctionnalit\u00e9s robustes, y compris des filtres de produit, des capacit\u00e9s de vue rapide et des fonctionnalit\u00e9s de liste de souhaits, tous visant \u00e0 renforcer vos chiffres de vente et \u00e0 propulser la croissance de votre entreprise. Par cons\u00e9quent, si vous nourrissez le d\u00e9sir d&rsquo;un th\u00e8me WooCommerce fiable et riche en fonctionnalit\u00e9s pour votre boutique en ligne, le th\u00e8me WooCommerce Riode multiplesse peut \u00eatre pr\u00e9cis\u00e9ment ce que vous cherchez.<\/p>\n<ul>\n<li>Conception enti\u00e8rement r\u00e9active et adapt\u00e9e aux mobiles.<\/li>\n<li>Compatible avec la derni\u00e8re version de WooCommerce.<\/li>\n<li>Livr\u00e9 avec plus de 15 sites Web de d\u00e9monstration pr\u00e9d\u00e9finis pour diverses niches.<\/li>\n<li>Facile \u00e0 utiliser avec un g\u00e9n\u00e9rateur de page de glisser-d\u00e9poser.<\/li>\n<li>S&rsquo;int\u00e8gre aux plugins WordPress populaires comme le formulaire de contact 7 et WPML.<\/li>\n<li>Prise en charge Mega Menu int\u00e9gr\u00e9e pour une navigation facile.<\/li>\n<li>Options de disposition flexibles avec plusieurs styles d&rsquo;en-t\u00eate et de pied de page.<\/li>\n<li>Options de typographie avanc\u00e9es avec l&rsquo;int\u00e9gration des polices Google.<\/li>\n<li>Optimis\u00e9 pour le r\u00e9f\u00e9rencement avec un balisage de sch\u00e9ma et des temps de chargement rapide.<\/li>\n<li>Documentation approfondie et \u00e9quipe de soutien d\u00e9di\u00e9e.<\/li>\n<\/ul>\n","protected":false},"excerpt":{"rendered":"<p>Le th\u00e8me WooCommerce multi-usage Riode, \u00e9tant un th\u00e8me tr\u00e8s polyvalent et personnalisable, a \u00e9t\u00e9 exclusivement con\u00e7u pour r\u00e9pondre aux besoins des magasins WooCommerce. Il poss\u00e8de une vaste gamme de fonctionnalit\u00e9s et d&rsquo;options, englobant diverses dispositions de page d&rsquo;accueil, divers styles de pages de produits et capacit\u00e9s de personnalisation conviviales. De plus, ce th\u00e8me exceptionnel est enti\u00e8rement r\u00e9actif et m\u00e9ticuleusement optimis\u00e9 pour am\u00e9liorer les performances, garantissant ainsi une exp\u00e9rience d&rsquo;achat ininterrompue et sans couture pour vos clients estim\u00e9s sur tous les appareils. Avec ses fonctionnalit\u00e9s robustes et sa documentation compl\u00e8te, le th\u00e8me WooCommerce multi-usage Riode appara\u00eet sans aucun doute comme la solution ultime pour les magasins en ligne qui aspirent \u00e0 offrir une exp\u00e9rience de magasinage professionnelle et impeccable.<\/p>\n","protected":false},"featured_media":145138,"comment_status":"open","ping_status":"open","template":"","meta":[],"product_brand":[2433],"product_cat":[1238,1372,1212],"product_tag":[1366],"class_list":{"0":"post-113880","1":"product","2":"type-product","3":"status-publish","4":"has-post-thumbnail","6":"product_brand-themeforest","7":"product_cat-commerce-electronique-themes","8":"product_cat-polyvalent-commerce-electronique-themes","9":"product_cat-themes","10":"product_tag-themeforest","11":"member-discount","12":"discount-restricted","14":"first","15":"instock","16":"sale","17":"downloadable","18":"virtual","19":"sold-individually","20":"purchasable","21":"product-type-simple"},"_links":{"self":[{"href":"https:\/\/gpl-love.com\/fr\/wp-json\/wp\/v2\/product\/113880","targetHints":{"allow":["GET"]}}],"collection":[{"href":"https:\/\/gpl-love.com\/fr\/wp-json\/wp\/v2\/product"}],"about":[{"href":"https:\/\/gpl-love.com\/fr\/wp-json\/wp\/v2\/types\/product"}],"replies":[{"embeddable":true,"href":"https:\/\/gpl-love.com\/fr\/wp-json\/wp\/v2\/comments?post=113880"}],"wp:featuredmedia":[{"embeddable":true,"href":"https:\/\/gpl-love.com\/fr\/wp-json\/wp\/v2\/media\/145138"}],"wp:attachment":[{"href":"https:\/\/gpl-love.com\/fr\/wp-json\/wp\/v2\/media?parent=113880"}],"wp:term":[{"taxonomy":"product_brand","embeddable":true,"href":"https:\/\/gpl-love.com\/fr\/wp-json\/wp\/v2\/product_brand?post=113880"},{"taxonomy":"product_cat","embeddable":true,"href":"https:\/\/gpl-love.com\/fr\/wp-json\/wp\/v2\/product_cat?post=113880"},{"taxonomy":"product_tag","embeddable":true,"href":"https:\/\/gpl-love.com\/fr\/wp-json\/wp\/v2\/product_tag?post=113880"}],"curies":[{"name":"wp","href":"https:\/\/api.w.org\/{rel}","templated":true}]}}