{"id":113878,"date":"2021-04-14T00:00:00","date_gmt":"2021-04-13T22:00:00","guid":{"rendered":"http:\/\/gpl-love.com\/fr\/produit\/seolounge-seo-agency-wordpress-theme\/"},"modified":"2026-04-10T18:39:18","modified_gmt":"2026-04-10T16:39:18","slug":"seolounge-seo-agency-wordpress-theme","status":"publish","type":"product","link":"https:\/\/gpl-love.com\/fr\/produit\/seolounge-seo-agency-wordpress-theme\/","title":{"rendered":"SEOLounge SEO Agency WordPress Theme 3.0.2"},"content":{"rendered":"<h3>SEOLounge SEO Agency WordPress Theme Traits<\/h3>\n<p>Seolounge, un th\u00e8me WordPress de l&rsquo;agence de r\u00e9f\u00e9rencement, a \u00e9t\u00e9 complexe pour aider les entreprises \u00e0 atteindre leurs objectifs en ligne. B\u00e9n\u00e9ficiant d&rsquo;un \u00e9ventail de fonctionnalit\u00e9s, ce th\u00e8me est non seulement r\u00e9actif mais aussi enti\u00e8rement personnalisable, ce qui lui permet de r\u00e9pondre aux exigences distinctives d&rsquo;une agence de r\u00e9f\u00e9rencement. Impeccablement construit dans l&rsquo;adh\u00e9sion aux derni\u00e8res normes de l&rsquo;industrie, Seolounge adopte une approche contemporaine de la conception du site Web, mettant l&rsquo;accent sur l&rsquo;exp\u00e9rience utilisateur et les fonctionnalit\u00e9s. Gr\u00e2ce \u00e0 ce th\u00e8me, les entreprises peuvent pr\u00e9senter sans effort leurs services, leurs t\u00e9moignages de services, de prix, de prix et de clients d&rsquo;une mani\u00e8re ind\u00e9niablement professionnelle et captivante. De plus, l&rsquo;incorporation des fonctionnalit\u00e9s d&rsquo;optimisation du r\u00e9f\u00e9rencement dans le th\u00e8me offre aux entreprises les moyens d&rsquo;am\u00e9liorer le classement des moteurs de recherche de leur site Web et d&rsquo;amplifier ensuite leur visibilit\u00e9 en ligne. En outre, Seolounge est accompagn\u00e9 d&rsquo;une fonction d&rsquo;importation de d\u00e9monstration en un clic, ce qui rend le processus de cr\u00e9ation de sites Web une entreprise sans couture et simple. Tout bien consid\u00e9r\u00e9, Seolounge est un th\u00e8me WordPress fiable et de tout c\u0153ur recommand\u00e9 pour toute agence de r\u00e9f\u00e9rencement aspirant \u00e0 fabriquer un site Web s\u00e9duisant qui captive et persuade sans effort ses visiteurs.<\/p>\n<ul>\n<li>Th\u00e8me WordPress con\u00e7u par des professionnels sp\u00e9cifiquement pour les agences de r\u00e9f\u00e9rencement<\/li>\n<li>Options de disposition et de conception hautement personnalisables<\/li>\n<li>Int\u00e9gr\u00e9 aux outils et plugins SEO populaires pour une optimisation facile du site Web<\/li>\n<li>Comprend des pages pr\u00e9d\u00e9finies pour les services, le portefeuille, les membres de l&rsquo;\u00e9quipe et plus<\/li>\n<li>Conception conviviale et r\u00e9active pour une exp\u00e9rience utilisateur optimale<\/li>\n<li>Optimis\u00e9 pour les vitesses de chargement rapide et le classement des moteurs de recherche<\/li>\n<li>Importation de d\u00e9monstration en un clic pour une configuration rapide et facile<\/li>\n<li>Comprend le support client et la documentation pour une assistance avec la configuration et la personnalisation du th\u00e8me<\/li>\n<li>Mises \u00e0 jour et am\u00e9liorations r\u00e9guli\u00e8res pour respecter les normes et les tendances de l&rsquo;industrie<\/li>\n<li>Compatible avec les derni\u00e8res versions de WordPress et des navigateurs populaires<\/li>\n<\/ul>\n","protected":false},"excerpt":{"rendered":"<p>Seolounge, un th\u00e8me WordPress de premier ordre m\u00e9ticuleusement con\u00e7u exclusivement pour les agences de r\u00e9f\u00e9rencement, poss\u00e8de un design exquis et contemporain ainsi qu&rsquo;une pl\u00e9thore de fonctionnalit\u00e9s robustes, servant ainsi de catalyseur dans la pr\u00e9sentation de votre \u00e9ventail de services de mani\u00e8re approfondie et captivante et captivante, en captivant donc des clients potentiels sans effort. Entra\u00eenant un assortiment d&rsquo;attributs remarquables, comprenant une page d&rsquo;accueil sur mesure, une section impressionnante de t\u00e9moignages, des pages de services d\u00e9di\u00e9es, un blog dynamique et plusieurs autres \u00e9l\u00e9ments remarquables, Seolounge va au-del\u00e0 de la satisfaction de tous les besoins de cr\u00e9ation de votre site Web. De plus, ce th\u00e8me extraordinaire est pleinement r\u00e9actif et m\u00e9ticuleusement optimis\u00e9 pour le r\u00e9f\u00e9rencement, garantissant ainsi une adaptabilit\u00e9 transparente et des performances optimales sur tous les appareils, quelles que soient leurs sp\u00e9cifications. Pr\u00e9parez-vous pour une perc\u00e9e sans pr\u00e9c\u00e9dent dans la trajectoire de votre agence en ornant votre paysage virtuel avec les prouesses extraordinaires de Seolounge.<\/p>\n","protected":false},"featured_media":145221,"comment_status":"open","ping_status":"open","template":"","meta":[],"product_brand":[2433],"product_cat":[1242,1212,1213],"product_tag":[1366],"class_list":{"0":"post-113878","1":"product","2":"type-product","3":"status-publish","4":"has-post-thumbnail","6":"product_brand-themeforest","7":"product_cat-creatif","8":"product_cat-themes","9":"product_cat-wordpress-themes","10":"product_tag-themeforest","11":"member-discount","12":"discount-restricted","14":"first","15":"instock","16":"sale","17":"downloadable","18":"virtual","19":"sold-individually","20":"purchasable","21":"product-type-simple"},"_links":{"self":[{"href":"https:\/\/gpl-love.com\/fr\/wp-json\/wp\/v2\/product\/113878","targetHints":{"allow":["GET"]}}],"collection":[{"href":"https:\/\/gpl-love.com\/fr\/wp-json\/wp\/v2\/product"}],"about":[{"href":"https:\/\/gpl-love.com\/fr\/wp-json\/wp\/v2\/types\/product"}],"replies":[{"embeddable":true,"href":"https:\/\/gpl-love.com\/fr\/wp-json\/wp\/v2\/comments?post=113878"}],"wp:featuredmedia":[{"embeddable":true,"href":"https:\/\/gpl-love.com\/fr\/wp-json\/wp\/v2\/media\/145221"}],"wp:attachment":[{"href":"https:\/\/gpl-love.com\/fr\/wp-json\/wp\/v2\/media?parent=113878"}],"wp:term":[{"taxonomy":"product_brand","embeddable":true,"href":"https:\/\/gpl-love.com\/fr\/wp-json\/wp\/v2\/product_brand?post=113878"},{"taxonomy":"product_cat","embeddable":true,"href":"https:\/\/gpl-love.com\/fr\/wp-json\/wp\/v2\/product_cat?post=113878"},{"taxonomy":"product_tag","embeddable":true,"href":"https:\/\/gpl-love.com\/fr\/wp-json\/wp\/v2\/product_tag?post=113878"}],"curies":[{"name":"wp","href":"https:\/\/api.w.org\/{rel}","templated":true}]}}