{"id":113874,"date":"2026-01-10T00:00:00","date_gmt":"2026-01-09T23:00:00","guid":{"rendered":"http:\/\/gpl-love.com\/fr\/produit\/ungrabber-content-protection-pour-wordpress\/"},"modified":"2026-04-10T18:44:23","modified_gmt":"2026-04-10T16:44:23","slug":"ungrabber-content-protection-pour-wordpress","status":"publish","type":"product","link":"https:\/\/gpl-love.com\/fr\/produit\/ungrabber-content-protection-pour-wordpress\/","title":{"rendered":"UnGrabber Content Protection pour WordPress 3.1.4"},"content":{"rendered":"<h3>UnGrabber Content Protection pour WordPress Traits<\/h3>\n<p>La protection de contenu non grabber pour WordPress s&rsquo;av\u00e8re \u00eatre un outil extr\u00eamement puissant qui aide efficacement les personnes qui exploitent des sites Web pour prot\u00e9ger leur contenu pr\u00e9cieux \u00e0 partir de la duplication ou du vol non autoris\u00e9. En incorporant ce plugin, les utilisateurs ont la capacit\u00e9 de g\u00eaner sans effort le clic droit, de limiter la s\u00e9lection de texte et m\u00eame de r\u00e9duire l&rsquo;utilisation des raccourcis clavier sur leurs sites Web respectifs, ce qui le rend presque insurmontable pour que les malfaiteurs potentiels mettent en mal leur contenu. En outre, Ungrabber propose un \u00e9ventail de fonctionnalit\u00e9s avanc\u00e9es qui permettent aux utilisateurs de cacher du contenu \u00e0 des individus ou \u00e0 des groupes sp\u00e9cifiques, \u00e0 \u00e9tablir des messages personnalis\u00e9s pour un contenu obstru\u00e9, et bien plus encore. L&rsquo;installation et l&rsquo;utilisation de ce plugin s&rsquo;av\u00e8rent \u00eatre des efforts sans tracas, et il s&rsquo;int\u00e8gre de mani\u00e8re transparente \u00e0 tous les th\u00e8mes et plugins WordPress. Pour les personnes qui cherchent \u00e0 fortifier le contenu de leur site Web et \u00e0 pr\u00e9empter tous les cas de plagiat, la protection de contenu non grabber pour WordPress appara\u00eet comme la solution par excellence.<\/p>\n<ul>\n<li>Prot\u00e9gez le contenu de votre site Web contre la copie ou le vol\u00e9 avec une protection de contenu non grabber pour WordPress.<\/li>\n<li>Facile \u00e0 installer et \u00e0 configurer, sans aucune connaissance de codage requise.<\/li>\n<li>Choisissez parmi une gamme d&rsquo;options de protection, y compris la protection du clic droit, la protection de s\u00e9lection de texte et la protection de l&rsquo;image.<\/li>\n<li>Les param\u00e8tres personnalisables vous permettent d&rsquo;adapter la protection \u00e0 vos besoins sp\u00e9cifiques.<\/li>\n<li>Compatible avec tous les principaux navigateurs et appareils, garantissant que votre contenu reste s\u00e9curis\u00e9, peu importe comment il est accessible.<\/li>\n<li>Suivre et surveiller les tentatives de copier ou de voler votre contenu avec des analyses et des rapports d\u00e9taill\u00e9s.<\/li>\n<li>Les mises \u00e0 jour r\u00e9guli\u00e8res et le soutien de l&rsquo;\u00e9quipe Ungrabber garantissent que votre protection reste \u00e0 jour et efficace.<\/li>\n<li>Restez une longueur d&rsquo;avance sur les voleurs de contenu et maintenez le contr\u00f4le total de votre pr\u00e9cieux contenu avec une protection de contenu sans graber pour WordPress.<\/li>\n<\/ul>\n","protected":false},"excerpt":{"rendered":"<p>La protection de contenu Ungrabber pour WordPress est un outil incroyablement robuste et tr\u00e8s efficace qui a \u00e9t\u00e9 m\u00e9ticuleusement con\u00e7u pour prot\u00e9ger le contenu pr\u00e9cieux de votre site Web. En tirant parti de la puissance de ce plugin remarquable, vous pouvez prot\u00e9ger sans effort votre texte, vos images et divers \u00e9l\u00e9ments m\u00e9diatiques de la copie ou du t\u00e9l\u00e9chargement non autoris\u00e9, confirmant ainsi le caract\u00e8re sacr\u00e9 de votre propri\u00e9t\u00e9 intellectuelle. Cette solution ing\u00e9nieuse garantit l&rsquo;exclusivit\u00e9 absolue de votre contenu, vous permettant d&rsquo;\u00e9tablir et de maintenir la propri\u00e9t\u00e9 non dilu\u00e9e sur vos actifs num\u00e9riques. S&rsquo;int\u00e9grant de mani\u00e8re transparente avec votre plate-forme WordPress, ce plugin offre une facilit\u00e9 de configuration in\u00e9gal\u00e9e, vous permettant d&rsquo;adapter ses fonctionnalit\u00e9s pr\u00e9cis\u00e9ment \u00e0 vos besoins sp\u00e9cifiques. Ne retardz plus &#8211; prenez des mesures d\u00e9cisives aujourd&rsquo;hui et fortifiez la protection de votre contenu inestimable en adoptant la remarquable protection de contenu non grabber pour WordPress.<\/p>\n","protected":false},"featured_media":145657,"comment_status":"open","ping_status":"open","template":"","meta":[],"product_brand":[2435],"product_cat":[1187,1181,1186],"product_tag":[1231],"class_list":{"0":"post-113874","1":"product","2":"type-product","3":"status-publish","4":"has-post-thumbnail","6":"product_brand-codecanyon","7":"product_cat-administration-wordpress-plugins","8":"product_cat-plugins","9":"product_cat-wordpress-plugins","10":"product_tag-codecanyon","11":"member-discount","12":"discount-restricted","14":"first","15":"instock","16":"sale","17":"downloadable","18":"virtual","19":"sold-individually","20":"purchasable","21":"product-type-simple"},"_links":{"self":[{"href":"https:\/\/gpl-love.com\/fr\/wp-json\/wp\/v2\/product\/113874","targetHints":{"allow":["GET"]}}],"collection":[{"href":"https:\/\/gpl-love.com\/fr\/wp-json\/wp\/v2\/product"}],"about":[{"href":"https:\/\/gpl-love.com\/fr\/wp-json\/wp\/v2\/types\/product"}],"replies":[{"embeddable":true,"href":"https:\/\/gpl-love.com\/fr\/wp-json\/wp\/v2\/comments?post=113874"}],"wp:featuredmedia":[{"embeddable":true,"href":"https:\/\/gpl-love.com\/fr\/wp-json\/wp\/v2\/media\/145657"}],"wp:attachment":[{"href":"https:\/\/gpl-love.com\/fr\/wp-json\/wp\/v2\/media?parent=113874"}],"wp:term":[{"taxonomy":"product_brand","embeddable":true,"href":"https:\/\/gpl-love.com\/fr\/wp-json\/wp\/v2\/product_brand?post=113874"},{"taxonomy":"product_cat","embeddable":true,"href":"https:\/\/gpl-love.com\/fr\/wp-json\/wp\/v2\/product_cat?post=113874"},{"taxonomy":"product_tag","embeddable":true,"href":"https:\/\/gpl-love.com\/fr\/wp-json\/wp\/v2\/product_tag?post=113874"}],"curies":[{"name":"wp","href":"https:\/\/api.w.org\/{rel}","templated":true}]}}