{"id":113870,"date":"2026-04-07T00:00:00","date_gmt":"2026-04-06T22:00:00","guid":{"rendered":"http:\/\/gpl-love.com\/fr\/produit\/store-locator-google-maps-for-wordpress\/"},"modified":"2026-04-10T18:40:34","modified_gmt":"2026-04-10T16:40:34","slug":"store-locator-google-maps-for-wordpress","status":"publish","type":"product","link":"https:\/\/gpl-love.com\/fr\/produit\/store-locator-google-maps-for-wordpress\/","title":{"rendered":"Agile Store Locator 5.2.1"},"content":{"rendered":"<h3>Agile Store Locator Traits<\/h3>\n<p>Le plugin Google Maps Maps for WordPress de Store est un outil tr\u00e8s robuste et formidable qui offre une multitude de fonctionnalit\u00e9s, permettant une incorporation sans effort d&rsquo;une fonction de localisateur de magasin dans votre site Web WordPress. Ce plugin exceptionnel vous permet de donner \u00e0 vos clients estim\u00e9s un moyen transparent et rapide de localiser vos diff\u00e9rents magasins ou prises dans une interface de carte. Alors qu&rsquo;il s&rsquo;int\u00e8gre de mani\u00e8re transparente \u00e0 la formidable plate-forme Google Maps, ce plugin vous offre la capacit\u00e9 in\u00e9gal\u00e9e \u00e0 ajouter des marqueurs personnalis\u00e9s, \u00e0 faciliter la filtration de localisation par cat\u00e9gorie et \u00e0 fournir des directions compl\u00e8tes vers chaque magasin individuel. De plus, le plugin fournit une gamme d&rsquo;options personnalisables pour adapter l&rsquo;apparence du localisateur \u00e0 vos pr\u00e9f\u00e9rences sp\u00e9cifiques. De plus, vous poss\u00e9dez la libert\u00e9 d&rsquo;incorporer des champs personnalis\u00e9s dans le but d&rsquo;afficher des informations suppl\u00e9mentaires relatives \u00e0 chaque emplacement unique. Le plugin Google Maps Maps for WordPress est un atout indispensable pour toute entreprise qui poss\u00e8de une pl\u00e9thore d&#8217;emplacements, car il rationalise consid\u00e9rablement le processus de localisation de vos \u00e9tablissements, augmentant ainsi votre visibilit\u00e9 en ligne dans une mesure remarquable.<\/p>\n<ul>\n<li>Fonctionnalit\u00e9 de localisateur de magasin interactif<\/li>\n<li>Conception enti\u00e8rement personnalisable<\/li>\n<li>Int\u00e9gration avec l&rsquo;API Google Maps<\/li>\n<li>Tableau de bord d&rsquo;administration facile \u00e0 utiliser pour la gestion des lieux<\/li>\n<li>D\u00e9tection automatique de la g\u00e9olocalisation pour les utilisateurs<\/li>\n<li>Capacit\u00e9 \u00e0 filtrer les emplacements des magasins par divers crit\u00e8res (par exemple, distance, services offerts)<\/li>\n<li>Conception r\u00e9active pour un affichage optimal sur tous les appareils<\/li>\n<li>Option pour afficher des informations d\u00e9taill\u00e9es sur les magasins, y compris les heures de fonctionnement et les coordonn\u00e9es<\/li>\n<li>Marqueurs et ic\u00f4nes personnalisables pour chaque emplacement<\/li>\n<li>Optimis\u00e9 pour que SEO am\u00e9liore la visibilit\u00e9 des r\u00e9sultats de recherche.<\/li>\n<\/ul>\n","protected":false},"excerpt":{"rendered":"<p>Le localisateur de magasin Google Maps for WordPress est un outil incroyablement robuste et avanc\u00e9 qui a \u00e9t\u00e9 sp\u00e9cialement con\u00e7u pour aider les entreprises \u00e0 pr\u00e9senter sans effort les emplacements physiques de leurs magasins sur leurs sites Web WordPress. Ce plugin extraordinaire accorde aux utilisateurs la possibilit\u00e9 d&rsquo;explorer et d&rsquo;\u00e9tudier sans effort divers magasins sur la base d&rsquo;une vaste gamme de crit\u00e8res, y compris, mais sans s&rsquo;y limiter, les heures de fonctionnement, les heures de fonctionnement et m\u00eame la disponibilit\u00e9 de certains produits. En exploitant l&rsquo;immense puissance et capacit\u00e9s de Google Maps, les clients peuvent naviguer sans effort et localiser le magasin qui est situ\u00e9 \u00e0 proximit\u00e9 de leur sort actuel, facilitant finalement leur voyage vers cet \u00e9tablissement particulier. Ce plugin exceptionnel est particuli\u00e8rement bien adapt\u00e9 aux entreprises qui comptent fortement sur le trafic pi\u00e9tonnier, comme les magasins de d\u00e9tail, les restaurants et divers fournisseurs de services. En outre, la facilit\u00e9 avec laquelle ce plugin peut \u00eatre \u00e0 la fois install\u00e9 et adapt\u00e9 aux pr\u00e9f\u00e9rences individuelles est vraiment remarquable, ce qui en fait une solution incroyablement polyvalente et adaptable qui s&rsquo;int\u00e8gre de mani\u00e8re transparente \u00e0 un vaste tableau de th\u00e8mes et de plugins. En adoptant et en mettant en \u0153uvre le localisateur de magasin Google Maps pour WordPress, les entreprises peuvent sans effort \u00e9lever et am\u00e9liorer la fonctionnalit\u00e9 globale de leur site Web, garantissant ainsi que leurs pr\u00e9cieux clients b\u00e9n\u00e9ficient d&rsquo;un niveau de commodit\u00e9 et de satisfaction in\u00e9gal\u00e9 tout au long de leur parcours de navigation.<\/p>\n","protected":false},"featured_media":145331,"comment_status":"open","ping_status":"open","template":"","meta":[],"product_brand":[2435],"product_cat":[1189,1181,1186],"product_tag":[1231],"class_list":{"0":"post-113870","1":"product","2":"type-product","3":"status-publish","4":"has-post-thumbnail","6":"product_brand-codecanyon","7":"product_cat-personnalisation","8":"product_cat-plugins","9":"product_cat-wordpress-plugins","10":"product_tag-codecanyon","11":"member-discount","12":"discount-restricted","14":"first","15":"instock","16":"sale","17":"downloadable","18":"virtual","19":"sold-individually","20":"purchasable","21":"product-type-simple"},"_links":{"self":[{"href":"https:\/\/gpl-love.com\/fr\/wp-json\/wp\/v2\/product\/113870","targetHints":{"allow":["GET"]}}],"collection":[{"href":"https:\/\/gpl-love.com\/fr\/wp-json\/wp\/v2\/product"}],"about":[{"href":"https:\/\/gpl-love.com\/fr\/wp-json\/wp\/v2\/types\/product"}],"replies":[{"embeddable":true,"href":"https:\/\/gpl-love.com\/fr\/wp-json\/wp\/v2\/comments?post=113870"}],"wp:featuredmedia":[{"embeddable":true,"href":"https:\/\/gpl-love.com\/fr\/wp-json\/wp\/v2\/media\/145331"}],"wp:attachment":[{"href":"https:\/\/gpl-love.com\/fr\/wp-json\/wp\/v2\/media?parent=113870"}],"wp:term":[{"taxonomy":"product_brand","embeddable":true,"href":"https:\/\/gpl-love.com\/fr\/wp-json\/wp\/v2\/product_brand?post=113870"},{"taxonomy":"product_cat","embeddable":true,"href":"https:\/\/gpl-love.com\/fr\/wp-json\/wp\/v2\/product_cat?post=113870"},{"taxonomy":"product_tag","embeddable":true,"href":"https:\/\/gpl-love.com\/fr\/wp-json\/wp\/v2\/product_tag?post=113870"}],"curies":[{"name":"wp","href":"https:\/\/api.w.org\/{rel}","templated":true}]}}