{"id":113868,"date":"2022-02-02T00:00:00","date_gmt":"2022-02-01T23:00:00","guid":{"rendered":"http:\/\/gpl-love.com\/fr\/produit\/avantage-business-consulting-wordpress-theme\/"},"modified":"2026-03-20T22:55:45","modified_gmt":"2026-03-20T21:55:45","slug":"avantage-business-consulting-wordpress-theme","status":"publish","type":"product","link":"https:\/\/gpl-love.com\/fr\/produit\/avantage-business-consulting-wordpress-theme\/","title":{"rendered":"Avantage Business Consulting WordPress Theme 2.2.6"},"content":{"rendered":"<h3>Avantage Business Consulting WordPress Theme Traits<\/h3>\n<p>Le th\u00e8me WordPress Afantage Business Consulting poss\u00e8de une pl\u00e9thore de fonctionnalit\u00e9s robustes et est r\u00e9put\u00e9 pour ses performances exceptionnelles. Il a \u00e9t\u00e9 m\u00e9ticuleusement con\u00e7u pour r\u00e9pondre sp\u00e9cifiquement aux besoins des sites Web de conseil aux entreprises. Ce th\u00e8me remarquable s&rsquo;accompagne d&rsquo;une gamme diversifi\u00e9e de d\u00e9mos pr\u00e9d\u00e9finies, chacune facilement imporable pour accorder sans effort \u00e0 votre site Web un air de professionnalisme et de contemporan\u00e9it\u00e9. Renforc\u00e9s par son formidable panneau d&rsquo;options de th\u00e8me, m\u00eame les individus d\u00e9pourvus d&rsquo;expertise de codage peuvent adapter la conception, la mise en page et la fonctionnalit\u00e9 de leur site Web dans le d\u00e9sir de leur c\u0153ur. De plus, la r\u00e9activit\u00e9 compl\u00e8te du th\u00e8me garantit que votre site Web d\u00e9gage l&rsquo;excellence sur tous les appareils, quelle que soit la taille ou le syst\u00e8me d&rsquo;exploitation. En outre, le th\u00e8me WordPress Afantage Business Consulting a \u00e9t\u00e9 optimis\u00e9 avec diligence pour les moteurs de recherche, garantissant des classements favorables sur les pages de r\u00e9sultats des moteurs de recherche. Que votre \u00e9tablissement soit une soci\u00e9t\u00e9 de conseil modeste ou un cabinet d&rsquo;entreprise colossal, ce th\u00e8me englobe tous les \u00e9l\u00e9ments requis n\u00e9cessaires pour cultiver une pr\u00e9sence en ligne florissante.<\/p>\n<ul>\n<li>Un th\u00e8me WordPress professionnel et \u00e9l\u00e9gant con\u00e7u sp\u00e9cifiquement pour les cabinets de conseil aux entreprises<\/li>\n<li>Propose une page d&rsquo;accueil enti\u00e8rement personnalisable avec plusieurs options de mise en page pour pr\u00e9senter les services et les domaines d&rsquo;expertise de votre entreprise<\/li>\n<li>Comprend des pages pr\u00e9-con\u00e7ues pour les services, les membres de l&rsquo;\u00e9quipe, les \u00e9tudes de cas, le blog et le contact<\/li>\n<li>La conception r\u00e9active garantit que votre site Web est superbe sur tous les appareils, du bureau au mobile<\/li>\n<li>Int\u00e9gration int\u00e9gr\u00e9e avec des plugins WordPress populaires comme le formulaire de contact 7, Yoast SEO et WPML pour une personnalisation et une optimisation faciles<\/li>\n<li>Facile \u00e0 utiliser et \u00e0 personnaliser via le tableau de bord WordPress avec le constructeur de pages de glisser-d\u00e9poser du compositeur visuel inclus<\/li>\n<li>Comprend des options de personnalisation de th\u00e8me en direct pour une personnalisation facile<\/li>\n<li>Construit sur les derni\u00e8res normes Web HTML5 et CSS3 pour des performances et une compatibilit\u00e9 rapides avec les navigateurs modernes<\/li>\n<li>Comprend une documentation d\u00e9taill\u00e9e et un acc\u00e8s \u00e0 un support d\u00e9di\u00e9 pour vous aider \u00e0 tirer le meilleur parti de votre nouveau th\u00e8me<\/li>\n<\/ul>\n","protected":false},"excerpt":{"rendered":"<p>D\u00e9couvrez les avantages du th\u00e8me WordPress Afantage Business Consulting sp\u00e9cialement con\u00e7u pour le conseil, les finances et les entreprises. Son design \u00e9l\u00e9gant et professionnel est enti\u00e8rement personnalisable pour s&rsquo;adapter au style unique de votre marque. Avec ce th\u00e8me WordPress, vous appr\u00e9cierez des fonctionnalit\u00e9s conviviales telles que Drag and Drop Builder, Responsive Design et Advanced Theme Options, offrant une exp\u00e9rience transparente \u00e0 vous et \u00e0 vos visiteurs de site. Il est \u00e9galement pr\u00eat pour le SEO, garantissant que votre entreprise gagne une visibilit\u00e9 en ligne maximale. Le th\u00e8me est compatible avec les plugins populaires et prend en charge la compatibilit\u00e9 des navigateurs, am\u00e9liorant davantage l&rsquo;exp\u00e9rience utilisateur. B\u00e9n\u00e9ficiez des mises \u00e0 jour r\u00e9guli\u00e8res et du support professionnel pour vous assurer que votre site Web reste \u00e0 jour et se d\u00e9roule bien. Choisissez Afantage Business Consulting WordPress Th\u00e8me pour augmenter efficacement votre pr\u00e9sence en ligne et votre croissance des entreprises.<\/p>\n","protected":false},"featured_media":143205,"comment_status":"open","ping_status":"open","template":"","meta":[],"product_brand":[2433],"product_cat":[1516,1212,1213],"product_tag":[1366],"class_list":{"0":"post-113868","1":"product","2":"type-product","3":"status-publish","4":"has-post-thumbnail","6":"product_brand-themeforest","7":"product_cat-entreprise","8":"product_cat-themes","9":"product_cat-wordpress-themes","10":"product_tag-themeforest","11":"member-discount","12":"discount-restricted","14":"first","15":"instock","16":"sale","17":"downloadable","18":"virtual","19":"sold-individually","20":"purchasable","21":"product-type-simple"},"_links":{"self":[{"href":"https:\/\/gpl-love.com\/fr\/wp-json\/wp\/v2\/product\/113868","targetHints":{"allow":["GET"]}}],"collection":[{"href":"https:\/\/gpl-love.com\/fr\/wp-json\/wp\/v2\/product"}],"about":[{"href":"https:\/\/gpl-love.com\/fr\/wp-json\/wp\/v2\/types\/product"}],"replies":[{"embeddable":true,"href":"https:\/\/gpl-love.com\/fr\/wp-json\/wp\/v2\/comments?post=113868"}],"wp:featuredmedia":[{"embeddable":true,"href":"https:\/\/gpl-love.com\/fr\/wp-json\/wp\/v2\/media\/143205"}],"wp:attachment":[{"href":"https:\/\/gpl-love.com\/fr\/wp-json\/wp\/v2\/media?parent=113868"}],"wp:term":[{"taxonomy":"product_brand","embeddable":true,"href":"https:\/\/gpl-love.com\/fr\/wp-json\/wp\/v2\/product_brand?post=113868"},{"taxonomy":"product_cat","embeddable":true,"href":"https:\/\/gpl-love.com\/fr\/wp-json\/wp\/v2\/product_cat?post=113868"},{"taxonomy":"product_tag","embeddable":true,"href":"https:\/\/gpl-love.com\/fr\/wp-json\/wp\/v2\/product_tag?post=113868"}],"curies":[{"name":"wp","href":"https:\/\/api.w.org\/{rel}","templated":true}]}}