{"id":113866,"date":"2026-02-23T00:00:00","date_gmt":"2026-02-22T23:00:00","guid":{"rendered":"http:\/\/gpl-love.com\/fr\/produit\/arforms-wordpress-form-builder-plugin\/"},"modified":"2026-03-20T22:55:00","modified_gmt":"2026-03-20T21:55:00","slug":"arforms-wordpress-form-builder-plugin","status":"publish","type":"product","link":"https:\/\/gpl-love.com\/fr\/produit\/arforms-wordpress-form-builder-plugin\/","title":{"rendered":"ARForms WordPress Form Builder Plugin 7.1.1"},"content":{"rendered":"<h3>ARForms WordPress Form Builder Plugin Traits<\/h3>\n<p>Arforms, qui est un plugin de g\u00e9n\u00e9rateur de formulaires tr\u00e8s puissant con\u00e7u sp\u00e9cifiquement pour WordPress, offre aux utilisateurs la commodit\u00e9 de g\u00e9n\u00e9rer et de personnaliser sans effort des formulaires pour leurs sites Web respectifs. Cet outil de pointe poss\u00e8de une interface de glisser-d\u00e9poser conviviale, ce qui rend le processus d&rsquo;inclusion des champs, des sections et des dispositions d&rsquo;une brise absolue. De plus, Arforms offre l&rsquo;int\u00e9gration transparente des fonctionnalit\u00e9s avanc\u00e9es telles que la logique conditionnelle, les formulaires de plusieurs pages et les t\u00e9l\u00e9chargements de fichiers, augmentant ainsi l&rsquo;exp\u00e9rience utilisateur globale. De plus, ce plugin remarquable fournit \u00e9galement une pl\u00e9thore de mod\u00e8les et de th\u00e8mes pr\u00e9-con\u00e7us, permettant aux utilisateurs de s\u00e9lectionner l&rsquo;option la plus appropri\u00e9e pour leurs besoins sp\u00e9cifiques. De plus, Arforms accorde aux utilisateurs la libert\u00e9 de fa\u00e7onner leur propre style unique, facilitant ainsi la cr\u00e9ation d&rsquo;un site Web visuellement attrayant. Compte tenu de son interface intuitive et de sa gamme impressionnante de fonctionnalit\u00e9s, Arforms appara\u00eet incontestablement comme un choix exceptionnel pour les personnes cherchant \u00e0 augmenter la fonctionnalit\u00e9 de leurs sites Web bas\u00e9s sur WordPress.<\/p>\n<ul>\n<li>Plugin de g\u00e9n\u00e9rateur de formulaires de haute qualit\u00e9 pour WordPress<\/li>\n<li>L&rsquo;interface de glisser-d\u00e9poser intuitive facilite la cr\u00e9ation de formulaire<\/li>\n<li>Champs de formulaire personnalisables pour une gamme illimit\u00e9e d&rsquo;utilisations<\/li>\n<li>Les formulaires r\u00e9actifs pour les mobiles garantissent une exp\u00e9rience formidable pour tous les utilisateurs<\/li>\n<li>Int\u00e9gration avec des outils de marketing par e-mail populaires comme MailChimp et Aweber<\/li>\n<li>Les options de logique conditionnelle puissantes permettent des comportements de forme complexes<\/li>\n<li>Mod\u00e8les de formulaires multiples disponibles pour une personnalisation facile<\/li>\n<li>Prend en charge les t\u00e9l\u00e9chargements de fichiers, les formulaires de plusieurs pages et la protection CAPTCHA<\/li>\n<li>Les fonctionnalit\u00e9s d&rsquo;analyse et de rapport avanc\u00e9es permettent une prise de d\u00e9cision bas\u00e9e sur les donn\u00e9es<\/li>\n<li>Support fiable et mises \u00e0 jour r\u00e9guli\u00e8res pour une valeur \u00e0 long terme.<\/li>\n<\/ul>\n","protected":false},"excerpt":{"rendered":"<p>Arforms WordPress Form Builder Plugin est une solution de premier plan pour cr\u00e9er des formulaires dynamiques et r\u00e9actifs pour votre site Web. Ce plugin convivial propose une large gamme de fonctionnalit\u00e9s, telles que la cr\u00e9ation de formulaire de glisser-d\u00e9poser, l&rsquo;aper\u00e7u en temps r\u00e9el et les options de personnalisation. Avec Arforms, vous pouvez facilement cr\u00e9er des enqu\u00eates, des quiz et des formulaires de collecte de donn\u00e9es. Il prend en charge l&rsquo;int\u00e9gration du marketing par e-mail et fournit un tableau de bord analytique pour le suivi des soumissions de formulaires. Le plugin est livr\u00e9 avec plus de 30 mod\u00e8les pr\u00e9-con\u00e7us, ce qui permet aux utilisateurs moins avertis de la technologie de cr\u00e9er des formulaires d&rsquo;aspect professionnel. Le plugin de builder de formulaire WordPress est conforme au RGPD et propose un chiffrement des donn\u00e9es pour une s\u00e9curit\u00e9 am\u00e9lior\u00e9e. Rendez votre site Web plus interactif et efficace avec ce plugin. Il s&rsquo;agit d&rsquo;un outil incontournable pour les propri\u00e9taires de sites Web qui cherchent \u00e0 am\u00e9liorer l&rsquo;engagement des utilisateurs et \u00e0 g\u00e9n\u00e9rer plus de prospects.<\/p>\n","protected":false},"featured_media":143154,"comment_status":"open","ping_status":"open","template":"","meta":[],"product_brand":[2435],"product_cat":[1191,1181,1186],"product_tag":[1231],"class_list":{"0":"post-113866","1":"product","2":"type-product","3":"status-publish","4":"has-post-thumbnail","6":"product_brand-codecanyon","7":"product_cat-formes","8":"product_cat-plugins","9":"product_cat-wordpress-plugins","10":"product_tag-codecanyon","11":"member-discount","12":"discount-restricted","14":"first","15":"instock","16":"sale","17":"downloadable","18":"virtual","19":"sold-individually","20":"purchasable","21":"product-type-simple"},"_links":{"self":[{"href":"https:\/\/gpl-love.com\/fr\/wp-json\/wp\/v2\/product\/113866","targetHints":{"allow":["GET"]}}],"collection":[{"href":"https:\/\/gpl-love.com\/fr\/wp-json\/wp\/v2\/product"}],"about":[{"href":"https:\/\/gpl-love.com\/fr\/wp-json\/wp\/v2\/types\/product"}],"replies":[{"embeddable":true,"href":"https:\/\/gpl-love.com\/fr\/wp-json\/wp\/v2\/comments?post=113866"}],"wp:featuredmedia":[{"embeddable":true,"href":"https:\/\/gpl-love.com\/fr\/wp-json\/wp\/v2\/media\/143154"}],"wp:attachment":[{"href":"https:\/\/gpl-love.com\/fr\/wp-json\/wp\/v2\/media?parent=113866"}],"wp:term":[{"taxonomy":"product_brand","embeddable":true,"href":"https:\/\/gpl-love.com\/fr\/wp-json\/wp\/v2\/product_brand?post=113866"},{"taxonomy":"product_cat","embeddable":true,"href":"https:\/\/gpl-love.com\/fr\/wp-json\/wp\/v2\/product_cat?post=113866"},{"taxonomy":"product_tag","embeddable":true,"href":"https:\/\/gpl-love.com\/fr\/wp-json\/wp\/v2\/product_tag?post=113866"}],"curies":[{"name":"wp","href":"https:\/\/api.w.org\/{rel}","templated":true}]}}