{"id":113856,"date":"2024-02-10T00:00:00","date_gmt":"2024-02-09T23:00:00","guid":{"rendered":"http:\/\/gpl-love.com\/fr\/produit\/vixus-startup-et-mobile-app-wordpress-leting-page-theme\/"},"modified":"2026-04-10T18:45:08","modified_gmt":"2026-04-10T16:45:08","slug":"vixus-startup-et-mobile-app-wordpress-leting-page-theme","status":"publish","type":"product","link":"https:\/\/gpl-love.com\/fr\/produit\/vixus-startup-et-mobile-app-wordpress-leting-page-theme\/","title":{"rendered":"Vixus Startup et Mobile App WordPress Landing Page Theme 1.0.13"},"content":{"rendered":"<h3>Vixus Startup et Mobile App WordPress Landing Page Theme Traits<\/h3>\n<p>Le th\u00e8me de la page de destination de VIXUS Startup et de l&rsquo;application mobile WordPress est un th\u00e8me exceptionnellement robuste et sophistiqu\u00e9 m\u00e9ticuleusement con\u00e7u sp\u00e9cifiquement pour r\u00e9pondre aux besoins des startups naissantes et des d\u00e9veloppeurs d&rsquo;applications mobiles. B\u00e9n\u00e9ficiant d&rsquo;un design \u00e9l\u00e9gant et contemporain sans effort, ce th\u00e8me est sur mesure pour fabriquer des pages de destination captivantes qui captiveront sans aucun doute l&rsquo;attention indivise de votre public cible, les conduisant finalement \u00e0 se m\u00e9tamorphoser en clients fid\u00e8les. Notamment, ce th\u00e8me extraordinaire offre une myriade d&rsquo;options personnalisables, y compris une gamme d&rsquo;options de mise en page diverses, un spectre infini de sch\u00e9mas de couleurs s\u00e9duisants et un constructeur de page de glisser-d\u00e9poser remarquablement convivial, vous permettant ainsi de forger sans effort votre page de destination id\u00e9ale id\u00e9ale id\u00e9ale id\u00e9ale. . En outre, il est imp\u00e9ratif de mentionner que Vixus est pleinement r\u00e9actif, garantissant que vos pages de destination m\u00e9ticuleusement con\u00e7ues sont pr\u00e9sent\u00e9es de mani\u00e8re esth\u00e9tique et visuellement frappante sur tous les appareils imaginables. En exploitant l&rsquo;immense pouvoir de Vixus, vous construirez habilement des pages de destination \u00e9tonnantes qui catalyseront indubitablement la croissance exponentielle de votre entreprise, vous permettant de surmonter sans effort vos buts et objectifs pr\u00e9d\u00e9termin\u00e9s.<\/p>\n<ul>\n<li>Conception r\u00e9active et optimis\u00e9e pour les mobiles pour des performances transparentes sur tous les appareils<\/li>\n<li>Disposages et sections de page pr\u00e9-con\u00e7us pour pr\u00e9senter votre startup ou votre application mobile<\/li>\n<li>Conception personnalisable avec des \u00e9l\u00e9ments de glisser-d\u00e9poser faciles pour en faire votre propre<\/li>\n<li>Int\u00e9gration avec des outils de marketing par e-mail et de g\u00e9n\u00e9ration de leads populaires<\/li>\n<li>SEO optimis\u00e9 pour une visibilit\u00e9 accrue et un trafic de site Web<\/li>\n<li>Installation de d\u00e9monstration en un clic pour une configuration rapide et facile<\/li>\n<li>Compatibilit\u00e9 entre les navigateurs pour des performances coh\u00e9rentes dans tous les navigateurs<\/li>\n<li>Design propre et moderne avec des boutons d&rsquo;appel \u00e0 l&rsquo;attention attirant l&rsquo;attention<\/li>\n<li>Arri\u00e8re-plan vid\u00e9o et options de d\u00e9filement de parallaxe pour un int\u00e9r\u00eat visuel suppl\u00e9mentaire<\/li>\n<li>Support premium et mises \u00e0 jour r\u00e9guli\u00e8res pour garantir les performances et la compatibilit\u00e9 \u00e0 long terme.<\/li>\n<\/ul>\n","protected":false},"excerpt":{"rendered":"<p>Le th\u00e8me de la page de destination de VIXUS Startup and Mobile App WordPress est un th\u00e8me exceptionnellement r\u00e9actif et enti\u00e8rement personnalisable sp\u00e9cifiquement con\u00e7u pour r\u00e9pondre aux besoins des applications mobiles et des startups. Son design \u00e9l\u00e9gant et contemporain d\u00e9gage un sentiment de sophistication et est tr\u00e8s efficace pour captiver les clients potentiels et \u00e9lever la visibilit\u00e9 de votre marque. Ce th\u00e8me poss\u00e8de un large \u00e9ventail de mod\u00e8les, de sch\u00e9mas de couleurs et de sections pr\u00e9-con\u00e7ues, qui peuvent toutes \u00eatre personnalis\u00e9es sans effort pour s&rsquo;aligner sur vos exigences uniques. Ce qui distingue VIXUS, c&rsquo;est son inclusion de fonctionnalit\u00e9s puissantes, y compris un constructeur de pages glisser-d\u00e9coller convivial, des capacit\u00e9s d&rsquo;optimisation SEO compl\u00e8tes, et un en-t\u00eate et un pied de page enti\u00e8rement personnalisables. En utilisant Vixus, vous avez la capacit\u00e9 in\u00e9gal\u00e9e de construire sans effort un site Web visuellement frappant qui laissera sans aucun doute une marque ind\u00e9l\u00e9bile sur votre public cible.<\/p>\n","protected":false},"featured_media":145726,"comment_status":"open","ping_status":"open","template":"","meta":[],"product_brand":[2433],"product_cat":[1242,1212,1213],"product_tag":[1366],"class_list":{"0":"post-113856","1":"product","2":"type-product","3":"status-publish","4":"has-post-thumbnail","6":"product_brand-themeforest","7":"product_cat-creatif","8":"product_cat-themes","9":"product_cat-wordpress-themes","10":"product_tag-themeforest","11":"member-discount","12":"discount-restricted","14":"first","15":"instock","16":"sale","17":"downloadable","18":"virtual","19":"sold-individually","20":"purchasable","21":"product-type-simple"},"_links":{"self":[{"href":"https:\/\/gpl-love.com\/fr\/wp-json\/wp\/v2\/product\/113856","targetHints":{"allow":["GET"]}}],"collection":[{"href":"https:\/\/gpl-love.com\/fr\/wp-json\/wp\/v2\/product"}],"about":[{"href":"https:\/\/gpl-love.com\/fr\/wp-json\/wp\/v2\/types\/product"}],"replies":[{"embeddable":true,"href":"https:\/\/gpl-love.com\/fr\/wp-json\/wp\/v2\/comments?post=113856"}],"wp:featuredmedia":[{"embeddable":true,"href":"https:\/\/gpl-love.com\/fr\/wp-json\/wp\/v2\/media\/145726"}],"wp:attachment":[{"href":"https:\/\/gpl-love.com\/fr\/wp-json\/wp\/v2\/media?parent=113856"}],"wp:term":[{"taxonomy":"product_brand","embeddable":true,"href":"https:\/\/gpl-love.com\/fr\/wp-json\/wp\/v2\/product_brand?post=113856"},{"taxonomy":"product_cat","embeddable":true,"href":"https:\/\/gpl-love.com\/fr\/wp-json\/wp\/v2\/product_cat?post=113856"},{"taxonomy":"product_tag","embeddable":true,"href":"https:\/\/gpl-love.com\/fr\/wp-json\/wp\/v2\/product_tag?post=113856"}],"curies":[{"name":"wp","href":"https:\/\/api.w.org\/{rel}","templated":true}]}}