{"id":113787,"date":"2021-04-11T00:00:00","date_gmt":"2021-04-10T22:00:00","guid":{"rendered":"http:\/\/gpl-love.com\/fr\/produit\/team-booking-wordpress-booking-system\/"},"modified":"2026-04-10T18:42:05","modified_gmt":"2026-04-10T16:42:05","slug":"team-booking-wordpress-booking-system","status":"publish","type":"product","link":"https:\/\/gpl-love.com\/fr\/produit\/team-booking-wordpress-booking-system\/","title":{"rendered":"Team Booking WordPress booking system 2.5.8"},"content":{"rendered":"<h3>Team Booking WordPress booking system Traits<\/h3>\n<p>La r\u00e9servation d&rsquo;\u00e9quipe est un syst\u00e8me de r\u00e9servation WordPress \u00e9tendu et sophistiqu\u00e9 qui a \u00e9t\u00e9 sp\u00e9cialement cr\u00e9\u00e9 pour r\u00e9pondre aux exigences de planification complexes et complexes des \u00e9quipes. Cette plate-forme tr\u00e8s intuitive et conviviale offre aux entreprises et aux organisations un moyen transparent de g\u00e9rer efficacement leurs rendez-vous, r\u00e9unions et \u00e9v\u00e9nements, m\u00eame lorsqu&rsquo;ils impliquent plusieurs membres de l&rsquo;\u00e9quipe et se d\u00e9roulent sur divers endroits. En offrant une interface enti\u00e8rement personnalisable et une large gamme de fonctionnalit\u00e9s robustes telles que les rappels automatiques, les mises \u00e0 jour de la disponibilit\u00e9 en temps r\u00e9el et l&rsquo;int\u00e9gration de paiement transparent, la r\u00e9servation d&rsquo;\u00e9quipe rationalise efficacement l&rsquo;int\u00e9gralit\u00e9 du processus de r\u00e9servation, ce qui entra\u00eene des \u00e9conomies de temps et de ressources importantes. Que vous soyez un propri\u00e9taire d&rsquo;entreprise \u00e0 petite \u00e9chelle, une entreprise \u00e0 grande \u00e9chelle ou une organisation \u00e0 but non lucratif socialement motiv\u00e9e, la r\u00e9servation d&rsquo;\u00e9quipe a le pouvoir d&rsquo;am\u00e9liorer consid\u00e9rablement la productivit\u00e9 et l&rsquo;efficacit\u00e9 op\u00e9rationnelle de votre \u00e9quipe, tout en offrant \u00e0 vos clients un in\u00e9gal\u00e9 sans pr\u00e9c\u00e9dent Exp\u00e9rience de r\u00e9servation qui ne doit pas laisser une impression durable.<\/p>\n<ul>\n<li>Plugin WordPress facile \u00e0 installer et \u00e0 utiliser<\/li>\n<li>Permet la r\u00e9servation d&rsquo;\u00e9quipe de plusieurs services et \u00e9v\u00e9nements<\/li>\n<li>Formulaires de r\u00e9servation personnalisables<\/li>\n<li>Plusieurs options de paiement, y compris PayPal et Stripe<\/li>\n<li>Notifications par e-mail automatis\u00e9es pour les clients et les membres de l&rsquo;\u00e9quipe<\/li>\n<li>Conception r\u00e9active mobile pour la r\u00e9servation \u00e0 l&rsquo;on<\/li>\n<li>Syst\u00e8me de r\u00e9servation hautement s\u00e9curis\u00e9 avec cryptage SSL<\/li>\n<li>Option pour fixer diff\u00e9rents prix pour diff\u00e9rents membres de l&rsquo;\u00e9quipe<\/li>\n<li>Option pour cr\u00e9er des plages horaires et une disponibilit\u00e9 personnalis\u00e9es<\/li>\n<li>Param\u00e8tres flexibles pour accueillir divers sc\u00e9narios de r\u00e9servation<\/li>\n<li>Caract\u00e9ristiques de rapports et d&rsquo;analyse int\u00e9gr\u00e9s pour la r\u00e9servation de donn\u00e9es<\/li>\n<li>Excellent support client et mises \u00e0 jour en cours.<\/li>\n<\/ul>\n","protected":false},"excerpt":{"rendered":"<p>La r\u00e9servation d&rsquo;\u00e9quipe est un syst\u00e8me de r\u00e9servation tr\u00e8s sophistiqu\u00e9 et de pointe sp\u00e9cialement cr\u00e9\u00e9 pour les entreprises qui ont plusieurs \u00e9quipes et divers emplacements. Ce logiciel remarquable vous permet de g\u00e9rer et de superviser sans effort la gestion de la r\u00e9servation, le suivi de la disponibilit\u00e9 et les modifications de planification dans toute votre organisation, le tout en quelques clics simples. Que vous soyez un spa luxueux, un gymnase \u00e0 la pointe de la technologie ou un \u00e9tablissement m\u00e9dical r\u00e9put\u00e9, la r\u00e9servation d&rsquo;\u00e9quipe rationalise le processus de surveillance efficace de vos employ\u00e9s, de gestion des rendez-vous et de r\u00e9tention des demandes des clients, consolidant ainsi tous ces \u00e9l\u00e9ments essentiels \u00c9l\u00e9ments dans une plate-forme centralis\u00e9e et coh\u00e9rente. De plus, le syst\u00e8me propose des options de personnalisation compl\u00e8tes et s&rsquo;int\u00e8gre de mani\u00e8re transparente \u00e0 votre site Web WordPress pr\u00e9existant, assurant une proc\u00e9dure de configuration rapide et sans tracas qui vous permet de vous lancer rapidement dans l&rsquo;utilisation de ses fonctionnalit\u00e9s exceptionnelles.<\/p>\n","protected":false},"featured_media":145454,"comment_status":"open","ping_status":"open","template":"","meta":[],"product_brand":[2435],"product_cat":[1189,1181,1186],"product_tag":[1231],"class_list":{"0":"post-113787","1":"product","2":"type-product","3":"status-publish","4":"has-post-thumbnail","6":"product_brand-codecanyon","7":"product_cat-personnalisation","8":"product_cat-plugins","9":"product_cat-wordpress-plugins","10":"product_tag-codecanyon","11":"member-discount","12":"discount-restricted","14":"first","15":"instock","16":"sale","17":"downloadable","18":"virtual","19":"sold-individually","20":"purchasable","21":"product-type-simple"},"_links":{"self":[{"href":"https:\/\/gpl-love.com\/fr\/wp-json\/wp\/v2\/product\/113787","targetHints":{"allow":["GET"]}}],"collection":[{"href":"https:\/\/gpl-love.com\/fr\/wp-json\/wp\/v2\/product"}],"about":[{"href":"https:\/\/gpl-love.com\/fr\/wp-json\/wp\/v2\/types\/product"}],"replies":[{"embeddable":true,"href":"https:\/\/gpl-love.com\/fr\/wp-json\/wp\/v2\/comments?post=113787"}],"wp:featuredmedia":[{"embeddable":true,"href":"https:\/\/gpl-love.com\/fr\/wp-json\/wp\/v2\/media\/145454"}],"wp:attachment":[{"href":"https:\/\/gpl-love.com\/fr\/wp-json\/wp\/v2\/media?parent=113787"}],"wp:term":[{"taxonomy":"product_brand","embeddable":true,"href":"https:\/\/gpl-love.com\/fr\/wp-json\/wp\/v2\/product_brand?post=113787"},{"taxonomy":"product_cat","embeddable":true,"href":"https:\/\/gpl-love.com\/fr\/wp-json\/wp\/v2\/product_cat?post=113787"},{"taxonomy":"product_tag","embeddable":true,"href":"https:\/\/gpl-love.com\/fr\/wp-json\/wp\/v2\/product_tag?post=113787"}],"curies":[{"name":"wp","href":"https:\/\/api.w.org\/{rel}","templated":true}]}}