{"id":113783,"date":"2022-01-09T00:00:00","date_gmt":"2022-01-08T23:00:00","guid":{"rendered":"http:\/\/gpl-love.com\/fr\/produit\/accesspress-social-login-wordpress-plugin\/"},"modified":"2026-03-20T22:52:50","modified_gmt":"2026-03-20T21:52:50","slug":"accesspress-social-login-wordpress-plugin","status":"publish","type":"product","link":"https:\/\/gpl-love.com\/fr\/produit\/accesspress-social-login-wordpress-plugin\/","title":{"rendered":"AccessPress Social Login WordPress Plugin 2.2.1"},"content":{"rendered":"<h3>AccessPress Social Login WordPress Plugin Traits<\/h3>\n<p>AccessPress Social Login est un plugin WordPress remarquablement puissant qui offre aux propri\u00e9taires de sites Web la commodit\u00e9 de fournir \u00e0 leurs visiteurs des options de connexion sociale sans tracas. En tirant parti de ce plugin, les utilisateurs peuvent acc\u00e9der sans effort \u00e0 votre site en utilisant leurs informations d&rsquo;identification de m\u00e9dias sociaux existantes \u00e0 partir de plateformes de premier plan telles que Facebook, Twitter, Google, LinkedIn et de nombreux autres. Cette fonction avant garantit non seulement une exp\u00e9rience utilisateur transparente, mais \u00e9limine \u00e9galement la n\u00e9cessit\u00e9 pour les visiteurs de passer par le processus fastidieux de cr\u00e9ation d&rsquo;une autre connexion et mot de passe sp\u00e9cifiquement pour votre site. De plus, AccessPress Social Login vous accorde \u00e0 un \u00e9ventail d&rsquo;options de personnalisation, vous permettant d&rsquo;adapter le processus de connexion d&rsquo;une mani\u00e8re qui s&rsquo;aligne parfaitement avec l&rsquo;esth\u00e9tique unique de votre marque. En fin de compte, ce plugin sert de solution exceptionnelle \u00e0 tout site WordPress s&rsquo;effor\u00e7ant de rationaliser la proc\u00e9dure de connexion tout en enrichissant simultan\u00e9ment l&rsquo;engagement des utilisateurs.<\/p>\n<ul>\n<li>Permet aux utilisateurs de se connecter \/ s&rsquo;inscrire \u00e0 un site Web en utilisant leurs comptes de m\u00e9dias sociaux<\/li>\n<li>Prend en charge les plateformes de m\u00e9dias sociaux populaires telles que Facebook, Google, Twitter, LinkedIn et Instagram<\/li>\n<li>Fournit un processus de connexion transparent et rapide, r\u00e9duisant le besoin pour les utilisateurs de se souvenir de plusieurs informations de connexion<\/li>\n<li>Permet aux propri\u00e9taires de sites Web de personnaliser l&rsquo;apparence et le placement des boutons de connexion sociale<\/li>\n<li>Permet aux propri\u00e9taires de sites Web de configurer des redirections apr\u00e8s la connexion ou l&rsquo;enregistrement<\/li>\n<li>Fournit une documentation et une prise en charge d\u00e9taill\u00e9es pour assurer une installation et une utilisation faciles<\/li>\n<li>Soutenu par une \u00e9quipe de d\u00e9veloppeurs d\u00e9di\u00e9s et exp\u00e9riment\u00e9s qui mettent constamment \u00e0 jour le plugin avec de nouvelles fonctionnalit\u00e9s et am\u00e9liorations.<\/li>\n<\/ul>\n","protected":false},"excerpt":{"rendered":"<p>Le plugin WordPress de connexion sociale AccessPress est un plugin de connexion WordPress exceptionnel, con\u00e7u pour fournir une connexion sociale WordPress pratique. Ce plugin permet un enregistrement facile avec les informations d&rsquo;identification des m\u00e9dias sociaux, transformant le processus de cr\u00e9ation de compte en une t\u00e2che sans effort. Avec cette connexion des m\u00e9dias sociaux conviviale, vos utilisateurs peuvent instantan\u00e9ment s&rsquo;inscrire et se connecter instantan\u00e9ment \u00e0 votre site Web estim\u00e9, en utilisant leurs informations d&rsquo;identification Facebook, Twitter ou Google.<\/p>\n<p>La connexion sociale AccessPress est un plugin de compatibilit\u00e9 des plateformes renomm\u00e9e, offrant une int\u00e9gration transparente avec des plateformes de m\u00e9dias sociaux pro\u00e9minentes. Cela signifie que le processus d&rsquo;enregistrement et de connexion est non seulement rationalis\u00e9, mais aussi sans tracas. Les utilisateurs n&rsquo;ont pas \u00e0 se soucier des exigences d&rsquo;enregistrement suppl\u00e9mentaires ou de la gestion des mots de passe, ce qui en fait le plugin gratuit de gestion de mot de passe.<\/p>\n<p>L&rsquo;une des principales caract\u00e9ristiques de ce plugin est la connexion des m\u00e9dias sociaux en un clic. Avec un seul clic sur leur plate-forme de m\u00e9dias sociaux pr\u00e9f\u00e9r\u00e9e, les utilisateurs sont instantan\u00e9ment enregistr\u00e9s et connect\u00e9s, offrant une exp\u00e9rience d&rsquo;enregistrement et de connexion instantan\u00e9e qui est d\u00e9pourvue de toute complexit\u00e9.<\/p>\n<p>De plus, l&rsquo;installation et la configuration<\/p>\n","protected":false},"featured_media":143012,"comment_status":"open","ping_status":"open","template":"","meta":[],"product_brand":[2435],"product_cat":[1189,1181,1186],"product_tag":[1231],"class_list":{"0":"post-113783","1":"product","2":"type-product","3":"status-publish","4":"has-post-thumbnail","6":"product_brand-codecanyon","7":"product_cat-personnalisation","8":"product_cat-plugins","9":"product_cat-wordpress-plugins","10":"product_tag-codecanyon","11":"member-discount","12":"discount-restricted","14":"first","15":"instock","16":"sale","17":"downloadable","18":"virtual","19":"sold-individually","20":"purchasable","21":"product-type-simple"},"_links":{"self":[{"href":"https:\/\/gpl-love.com\/fr\/wp-json\/wp\/v2\/product\/113783","targetHints":{"allow":["GET"]}}],"collection":[{"href":"https:\/\/gpl-love.com\/fr\/wp-json\/wp\/v2\/product"}],"about":[{"href":"https:\/\/gpl-love.com\/fr\/wp-json\/wp\/v2\/types\/product"}],"replies":[{"embeddable":true,"href":"https:\/\/gpl-love.com\/fr\/wp-json\/wp\/v2\/comments?post=113783"}],"wp:featuredmedia":[{"embeddable":true,"href":"https:\/\/gpl-love.com\/fr\/wp-json\/wp\/v2\/media\/143012"}],"wp:attachment":[{"href":"https:\/\/gpl-love.com\/fr\/wp-json\/wp\/v2\/media?parent=113783"}],"wp:term":[{"taxonomy":"product_brand","embeddable":true,"href":"https:\/\/gpl-love.com\/fr\/wp-json\/wp\/v2\/product_brand?post=113783"},{"taxonomy":"product_cat","embeddable":true,"href":"https:\/\/gpl-love.com\/fr\/wp-json\/wp\/v2\/product_cat?post=113783"},{"taxonomy":"product_tag","embeddable":true,"href":"https:\/\/gpl-love.com\/fr\/wp-json\/wp\/v2\/product_tag?post=113783"}],"curies":[{"name":"wp","href":"https:\/\/api.w.org\/{rel}","templated":true}]}}