{"id":113781,"date":"2025-08-26T00:00:00","date_gmt":"2025-08-25T22:00:00","guid":{"rendered":"http:\/\/gpl-love.com\/fr\/produit\/fixed-toc-table-of-contents-pour-wordpress-plugin\/"},"modified":"2026-03-20T23:05:58","modified_gmt":"2026-03-20T22:05:58","slug":"fixed-toc-table-of-contents-pour-wordpress-plugin","status":"publish","type":"product","link":"https:\/\/gpl-love.com\/fr\/produit\/fixed-toc-table-of-contents-pour-wordpress-plugin\/","title":{"rendered":"Fixed TOC table of contents pour WordPress plugin 4.2.3"},"content":{"rendered":"<h3>Fixed TOC table of contents pour WordPress plugin Traits<\/h3>\n<p>La table des mati\u00e8res fixes pour le plugin WordPress offre une pl\u00e9thore de fonctionnalit\u00e9s et de fonctionnalit\u00e9s puissantes qui r\u00e9pondent aux besoins et aux d\u00e9sirs des blogueurs et des propri\u00e9taires de sites Web cherchant \u00e0 \u00e9tablir un syst\u00e8me de navigation de site Web bien structur\u00e9 et convivial. Ce plugin remarquable facilite la cr\u00e9ation d&rsquo;une table des mati\u00e8res fixes qui reste perp\u00e9tuellement visible pour les visiteurs, leur permettant de parcourir sans effort et de s\u00e9lectionner le contenu qui captive leur int\u00e9r\u00eat. De plus, la table des mati\u00e8res TOC fixe pour le plugin WordPress permet aux propri\u00e9taires de sites Web d&rsquo;adapter sans effort l&rsquo;apparence et le fonctionnement de leur table des mati\u00e8res conform\u00e9ment \u00e0 leurs exigences et pr\u00e9f\u00e9rences uniques. Que vous vous identifiiez en tant que blogueur chevronn\u00e9, un sp\u00e9cialiste du marketing de contenu comp\u00e9tent ou un propri\u00e9taire de site Web astucieux aspirant \u00e0 am\u00e9liorer la navigation et l&rsquo;exp\u00e9rience utilisateur de votre site Web, la table des mati\u00e8res fixes pour le plugin WordPress est un outil indispensable qui justifie votre plus grande attention et consid\u00e9ration.<\/p>\n<ul>\n<li>Navigation facile: permet aux utilisateurs de naviguer facilement dans le contenu de leur site WordPress.<\/li>\n<li>Personnalisation: offre aux utilisateurs la possibilit\u00e9 de personnaliser l&rsquo;apparence de leur table des mati\u00e8res pour correspondre \u00e0 la marque et \u00e0 la conception de leur site.<\/li>\n<li>Conception r\u00e9active: fonctionne parfaitement avec les appareils mobiles afin que les utilisateurs puissent acc\u00e9der au contenu en d\u00e9placement.<\/li>\n<li>Am\u00e9lioration de l&rsquo;exp\u00e9rience utilisateur: am\u00e9liore l&rsquo;exp\u00e9rience utilisateur en \u00e9liminant la n\u00e9cessit\u00e9 pour les utilisateurs de rechercher manuellement des informations sur une page.<\/li>\n<li>Compatibilit\u00e9: compatible avec n&rsquo;importe quel th\u00e8me ou plugin WordPress, ce qui permet aux utilisateurs de s&rsquo;int\u00e9grer facilement \u00e0 leur site Web existant.<\/li>\n<li>Sauver le temps: fonctionnalit\u00e9 de salon de temps pour les propri\u00e9taires de sites Web, car ils pourront offrir une facilit\u00e9 d&rsquo;utilisation pour les visiteurs du site Web.<\/li>\n<li>Contenu organis\u00e9: aide les propri\u00e9taires de sites Web \u00e0 garder leur contenu organis\u00e9 et facile pour leurs visiteurs \u00e0 parcourir.<\/li>\n<li>Chadin accru: donne aux propri\u00e9taires de sites Web la possibilit\u00e9 d&rsquo;augmenter le trafic sur leur site en optimisant l&rsquo;exp\u00e9rience utilisateur.<\/li>\n<li>Installation rapide: processus d&rsquo;installation et d&rsquo;activation facile qui permet aux utilisateurs de commencer \u00e0 utiliser rapidement le plugin.<\/li>\n<li>Option de plugin rentable: abordable qui offre une grande valeur aux utilisateurs qui cherchent \u00e0 am\u00e9liorer la navigation de leur site Web.<\/li>\n<\/ul>\n","protected":false},"excerpt":{"rendered":"<p>La table des mati\u00e8res fixes pour le plugin WordPress pr\u00e9sente une solution id\u00e9ale pour les blogueurs et les propri\u00e9taires de sites Web cherchant \u00e0 am\u00e9liorer l&rsquo;exp\u00e9rience de navigation de leurs lecteurs. En utilisant ce plugin, on peut g\u00e9n\u00e9rer sans effort une table des mati\u00e8res fixe pour leurs pages et articles WordPress, simplifiant ainsi le processus de navigation dans le contenu des lecteurs. De plus, il propose des options de personnalisation compl\u00e8tes, permettant aux utilisateurs de s\u00e9lectionner un style et une disposition qui s&rsquo;int\u00e8grent de mani\u00e8re transparente \u00e0 la conception de leur site Web. Commencez \u00e0 optimiser l&rsquo;exp\u00e9rience de votre lecteur aujourd&rsquo;hui en adoptant les fonctionnalit\u00e9s exceptionnelles offertes par TOC FIXE.<\/p>\n","protected":false},"featured_media":143875,"comment_status":"open","ping_status":"open","template":"","meta":[],"product_brand":[2435],"product_cat":[1189,1181,1186],"product_tag":[1231],"class_list":{"0":"post-113781","1":"product","2":"type-product","3":"status-publish","4":"has-post-thumbnail","6":"product_brand-codecanyon","7":"product_cat-personnalisation","8":"product_cat-plugins","9":"product_cat-wordpress-plugins","10":"product_tag-codecanyon","11":"member-discount","12":"discount-restricted","14":"first","15":"instock","16":"sale","17":"downloadable","18":"virtual","19":"sold-individually","20":"purchasable","21":"product-type-simple"},"_links":{"self":[{"href":"https:\/\/gpl-love.com\/fr\/wp-json\/wp\/v2\/product\/113781","targetHints":{"allow":["GET"]}}],"collection":[{"href":"https:\/\/gpl-love.com\/fr\/wp-json\/wp\/v2\/product"}],"about":[{"href":"https:\/\/gpl-love.com\/fr\/wp-json\/wp\/v2\/types\/product"}],"replies":[{"embeddable":true,"href":"https:\/\/gpl-love.com\/fr\/wp-json\/wp\/v2\/comments?post=113781"}],"wp:featuredmedia":[{"embeddable":true,"href":"https:\/\/gpl-love.com\/fr\/wp-json\/wp\/v2\/media\/143875"}],"wp:attachment":[{"href":"https:\/\/gpl-love.com\/fr\/wp-json\/wp\/v2\/media?parent=113781"}],"wp:term":[{"taxonomy":"product_brand","embeddable":true,"href":"https:\/\/gpl-love.com\/fr\/wp-json\/wp\/v2\/product_brand?post=113781"},{"taxonomy":"product_cat","embeddable":true,"href":"https:\/\/gpl-love.com\/fr\/wp-json\/wp\/v2\/product_cat?post=113781"},{"taxonomy":"product_tag","embeddable":true,"href":"https:\/\/gpl-love.com\/fr\/wp-json\/wp\/v2\/product_tag?post=113781"}],"curies":[{"name":"wp","href":"https:\/\/api.w.org\/{rel}","templated":true}]}}