{"id":113779,"date":"2021-07-28T00:00:00","date_gmt":"2021-07-27T22:00:00","guid":{"rendered":"http:\/\/gpl-love.com\/fr\/produit\/logistic-wp-theme-for-transportation-business\/"},"modified":"2026-03-20T23:22:45","modified_gmt":"2026-03-20T22:22:45","slug":"logistic-wp-theme-for-transportation-business","status":"publish","type":"product","link":"https:\/\/gpl-love.com\/fr\/produit\/logistic-wp-theme-for-transportation-business\/","title":{"rendered":"Logistic WP Th\u00e8me For Transportation Business 6.8"},"content":{"rendered":"<h3>Logistic WP Th\u00e8me For Transportation Business Traits<\/h3>\n<p>Le th\u00e8me WP logistique est un th\u00e8me WordPress global et convivial, sp\u00e9cifiquement con\u00e7u pour l&rsquo;industrie du transport. Ce th\u00e8me poss\u00e8de une pl\u00e9thore de fonctionnalit\u00e9s qui lui rendent le choix id\u00e9al pour les entreprises de logistique et de transport. Sa conception vise \u00e0 \u00e9tablir un site Web visuellement captivant qui est navigable sans effort, permettant ainsi aux entreprises de pr\u00e9senter sans effort leurs services, produits et offres. En outre, la conception r\u00e9active du th\u00e8me WP logistique assure des performances optimales sur tous les appareils, garantissant un site Web visuellement agr\u00e9able quelle que soit la taille de l&rsquo;\u00e9cran. De plus, ce th\u00e8me peut \u00eatre personnalis\u00e9 pour s&rsquo;aligner sur la marque et le style distinctif de votre entreprise. La simplicit\u00e9 de la mise en place du th\u00e8me WP logistique, associ\u00e9e \u00e0 sa documentation approfondie, en fait une superbe option pour les entreprises de transport cherchant \u00e0 \u00e9tablir une pr\u00e9sence en ligne professionnelle et captivante.<\/p>\n<ul>\n<li>Th\u00e8me WordPress professionnel et moderne con\u00e7u pour les entreprises de transport et de logistique.<\/li>\n<li>Comprend diverses mises en page de pages pr\u00e9-con\u00e7ues pour les services, les membres de l&rsquo;\u00e9quipe, la galerie, les t\u00e9moignages, etc.<\/li>\n<li>La conception r\u00e9active mobile assure une exp\u00e9rience utilisateur transparente sur tous les appareils.<\/li>\n<li>Compatibilit\u00e9 int\u00e9gr\u00e9e avec WooCommerce pour des ventes faciles en ligne de services de transport.<\/li>\n<li>Les options de jeu de couleurs et de polices personnalisables permettent \u00e0 une marque facile de correspondre au style de votre entreprise.<\/li>\n<li>Panneau d&rsquo;administration facile \u00e0 utiliser pour g\u00e9rer le contenu et la mise en page du site Web.<\/li>\n<li>Prend en charge divers plugins, notamment le formulaire de contact 7, le WPML, le curseur Revolution, etc.<\/li>\n<li>Le r\u00e9f\u00e9rencement optimis\u00e9 pour am\u00e9liorer le classement des moteurs de recherche et g\u00e9n\u00e9rer plus de trafic vers votre site Web.<\/li>\n<li>Focus solide sur l&rsquo;exp\u00e9rience utilisateur et l&rsquo;interface conviviale pour piloter les conversions.<\/li>\n<li>Assistance client d\u00e9di\u00e9e \u00e0 toute question ou questions techniques.<\/li>\n<\/ul>\n","protected":false},"excerpt":{"rendered":"<p>Le th\u00e8me WP logistique pour les affaires de transport est un th\u00e8me WordPress incroyablement polyvalent et convivial qui a \u00e9t\u00e9 con\u00e7u avec des soci\u00e9t\u00e9s de logistique et de transport. B\u00e9n\u00e9ficiant d&rsquo;un design \u00e9l\u00e9gant et contemporain, ce th\u00e8me garantit que votre site Web semblera \u00e9tonnant et captivant visuellement sur n&rsquo;importe quel appareil, permettant aux clients potentiels de s&rsquo;engager sans effort avec votre entreprise o\u00f9 qu&rsquo;ils soient. En outre, ce th\u00e8me est \u00e9quip\u00e9 d&rsquo;une pl\u00e9thore de fonctionnalit\u00e9s impressionnantes, comme un syst\u00e8me de r\u00e9servation en ligne innovant, une table de prix m\u00e9ticuleusement personnalisable et une disposition remarquablement r\u00e9active qui s&rsquo;adapte de mani\u00e8re transparente \u00e0 diverses tailles d&rsquo;\u00e9cran. De plus, il fournit \u00e9galement des pages pr\u00e9-construites pour des sections essentielles comme les services, \u00e0 propos de nous et des t\u00e9moignages, en rationalisant le processus d&rsquo;\u00e9tablissement de votre site Web en un rien de temps. Si vous \u00eates \u00e0 la recherche d&rsquo;une solution exceptionnellement professionnelle et remarquablement conviviale pour les besoins du site Web de votre entreprise de transport, le th\u00e8me WP logistique est ind\u00e9niable comme la quintessence de l&rsquo;excellence.<\/p>\n","protected":false},"featured_media":144394,"comment_status":"open","ping_status":"open","template":"","meta":[],"product_brand":[2433],"product_cat":[1516,1212,1213],"product_tag":[1366],"class_list":{"0":"post-113779","1":"product","2":"type-product","3":"status-publish","4":"has-post-thumbnail","6":"product_brand-themeforest","7":"product_cat-entreprise","8":"product_cat-themes","9":"product_cat-wordpress-themes","10":"product_tag-themeforest","11":"member-discount","12":"discount-restricted","14":"first","15":"instock","16":"sale","17":"downloadable","18":"virtual","19":"sold-individually","20":"purchasable","21":"product-type-simple"},"_links":{"self":[{"href":"https:\/\/gpl-love.com\/fr\/wp-json\/wp\/v2\/product\/113779","targetHints":{"allow":["GET"]}}],"collection":[{"href":"https:\/\/gpl-love.com\/fr\/wp-json\/wp\/v2\/product"}],"about":[{"href":"https:\/\/gpl-love.com\/fr\/wp-json\/wp\/v2\/types\/product"}],"replies":[{"embeddable":true,"href":"https:\/\/gpl-love.com\/fr\/wp-json\/wp\/v2\/comments?post=113779"}],"wp:featuredmedia":[{"embeddable":true,"href":"https:\/\/gpl-love.com\/fr\/wp-json\/wp\/v2\/media\/144394"}],"wp:attachment":[{"href":"https:\/\/gpl-love.com\/fr\/wp-json\/wp\/v2\/media?parent=113779"}],"wp:term":[{"taxonomy":"product_brand","embeddable":true,"href":"https:\/\/gpl-love.com\/fr\/wp-json\/wp\/v2\/product_brand?post=113779"},{"taxonomy":"product_cat","embeddable":true,"href":"https:\/\/gpl-love.com\/fr\/wp-json\/wp\/v2\/product_cat?post=113779"},{"taxonomy":"product_tag","embeddable":true,"href":"https:\/\/gpl-love.com\/fr\/wp-json\/wp\/v2\/product_tag?post=113779"}],"curies":[{"name":"wp","href":"https:\/\/api.w.org\/{rel}","templated":true}]}}