{"id":113773,"date":"2023-03-07T00:00:00","date_gmt":"2023-03-06T23:00:00","guid":{"rendered":"http:\/\/gpl-love.com\/fr\/produit\/homepress-real-estate-wordpress-theme\/"},"modified":"2026-03-20T23:19:36","modified_gmt":"2026-03-20T22:19:36","slug":"homepress-real-estate-wordpress-theme","status":"publish","type":"product","link":"https:\/\/gpl-love.com\/fr\/produit\/homepress-real-estate-wordpress-theme\/","title":{"rendered":"HomePress Real Estate WordPress Theme 1.3.7"},"content":{"rendered":"<h3>HomePress Real Estate WordPress Theme Traits<\/h3>\n<p>Le th\u00e8me WordPress immobilier HomePress est un th\u00e8me exquis et de haute qualit\u00e9 sp\u00e9cifiquement adapt\u00e9 aux agents immobiliers, aux courtiers et aux agences qui visent \u00e0 montrer efficacement leurs propri\u00e9t\u00e9s sur Internet. Ce th\u00e8me remarquable poss\u00e8de un design contemporain et \u00e9l\u00e9gant, accompagn\u00e9 d&rsquo;une pl\u00e9thore de fonctionnalit\u00e9s personnalisables qui permettent aux utilisateurs de fa\u00e7onner sans effort un site Web distinctif. Dot\u00e9 d&rsquo;une large gamme de dispositions de page d&rsquo;accueil pr\u00e9-con\u00e7ues, de listes de propri\u00e9t\u00e9s, de pages d&rsquo;agent et de fonctionnalit\u00e9s de recherche de propri\u00e9t\u00e9s, ce th\u00e8me offre une flexibilit\u00e9 in\u00e9gal\u00e9e pour r\u00e9pondre aux besoins uniques de toute entreprise immobili\u00e8re. De plus, il s&rsquo;int\u00e8gre parfaitement aux plugins populaires tels que Contact Form 7, Yoast SEO et WPML, facilitant la collaboration sans effort avec d&rsquo;autres outils essentiels. En utilisant le th\u00e8me WordPress immobilier HomePress, les utilisateurs peuvent \u00e9laborer sans effort un site Web hautement professionnel et convivial qui leur permet de se d\u00e9marquer sans effort au milieu de la comp\u00e9titivit\u00e9 du march\u00e9 immobilier satur\u00e9.<\/p>\n<ul>\n<li>Un th\u00e8me WordPress enti\u00e8rement personnalisable et r\u00e9actif con\u00e7u pour les sites Web immobiliers<\/li>\n<li>Comprend plusieurs pages et mod\u00e8les d&rsquo;accueil pr\u00e9-con\u00e7us pour les listes de propri\u00e9t\u00e9s, les agents et les agences<\/li>\n<li>Comprend un moteur de recherche puissant et des options de filtrage avanc\u00e9es pour les visiteurs \u00e0 la recherche de propri\u00e9t\u00e9s<\/li>\n<li>Prise en charge IDX et MLS int\u00e9gr\u00e9es pour l&rsquo;int\u00e9gration transparente avec les bases de donn\u00e9es MLS et les listes de propri\u00e9t\u00e9s<\/li>\n<li>Options de soumission des biens frontaux et de traitement des paiements pour les agents et les agences<\/li>\n<li>Int\u00e9gration avec des plugins populaires tels que les formulaires de gravit\u00e9, le formulaire de contact 7 et le WPML pour un support multilingue<\/li>\n<li>Tableau de bord facile \u00e0 utiliser pour les administrateurs de sites Web pour g\u00e9rer les propri\u00e9t\u00e9s, les agents et les agences<\/li>\n<li>Options de personnalisation de l&rsquo;apparence et de la conception du site Web sans aucune connaissance de codage<\/li>\n<li>Compatibilit\u00e9 avec tous les navigateurs et appareils modernes pour une exp\u00e9rience utilisateur fluide<\/li>\n<li>Mises \u00e0 jour r\u00e9guli\u00e8res et soutien de d\u00e9veloppeurs exp\u00e9riment\u00e9s pour s&rsquo;assurer que le th\u00e8me reste \u00e0 jour avec les derni\u00e8res technologies et tendances.<\/li>\n<\/ul>\n","protected":false},"excerpt":{"rendered":"<p>Le th\u00e8me WordPress immobilier de HomePress se pr\u00e9sente comme un instrument tr\u00e8s puissant et intuitif dans le but de construire un site Web visuellement frappant trait\u00e9 \u00e0 votre entreprise immobili\u00e8re. Son assortiment de mod\u00e8les conviviaux et de widgets personnalis\u00e9s vous permet de pr\u00e9senter vos propri\u00e9t\u00e9s, vos listes focales et les profils de vos agents de mani\u00e8re polie et agr\u00e9able. Non seulement ce th\u00e8me poss\u00e8de une conception r\u00e9active, ce qui rend votre site Web visuellement attrayant sur tous les appareils, mais il int\u00e8gre \u00e9galement des fonctionnalit\u00e9s de recherche avanc\u00e9es qui permettent \u00e0 votre client\u00e8le de d\u00e9terminer les r\u00e9sultats souhait\u00e9s avec pr\u00e9cision. En outre, l&rsquo;inclusion d&rsquo;une importation de d\u00e9monstration en un clic et d&rsquo;une documentation approfondie garantit la plus grande commodit\u00e9 lorsque vous vous lancez dans votre voyage HomePress. Am\u00e9liorez votre pr\u00e9sence virtuelle et allure une client\u00e8le plus grande avec les prouesses in\u00e9gal\u00e9es de HomePress.<\/p>\n","protected":false},"featured_media":144183,"comment_status":"open","ping_status":"open","template":"","meta":[],"product_brand":[2433],"product_cat":[1356,1212,1213],"product_tag":[1366],"class_list":{"0":"post-113773","1":"product","2":"type-product","3":"status-publish","4":"has-post-thumbnail","6":"product_brand-themeforest","7":"product_cat-immobilier","8":"product_cat-themes","9":"product_cat-wordpress-themes","10":"product_tag-themeforest","11":"member-discount","12":"discount-restricted","14":"first","15":"instock","16":"sale","17":"downloadable","18":"virtual","19":"sold-individually","20":"purchasable","21":"product-type-simple"},"_links":{"self":[{"href":"https:\/\/gpl-love.com\/fr\/wp-json\/wp\/v2\/product\/113773","targetHints":{"allow":["GET"]}}],"collection":[{"href":"https:\/\/gpl-love.com\/fr\/wp-json\/wp\/v2\/product"}],"about":[{"href":"https:\/\/gpl-love.com\/fr\/wp-json\/wp\/v2\/types\/product"}],"replies":[{"embeddable":true,"href":"https:\/\/gpl-love.com\/fr\/wp-json\/wp\/v2\/comments?post=113773"}],"wp:featuredmedia":[{"embeddable":true,"href":"https:\/\/gpl-love.com\/fr\/wp-json\/wp\/v2\/media\/144183"}],"wp:attachment":[{"href":"https:\/\/gpl-love.com\/fr\/wp-json\/wp\/v2\/media?parent=113773"}],"wp:term":[{"taxonomy":"product_brand","embeddable":true,"href":"https:\/\/gpl-love.com\/fr\/wp-json\/wp\/v2\/product_brand?post=113773"},{"taxonomy":"product_cat","embeddable":true,"href":"https:\/\/gpl-love.com\/fr\/wp-json\/wp\/v2\/product_cat?post=113773"},{"taxonomy":"product_tag","embeddable":true,"href":"https:\/\/gpl-love.com\/fr\/wp-json\/wp\/v2\/product_tag?post=113773"}],"curies":[{"name":"wp","href":"https:\/\/api.w.org\/{rel}","templated":true}]}}