{"id":113771,"date":"2021-04-11T00:00:00","date_gmt":"2021-04-10T22:00:00","guid":{"rendered":"http:\/\/gpl-love.com\/fr\/produit\/cargo-transport-et-logistics-wordpress-theme\/"},"modified":"2026-03-20T22:58:03","modified_gmt":"2026-03-20T21:58:03","slug":"cargo-transport-et-logistics-wordpress-theme","status":"publish","type":"product","link":"https:\/\/gpl-love.com\/fr\/produit\/cargo-transport-et-logistics-wordpress-theme\/","title":{"rendered":"Cargo Transport et Logistics WordPress Theme 1.3.3"},"content":{"rendered":"<h3>Cargo Transport et Logistics WordPress Theme Traits<\/h3>\n<p>Le th\u00e8me WordPress de transport et de logistique, avec sa myriade de fonctionnalit\u00e9s et de capacit\u00e9s robustes, constitue un atout inestimable pour les entreprises op\u00e9rant dans le secteur des transports et de la logistique. Son interface conviviale, associ\u00e9e \u00e0 ses fonctionnalit\u00e9s hautement personnalisables, permet aux utilisateurs de montrer efficacement leurs services, flotte et \u00e9quipe, \u00e9tablissant ainsi un sentiment de professionnalisme et de captivation. Ce th\u00e8me poss\u00e8de une pl\u00e9thore de pages pr\u00e9-con\u00e7ues, englobant un formulaire de r\u00e9servation, une page de suivi et des pages de service, facilitant ainsi la navigation transparente pour les clients et garantissant que leurs besoins sont rapidement satisfaits. En outre, la r\u00e9activit\u00e9 du th\u00e8me et la nature adapt\u00e9e aux mobiles garantissent un site Web esth\u00e9tiquement agr\u00e9able sur tous les appareils. Quelle que soit l&rsquo;\u00e9chelle de votre entreprise, qu&rsquo;il s&rsquo;agisse d&rsquo;une modeste compagnie maritime ou d&rsquo;un vaste fournisseur de logistique, le th\u00e8me WordPress de transport et de logistique sert de catalyseur pour \u00e9tablir une pr\u00e9sence en ligne et favoriser une croissance des entreprises sans pr\u00e9c\u00e9dent.<\/p>\n<ul>\n<li>-GOSITION DE LA PUSSIMMATION avec plusieurs sections pour pr\u00e9senter des services, des t\u00e9moignages et plus encore<\/li>\n<li>-Igration avec les plugins de transport et logistique populaires pour des fonctionnalit\u00e9s suppl\u00e9mentaires<\/li>\n<li>&#8211; Conception r\u00e9active pour une visualisation optimale sur tous les appareils<\/li>\n<li>&#8211; Pages de pr\u00e9paration pour une configuration pratique, y compris les services, \u00e0 propos de nous, contactez-nous et plus<\/li>\n<li>-Les fonctionnalit\u00e9s de recherche avanc\u00e9es pour une navigation facile des services de transport et de logistique<\/li>\n<li>&#8211; Int\u00e9gration des m\u00e9dias sociaux pour le partage et la promotion faciles de votre entreprise en ligne<\/li>\n<li>-Potimis\u00e9 pour le r\u00e9f\u00e9rencement pour am\u00e9liorer la visibilit\u00e9 et le classement dans les pages de r\u00e9sultats du moteur de recherche<\/li>\n<li>-La r\u00e9servation en ligne et syst\u00e8me de suivi de livraison pour plus de commodit\u00e9 pour les clients<\/li>\n<li>-Conde de navigation pr\u00e9lective et intuitive pour un acc\u00e8s rapide et facile \u00e0 des informations importantes<\/li>\n<li>-D\u00e9sion d&rsquo;\u00e9quipe d&rsquo;assistance avec une documentation d\u00e9taill\u00e9e pour la configuration et la personnalisation sans tracas<\/li>\n<\/ul>\n","protected":false},"excerpt":{"rendered":"<p>D\u00e9couvrez une pr\u00e9sence Web efficace et professionnelle avec notre th\u00e8me WordPress de transport et de logistique. Con\u00e7u sp\u00e9cifiquement pour les entreprises de logistique, de fret, de fret, d&rsquo;exp\u00e9dition et de transport, ce th\u00e8me est \u00e9quip\u00e9 de toutes les fonctionnalit\u00e9s n\u00e9cessaires pour rationaliser vos op\u00e9rations et impressionner vos clients. Il comprend une interface intuitive, une navigation facile et des dispositions enti\u00e8rement personnalisables qui vous permettent d&rsquo;afficher vos services de la mani\u00e8re la plus engageante.<\/p>\n<p>Profitez de la commodit\u00e9 d&rsquo;une calculatrice de devis int\u00e9gr\u00e9e, des syst\u00e8mes de suivi et des formulaires de r\u00e9servation avanc\u00e9s &#8211; tous con\u00e7us pour rendre votre entreprise de transport et de logistique plus accessible aux clients. Ce th\u00e8me WordPress est r\u00e9actif, assurant une visualisation et une interaction optimales sur un large \u00e9ventail d&rsquo;appareils. Il est \u00e9galement optimis\u00e9e en SEO, aidant votre entreprise \u00e0 se classer plus haut dans les r\u00e9sultats des moteurs de recherche et \u00e0 attirer plus de trafic sur votre site.<\/p>\n<p>Notre th\u00e8me WordPress de transport et de logistique est l&rsquo;outil parfait pour stimuler votre pr\u00e9sence en ligne et d\u00e9velopper votre entreprise. Il est facile \u00e0 installer, convivial et compatible avec une vari\u00e9t\u00e9 de plugins. Commencez aujourd&rsquo;hui et faites l&rsquo;exp\u00e9rience de la diff\u00e9rence!<\/p>\n","protected":false},"featured_media":143358,"comment_status":"open","ping_status":"open","template":"","meta":[],"product_brand":[2433],"product_cat":[1516,1212,1213],"product_tag":[1366],"class_list":{"0":"post-113771","1":"product","2":"type-product","3":"status-publish","4":"has-post-thumbnail","6":"product_brand-themeforest","7":"product_cat-entreprise","8":"product_cat-themes","9":"product_cat-wordpress-themes","10":"product_tag-themeforest","11":"member-discount","12":"discount-restricted","14":"first","15":"instock","16":"sale","17":"downloadable","18":"virtual","19":"sold-individually","20":"purchasable","21":"product-type-simple"},"_links":{"self":[{"href":"https:\/\/gpl-love.com\/fr\/wp-json\/wp\/v2\/product\/113771","targetHints":{"allow":["GET"]}}],"collection":[{"href":"https:\/\/gpl-love.com\/fr\/wp-json\/wp\/v2\/product"}],"about":[{"href":"https:\/\/gpl-love.com\/fr\/wp-json\/wp\/v2\/types\/product"}],"replies":[{"embeddable":true,"href":"https:\/\/gpl-love.com\/fr\/wp-json\/wp\/v2\/comments?post=113771"}],"wp:featuredmedia":[{"embeddable":true,"href":"https:\/\/gpl-love.com\/fr\/wp-json\/wp\/v2\/media\/143358"}],"wp:attachment":[{"href":"https:\/\/gpl-love.com\/fr\/wp-json\/wp\/v2\/media?parent=113771"}],"wp:term":[{"taxonomy":"product_brand","embeddable":true,"href":"https:\/\/gpl-love.com\/fr\/wp-json\/wp\/v2\/product_brand?post=113771"},{"taxonomy":"product_cat","embeddable":true,"href":"https:\/\/gpl-love.com\/fr\/wp-json\/wp\/v2\/product_cat?post=113771"},{"taxonomy":"product_tag","embeddable":true,"href":"https:\/\/gpl-love.com\/fr\/wp-json\/wp\/v2\/product_tag?post=113771"}],"curies":[{"name":"wp","href":"https:\/\/api.w.org\/{rel}","templated":true}]}}