{"id":113769,"date":"2021-08-18T00:00:00","date_gmt":"2021-08-17T22:00:00","guid":{"rendered":"http:\/\/gpl-love.com\/fr\/produit\/captcha-plus-wordpress-plugin\/"},"modified":"2026-03-20T22:57:57","modified_gmt":"2026-03-20T21:57:57","slug":"captcha-plus-wordpress-plugin","status":"publish","type":"product","link":"https:\/\/gpl-love.com\/fr\/produit\/captcha-plus-wordpress-plugin\/","title":{"rendered":"Captcha Plus WordPress Plugin 5.1.5"},"content":{"rendered":"<h3>Captcha Plus WordPress Plugin Traits<\/h3>\n<p>Le but du plugin CAPTCHA Plus WordPress est de renforcer les mesures de s\u00e9curit\u00e9 de votre site Web en contrecarrant efficacement le spam et les robots automatis\u00e9s qui peuvent tenter d&rsquo;infiltrer votre syst\u00e8me. Ce plugin remarquable poss\u00e8de un tableau d&rsquo;alternatives CAPTCHA, englobant des \u00e9quations math\u00e9matiques simples, une reconnaissance d&rsquo;image et m\u00eame des options suppl\u00e9mentaires pour votre commodit\u00e9. De plus, il vous accorde l&rsquo;avantage in\u00e9gal\u00e9 des personnalisations avanc\u00e9es et une flexibilit\u00e9 in\u00e9gal\u00e9e, vous permettant de r\u00e9gler finement les param\u00e8tres CAPTCHA pour s&rsquo;aligner sur vos exigences distinctes. En mettant en \u0153uvre le plugin CAPTCHA Plus WordPress, vous pouvez vous plonger en toute confiance dans la connaissance que votre site Web reste imperm\u00e9able aux intrusions non bienvenues et aux attaques de spam malveillantes.<\/p>\n<ul>\n<li>Fournit une s\u00e9curit\u00e9 CAPTCHA avanc\u00e9e pour les sites Web WordPress.<\/li>\n<li>Prot\u00e9ge les sites Web des attaques SPAM et DDOS.<\/li>\n<li>Offre plusieurs options CAPTCHA, y compris le texte, l&rsquo;image et l&rsquo;audio.<\/li>\n<li>Param\u00e8tres CAPTCHA personnalisables pour r\u00e9pondre aux besoins sp\u00e9cifiques d&rsquo;un site Web.<\/li>\n<li>Installation et utilisation faciles avec la plate-forme WordPress.<\/li>\n<li>Compatible avec les plugins et th\u00e8mes WordPress populaires.<\/li>\n<li>Fournit des journaux d&rsquo;activit\u00e9 CAPTCHA d\u00e9taill\u00e9s pour la surveillance et l&rsquo;analyse.<\/li>\n<li>Aide \u00e0 am\u00e9liorer les performances du site Web et l&rsquo;exp\u00e9rience utilisateur.<\/li>\n<li>Con\u00e7u et d\u00e9velopp\u00e9 par des d\u00e9veloppeurs WordPress exp\u00e9riment\u00e9s.<\/li>\n<li>Fournit une protection CAPTCHA fiable et efficace pour les sites Web.<\/li>\n<\/ul>\n","protected":false},"excerpt":{"rendered":"<p>D\u00e9couvrez la s\u00e9curit\u00e9 ultime avec le plugin CAPTCHA Plus WordPress. Ce plugin innovant offre une protection in\u00e9gal\u00e9e pour votre site WordPress, le gardant \u00e0 l&rsquo;abri du spam et des robots. Sa caract\u00e9ristique cl\u00e9 comprend une interface intelligente et facile \u00e0 utiliser qui g\u00e9n\u00e8re intuitivement des codes CAPTCHA complexes, ajoutant une couche suppl\u00e9mentaire de s\u00e9curit\u00e9 \u00e0 votre site. Plus qu&rsquo;un simple outil de d\u00e9fense, Captcha Plus est hautement personnalisable, vous permettant de choisir parmi une vari\u00e9t\u00e9 de types de captcha, tels que des actions math\u00e9matiques, des personnages ou des mots. Le plugin prend \u00e9galement en charge plusieurs langues, ce qui le rend accessible aux utilisateurs du monde entier. Avec son processus d&rsquo;installation simple et sa conception conviviale, le plugin CAPTCHA Plus WordPress fait un jeu d&rsquo;enfant. Alors pourquoi attendre? Stimulez la protection de votre site aujourd&rsquo;hui avec Captcha Plus.<\/p>\n","protected":false},"featured_media":143352,"comment_status":"open","ping_status":"open","template":"","meta":[],"product_brand":[2435],"product_cat":[1189,1181,1186],"product_tag":[1231],"class_list":{"0":"post-113769","1":"product","2":"type-product","3":"status-publish","4":"has-post-thumbnail","6":"product_brand-codecanyon","7":"product_cat-personnalisation","8":"product_cat-plugins","9":"product_cat-wordpress-plugins","10":"product_tag-codecanyon","11":"member-discount","12":"discount-restricted","14":"first","15":"instock","16":"sale","17":"downloadable","18":"virtual","19":"sold-individually","20":"purchasable","21":"product-type-simple"},"_links":{"self":[{"href":"https:\/\/gpl-love.com\/fr\/wp-json\/wp\/v2\/product\/113769","targetHints":{"allow":["GET"]}}],"collection":[{"href":"https:\/\/gpl-love.com\/fr\/wp-json\/wp\/v2\/product"}],"about":[{"href":"https:\/\/gpl-love.com\/fr\/wp-json\/wp\/v2\/types\/product"}],"replies":[{"embeddable":true,"href":"https:\/\/gpl-love.com\/fr\/wp-json\/wp\/v2\/comments?post=113769"}],"wp:featuredmedia":[{"embeddable":true,"href":"https:\/\/gpl-love.com\/fr\/wp-json\/wp\/v2\/media\/143352"}],"wp:attachment":[{"href":"https:\/\/gpl-love.com\/fr\/wp-json\/wp\/v2\/media?parent=113769"}],"wp:term":[{"taxonomy":"product_brand","embeddable":true,"href":"https:\/\/gpl-love.com\/fr\/wp-json\/wp\/v2\/product_brand?post=113769"},{"taxonomy":"product_cat","embeddable":true,"href":"https:\/\/gpl-love.com\/fr\/wp-json\/wp\/v2\/product_cat?post=113769"},{"taxonomy":"product_tag","embeddable":true,"href":"https:\/\/gpl-love.com\/fr\/wp-json\/wp\/v2\/product_tag?post=113769"}],"curies":[{"name":"wp","href":"https:\/\/api.w.org\/{rel}","templated":true}]}}