{"id":113767,"date":"2021-04-11T00:00:00","date_gmt":"2021-04-10T22:00:00","guid":{"rendered":"http:\/\/gpl-love.com\/fr\/produit\/uppercase-wordpress-blog-theme-with-dark-mode\/"},"modified":"2026-04-10T18:44:28","modified_gmt":"2026-04-10T16:44:28","slug":"uppercase-wordpress-blog-theme-with-dark-mode","status":"publish","type":"product","link":"https:\/\/gpl-love.com\/fr\/produit\/uppercase-wordpress-blog-theme-with-dark-mode\/","title":{"rendered":"Uppercase WordPress Blog Th\u00e8me with Dark Mode 1.0.8"},"content":{"rendered":"<h3>Uppercase WordPress Blog Th\u00e8me with Dark Mode Traits<\/h3>\n<p>Le th\u00e8me du blog WordPress en majuscule, rempli d&rsquo;un mode sombre captivant, est un th\u00e8me v\u00e9ritablement chic et contemporain qui est sur mesure pour les blogueurs qui aspirent \u00e0 \u00e9tablir une d\u00e9claration r\u00e9solue et audacieuse avec leur site Web. Ce th\u00e8me met en valeur une police enti\u00e8rement captivante qui exige sans effort l&rsquo;attention, associ\u00e9e \u00e0 un sch\u00e9ma de couleurs sombre \u00e9l\u00e9gant et sophistiqu\u00e9 qui d\u00e9gage un air de raffinement et de panache. Les abonn\u00e9s \u00e0 ce th\u00e8me se verront accorder la capacit\u00e9 inestimable \u00e0 personnaliser et afficher sans effort leur contenu de mani\u00e8re visuellement attrayante et intrins\u00e8quement conviviale. De plus, l&rsquo;inclusion de la fonctionnalit\u00e9 du mode Dark offre aux lecteurs l&rsquo;occasion inestimable de passer de mani\u00e8re transparente vers une exp\u00e9rience de lecture plus confortable et facilement discernable, en particulier dans les param\u00e8tres de faible luminosit\u00e9 o\u00f9 les modes traditionnels peuvent s&rsquo;av\u00e9rer une d\u00e9formation visuelle. En fin de compte, le th\u00e8me du blog WordPress en majuscules, fortifi\u00e9 avec son mode sombre impeccable, repr\u00e9sente sans \u00e9quivoque un choix in\u00e9gal\u00e9 pour les blogueurs qui aspirent \u00e0 agrandir leur pr\u00e9sence en ligne et \u00e0 gravir de mani\u00e8re ind\u00e9l\u00e9bile une impression durable et remarquable sur leur public.<\/p>\n<ul>\n<li>Un th\u00e8me de blog WordPress \u00e9l\u00e9gant et moderne con\u00e7u avec une typographie sup\u00e9rieure pour un look frappant<\/li>\n<li>Des options de personnalisation faciles vous permettent de changer les couleurs et les polices pour rendre le th\u00e8me uniquement le v\u00f4tre<\/li>\n<li>La fonctionnalit\u00e9 du mode Dark offre une option \u00e9l\u00e9gante et visuellement attrayante pour les utilisateurs qui pr\u00e9f\u00e8rent un sch\u00e9ma de couleurs plus fonc\u00e9<\/li>\n<li>La conception r\u00e9active mobile garantit que votre blog est superbe et fonctionne de mani\u00e8re transparente sur n&rsquo;importe quel appareil<\/li>\n<li>L&rsquo;int\u00e9gration int\u00e9gr\u00e9e des m\u00e9dias sociaux permet de partager facilement votre contenu et de d\u00e9velopper votre suivi<\/li>\n<li>SEO optimis\u00e9 pour aider votre blog \u00e0 se classer plus haut dans les moteurs de recherche et \u00e0 attirer plus de trafic biologique<\/li>\n<li>Installation en un clic avec une documentation et un soutien d\u00e9taill\u00e9s pour vous aider \u00e0 d\u00e9marrer rapidement et sans effort<\/li>\n<li>Mises \u00e0 jour et am\u00e9liorations r\u00e9guli\u00e8res pour vous assurer que votre blog reste \u00e0 jour et s\u00e9curis\u00e9<\/li>\n<li>Compatible avec les plugins WordPress populaires, y compris WooCommerce pour une int\u00e9gration de commerce \u00e9lectronique facile<\/li>\n<li>Un excellent choix pour les blogueurs, les cr\u00e9atifs, les journalistes et toute personne \u00e0 la recherche d&rsquo;un th\u00e8me WordPress audacieux et unique.<\/li>\n<\/ul>\n","protected":false},"excerpt":{"rendered":"<p>Bienvenue \u00e0 l&rsquo;introduction du th\u00e8me du blog WordPress en majuscule avec le mode sombre &#8211; un design exceptionnellement sophistiqu\u00e9 et visuellement attrayant qui est adapt\u00e9 pour r\u00e9pondre aux besoins distincts des blogueurs qui aspirent \u00e0 \u00e9tablir une pr\u00e9sence en ligne remarquable. Ce th\u00e8me remarquable pr\u00e9sente une option remarquable de mode sombre, m\u00e9ticuleusement organis\u00e9e pour satisfaire les pr\u00e9f\u00e9rences des individus qui appr\u00e9cient une esth\u00e9tique plus raffin\u00e9e et discr\u00e8te. De plus, ce th\u00e8me poss\u00e8de une abondance d&rsquo;options de personnalisation, vous permettant de cr\u00e9er sans effort une apparence distinctive qui incarne vraiment votre identit\u00e9 de marque distinctive. De plus, l&rsquo;interface conviviale et la mise en page r\u00e9active garantissent que votre blog d\u00e9gagera l&rsquo;excellence et la faille sur tous les appareils, en \u00e9tablissant une exp\u00e9rience utilisateur captivante et transparente. De plus, vous b\u00e9n\u00e9ficierez d&rsquo;un large \u00e9ventail de fonctionnalit\u00e9s et de plugins, qui facilitent la gestion des blogs sans effort, garantissant que l&rsquo;ensemble du processus est un jeu d&rsquo;enfant. \u00c9levez vos efforts de blogs aujourd&rsquo;hui en embrassant l&rsquo;excellence in\u00e9gal\u00e9e du th\u00e8me du blog WordPress en majuscules avec le mode sombre.<\/p>\n","protected":false},"featured_media":145664,"comment_status":"open","ping_status":"open","template":"","meta":[],"product_brand":[2433],"product_cat":[1220,1212,1213],"product_tag":[1366],"class_list":{"0":"post-113767","1":"product","2":"type-product","3":"status-publish","4":"has-post-thumbnail","6":"product_brand-themeforest","7":"product_cat-blog-magazine","8":"product_cat-themes","9":"product_cat-wordpress-themes","10":"product_tag-themeforest","11":"member-discount","12":"discount-restricted","14":"first","15":"instock","16":"sale","17":"downloadable","18":"virtual","19":"sold-individually","20":"purchasable","21":"product-type-simple"},"_links":{"self":[{"href":"https:\/\/gpl-love.com\/fr\/wp-json\/wp\/v2\/product\/113767","targetHints":{"allow":["GET"]}}],"collection":[{"href":"https:\/\/gpl-love.com\/fr\/wp-json\/wp\/v2\/product"}],"about":[{"href":"https:\/\/gpl-love.com\/fr\/wp-json\/wp\/v2\/types\/product"}],"replies":[{"embeddable":true,"href":"https:\/\/gpl-love.com\/fr\/wp-json\/wp\/v2\/comments?post=113767"}],"wp:featuredmedia":[{"embeddable":true,"href":"https:\/\/gpl-love.com\/fr\/wp-json\/wp\/v2\/media\/145664"}],"wp:attachment":[{"href":"https:\/\/gpl-love.com\/fr\/wp-json\/wp\/v2\/media?parent=113767"}],"wp:term":[{"taxonomy":"product_brand","embeddable":true,"href":"https:\/\/gpl-love.com\/fr\/wp-json\/wp\/v2\/product_brand?post=113767"},{"taxonomy":"product_cat","embeddable":true,"href":"https:\/\/gpl-love.com\/fr\/wp-json\/wp\/v2\/product_cat?post=113767"},{"taxonomy":"product_tag","embeddable":true,"href":"https:\/\/gpl-love.com\/fr\/wp-json\/wp\/v2\/product_tag?post=113767"}],"curies":[{"name":"wp","href":"https:\/\/api.w.org\/{rel}","templated":true}]}}