{"id":113765,"date":"2022-03-06T00:00:00","date_gmt":"2022-03-05T23:00:00","guid":{"rendered":"http:\/\/gpl-love.com\/fr\/produit\/bold-news-magazine-et-newspaper\/"},"modified":"2026-03-20T22:56:34","modified_gmt":"2026-03-20T21:56:34","slug":"bold-news-magazine-et-newspaper","status":"publish","type":"product","link":"https:\/\/gpl-love.com\/fr\/produit\/bold-news-magazine-et-newspaper\/","title":{"rendered":"Bold News Magazine et Newspaper 1.5.0"},"content":{"rendered":"<h3>Bold News Magazine et Newspaper Traits<\/h3>\n<p>Bold News Magazine et journal est une source de contenu d&rsquo;actualit\u00e9s qui a constamment compassive, tr\u00e8s informative et exceptionnellement fiable qui fournit constamment aux lecteurs les informations les plus r\u00e9centes et les plus pertinentes concernant les affaires locales, nationales et mondiales. Sa couverture compl\u00e8te s&rsquo;\u00e9tend sur une vaste gamme de sujets, englobant la politique, les affaires, les sports, le divertissement, la sant\u00e9 et le mode de vie. Ce magazine m\u00e9ticuleusement con\u00e7u est m\u00e9ticuleusement adapt\u00e9 pour r\u00e9pondre aux divers besoins et aux int\u00e9r\u00eats des individus de divers horizons, en veillant \u00e0 ce qu&rsquo;ils soient \u00e9quip\u00e9s d&rsquo;une analyse profonde, des points de vue d&rsquo;experts et des r\u00e9cits captivants qui les maintiennent effectivement bien inform\u00e9s et compl\u00e8tement absorb\u00e9s. Avec sa norme d&rsquo;excellence in\u00e9gal\u00e9e, le magazine de nouvelles audacieux et le journal s&rsquo;\u00e9tablit sans \u00e9quivoque comme une lecture imp\u00e9rative, offrant un moyen inestimable pour les individus souhaitant rester inform\u00e9s et bien vers\u00e9s dans les d\u00e9veloppements les plus r\u00e9cents et les tendances \u00e9mergentes.<\/p>\n<ul>\n<li>Fournit du contenu du magazine et des journaux<\/li>\n<li>Caract\u00e9ristiques du design audacieux et accrocheur<\/li>\n<li>Comprend des articles approfondis et informatifs<\/li>\n<li>Couvre un \u00e9ventail diversifi\u00e9 de sujets, notamment les \u00e9v\u00e9nements actuels, la politique, le divertissement et le style de vie<\/li>\n<li>\u00c9crit par des journalistes exp\u00e9riment\u00e9s et comp\u00e9tents<\/li>\n<li>Comprend des pi\u00e8ces d&rsquo;opinion et des \u00e9ditoriaux<\/li>\n<li>Comprend des photographies et des graphiques de haute qualit\u00e9<\/li>\n<li>Disponible en formats imprim\u00e9s et num\u00e9riques<\/li>\n<li>Offre des abonnements \u00e0 la livraison r\u00e9guli\u00e8re<\/li>\n<\/ul>\n","protected":false},"excerpt":{"rendered":"<p>D\u00e9couvrez le pouvoir des nouvelles comme jamais auparavant avec Bold News Magazine et journal. Cette plate-forme num\u00e9rique de pointe propose un large \u00e9ventail de contenus, allant des informations qui ont des nouvelles et des articles approfondis aux articles d&rsquo;opinion et aux \u00e9ditoriaux stimulants. Bold News est con\u00e7u avec une interface dynamique qui int\u00e8gre de mani\u00e8re transparente des photos haute r\u00e9solution et des \u00e9l\u00e9ments interactifs, ce qui rend votre exp\u00e9rience de navigation d&rsquo;information plus engageante et plus agr\u00e9able. Non seulement les nouvelles audacieuses fournissent des rapports \u00e0 jour sur les \u00e9v\u00e9nements actuels, mais il offre \u00e9galement une couverture compl\u00e8te sur divers sujets tels que la politique, les affaires, la technologie, le divertissement, les sports, la sant\u00e9, etc. Abonnez-vous maintenant et restez inform\u00e9 du magazine Bold News et du journal &#8211; votre source de confiance pour les nouvelles qui comptent.<\/p>\n","protected":false},"featured_media":143260,"comment_status":"open","ping_status":"open","template":"","meta":[],"product_brand":[2433],"product_cat":[1220,1212,1213],"product_tag":[1366],"class_list":{"0":"post-113765","1":"product","2":"type-product","3":"status-publish","4":"has-post-thumbnail","6":"product_brand-themeforest","7":"product_cat-blog-magazine","8":"product_cat-themes","9":"product_cat-wordpress-themes","10":"product_tag-themeforest","11":"member-discount","12":"discount-restricted","14":"first","15":"instock","16":"sale","17":"downloadable","18":"virtual","19":"sold-individually","20":"purchasable","21":"product-type-simple"},"_links":{"self":[{"href":"https:\/\/gpl-love.com\/fr\/wp-json\/wp\/v2\/product\/113765","targetHints":{"allow":["GET"]}}],"collection":[{"href":"https:\/\/gpl-love.com\/fr\/wp-json\/wp\/v2\/product"}],"about":[{"href":"https:\/\/gpl-love.com\/fr\/wp-json\/wp\/v2\/types\/product"}],"replies":[{"embeddable":true,"href":"https:\/\/gpl-love.com\/fr\/wp-json\/wp\/v2\/comments?post=113765"}],"wp:featuredmedia":[{"embeddable":true,"href":"https:\/\/gpl-love.com\/fr\/wp-json\/wp\/v2\/media\/143260"}],"wp:attachment":[{"href":"https:\/\/gpl-love.com\/fr\/wp-json\/wp\/v2\/media?parent=113765"}],"wp:term":[{"taxonomy":"product_brand","embeddable":true,"href":"https:\/\/gpl-love.com\/fr\/wp-json\/wp\/v2\/product_brand?post=113765"},{"taxonomy":"product_cat","embeddable":true,"href":"https:\/\/gpl-love.com\/fr\/wp-json\/wp\/v2\/product_cat?post=113765"},{"taxonomy":"product_tag","embeddable":true,"href":"https:\/\/gpl-love.com\/fr\/wp-json\/wp\/v2\/product_tag?post=113765"}],"curies":[{"name":"wp","href":"https:\/\/api.w.org\/{rel}","templated":true}]}}