{"id":113763,"date":"2022-01-21T00:00:00","date_gmt":"2022-01-20T23:00:00","guid":{"rendered":"http:\/\/gpl-love.com\/fr\/produit\/arlo-portfolio-wordpress-theme\/"},"modified":"2026-03-20T22:55:02","modified_gmt":"2026-03-20T21:55:02","slug":"arlo-portfolio-wordpress-theme","status":"publish","type":"product","link":"https:\/\/gpl-love.com\/fr\/produit\/arlo-portfolio-wordpress-theme\/","title":{"rendered":"Arlo Portfolio WordPress Theme 4.4"},"content":{"rendered":"<h3>Arlo Portfolio WordPress Theme Traits<\/h3>\n<p>Le th\u00e8me WordPress du portefeuille Arlo, offrant un design \u00e9l\u00e9gant et moderne, se pr\u00e9sente comme un choix impeccable pour les personnes cherchant \u00e0 exposer leurs efforts cr\u00e9atifs ou leur marque personnelle. La polyvalence de ce th\u00e8me ne conna\u00eet pas de limites, car elle permet aux utilisateurs de personnaliser pleinement leur site Web via un \u00e9ventail d&rsquo;options, englobant les polices, les couleurs et les dispositions qui peuvent \u00eatre modifi\u00e9es sans effort pour r\u00e9pondre \u00e0 son style distinctif. La page d&rsquo;accueil pr\u00e9sente de mani\u00e8re impressionnante un diaporama dynamique, capturant ainsi efficacement l&rsquo;attention des visiteurs tout en mettant simultan\u00e9ment les plus belles \u0153uvres. En outre, une section de portefeuille m\u00e9ticuleusement organis\u00e9e met sans effort les projets de mani\u00e8re vierge et syst\u00e9matique. Le th\u00e8me WordPress du portefeuille Arlo, caract\u00e9ris\u00e9 par sa r\u00e9activit\u00e9 et son optimisation des moteurs de recherche, garantit un site Web esth\u00e9tiquement attrayant et tr\u00e8s performant sur tous les appareils. \u00c0 la lumi\u00e8re de ces caract\u00e9ristiques exceptionnelles, le th\u00e8me du portefeuille Arlo WordPress m\u00e9rite sans aucun doute une consid\u00e9ration s\u00e9rieuse pour ceux qui recherchent une plate-forme num\u00e9rique professionnelle et \u00e9l\u00e9gante pour montrer leur travail remarquable.<\/p>\n<ul>\n<li>Design \u00e9l\u00e9gant et moderne parfait pour pr\u00e9senter des projets cr\u00e9atifs<\/li>\n<li>Enti\u00e8rement personnalisable avec un constructeur de pages glisser-d\u00e9poser et un personnalisateur de th\u00e8me en direct<\/li>\n<li>R\u00e9actif et adapt\u00e9 aux mobiles, assurant une exp\u00e9rience utilisateur transparente sur tous les appareils<\/li>\n<li>Plusieurs options de disposition, y compris les formats de ma\u00e7onnerie, de grille et de curseur<\/li>\n<li>Int\u00e9gr\u00e9 aux m\u00e9dias sociaux, permettant un partage facile du contenu<\/li>\n<li>Comprend une vari\u00e9t\u00e9 de pages pr\u00e9-con\u00e7ues pour une configuration rapide et facile<\/li>\n<li>Option de filtre de portefeuille pour une organisation facile et une navigation du contenu<\/li>\n<li>Compatible avec les plugins WordPress populaires tels que WooCommerce et Contact Form 7<\/li>\n<li>SEO optimis\u00e9 pour aider \u00e0 am\u00e9liorer le classement et la visibilit\u00e9 des moteurs de recherche<\/li>\n<li>Documentation compl\u00e8te et support client d\u00e9di\u00e9 \u00e0 tous les besoins de d\u00e9pannage.<\/li>\n<\/ul>\n","protected":false},"excerpt":{"rendered":"<p>D\u00e9couvrez la flexibilit\u00e9 in\u00e9gal\u00e9e et les prouesses de conception du th\u00e8me WordPress du portefeuille Arlo. Ce th\u00e8me est parfait pour les artistes, les pigistes et les agences qui cherchent \u00e0 pr\u00e9senter leur travail d&rsquo;une mani\u00e8re \u00e9tonnante et professionnelle. Arlo offre une pl\u00e9thore de fonctionnalit\u00e9s telles que la conception r\u00e9active, la personnalisation facile et la compatibilit\u00e9 avec divers plugins. La disposition propre et moderne du th\u00e8me place votre portefeuille avant et au centre, capturant facilement l&rsquo;attention des clients potentiels. Profitez d&rsquo;une int\u00e9gration transparente avec le puissant syst\u00e8me de gestion de contenu de WordPress et b\u00e9n\u00e9ficiez de mises \u00e0 jour r\u00e9guli\u00e8res pour garder votre site \u00e0 son meilleur. Le th\u00e8me WordPress du portefeuille Arlo est le choix id\u00e9al pour les professionnels de la cr\u00e9ation \u00e0 la recherche d&rsquo;une plate-forme dynamique et visuellement frappante pour leur portefeuille.<\/p>\n","protected":false},"featured_media":143156,"comment_status":"open","ping_status":"open","template":"","meta":[],"product_brand":[2433],"product_cat":[1242,1212,1213],"product_tag":[1366],"class_list":{"0":"post-113763","1":"product","2":"type-product","3":"status-publish","4":"has-post-thumbnail","6":"product_brand-themeforest","7":"product_cat-creatif","8":"product_cat-themes","9":"product_cat-wordpress-themes","10":"product_tag-themeforest","11":"member-discount","12":"discount-restricted","14":"first","15":"instock","16":"sale","17":"downloadable","18":"virtual","19":"sold-individually","20":"purchasable","21":"product-type-simple"},"_links":{"self":[{"href":"https:\/\/gpl-love.com\/fr\/wp-json\/wp\/v2\/product\/113763","targetHints":{"allow":["GET"]}}],"collection":[{"href":"https:\/\/gpl-love.com\/fr\/wp-json\/wp\/v2\/product"}],"about":[{"href":"https:\/\/gpl-love.com\/fr\/wp-json\/wp\/v2\/types\/product"}],"replies":[{"embeddable":true,"href":"https:\/\/gpl-love.com\/fr\/wp-json\/wp\/v2\/comments?post=113763"}],"wp:featuredmedia":[{"embeddable":true,"href":"https:\/\/gpl-love.com\/fr\/wp-json\/wp\/v2\/media\/143156"}],"wp:attachment":[{"href":"https:\/\/gpl-love.com\/fr\/wp-json\/wp\/v2\/media?parent=113763"}],"wp:term":[{"taxonomy":"product_brand","embeddable":true,"href":"https:\/\/gpl-love.com\/fr\/wp-json\/wp\/v2\/product_brand?post=113763"},{"taxonomy":"product_cat","embeddable":true,"href":"https:\/\/gpl-love.com\/fr\/wp-json\/wp\/v2\/product_cat?post=113763"},{"taxonomy":"product_tag","embeddable":true,"href":"https:\/\/gpl-love.com\/fr\/wp-json\/wp\/v2\/product_tag?post=113763"}],"curies":[{"name":"wp","href":"https:\/\/api.w.org\/{rel}","templated":true}]}}