{"id":113761,"date":"2021-04-11T00:00:00","date_gmt":"2021-04-10T22:00:00","guid":{"rendered":"http:\/\/gpl-love.com\/fr\/produit\/aerolet-app-leting-software-website-wordpress-theme\/"},"modified":"2026-03-20T22:53:43","modified_gmt":"2026-03-20T21:53:43","slug":"aerolet-app-leting-software-website-wordpress-theme","status":"publish","type":"product","link":"https:\/\/gpl-love.com\/fr\/produit\/aerolet-app-leting-software-website-wordpress-theme\/","title":{"rendered":"AeroLand App Landing Software Website WordPress Theme 1.4.0"},"content":{"rendered":"<h3>AeroLand App Landing Software Website WordPress Theme Traits<\/h3>\n<p>Le site Web du logiciel Aeroland App Landing Softwing WordPress offre aux entreprises et aux particuliers une solution id\u00e9ale lorsqu&rsquo;il s&rsquo;agit de fabriquer une page de destination hautement professionnelle et captivante pour leur application. Tadav\u00e9 sp\u00e9cifiquement \u00e0 cet effet, le th\u00e8me excelle dans la pr\u00e9sentation des caract\u00e9ristiques, des avantages et des fonctionnalit\u00e9s distinctifs de votre application d&rsquo;une mani\u00e8re articul\u00e9e et concise. L&rsquo;installation et la personnalisation du th\u00e8me ne pose aucune difficult\u00e9, offrant une gamme de mod\u00e8les et de dispositions pr\u00e9-con\u00e7us. En am\u00e9liorant davantage son attrait, le th\u00e8me int\u00e8gre un assortiment de widgets et de fonctionnalit\u00e9s personnalisables visant \u00e0 optimiser votre page de destination pour des conversions optimales. Parmi ces actifs pr\u00e9cieux figurent des boutons d&rsquo;appel \u00e0 l&rsquo;action, de l&rsquo;int\u00e9gration des m\u00e9dias sociaux sans faille et d&rsquo;un \u00e9ventail d&rsquo;autres am\u00e9liorations. Le fait de s&rsquo;appuyer sur le site Web du logiciel d&rsquo;atterrissage Aeroland App Landing WordPress garantit un processus transparent et acc\u00e9l\u00e9r\u00e9 dans la cr\u00e9ation d&rsquo;une page de destination \u00e9tonnamment percutante pour votre application.<\/p>\n<ul>\n<li>Design r\u00e9actif et adapt\u00e9 \u00e0 mobile<\/li>\n<li>Page de page de glisser-d\u00e9poser intuitive<\/li>\n<li>Enti\u00e8rement personnalisable avec des options de th\u00e8me faciles \u00e0 utiliser<\/li>\n<li>Mod\u00e8les de page de destination pr\u00e9-con\u00e7us au choix<\/li>\n<li>Int\u00e9gration avec des services de marketing par e-mail populaires<\/li>\n<li>Compatibilit\u00e9 avec les plugins WordPress populaires<\/li>\n<li>SEO optimis\u00e9 pour les classements de moteur de recherche plus \u00e9lev\u00e9s<\/li>\n<li>Importation de d\u00e9monstration en un clic pour une configuration facile<\/li>\n<li>Documentation et soutien compl\u00e8tes<\/li>\n<li>Mises \u00e0 jour r\u00e9guli\u00e8res et am\u00e9liorations<\/li>\n<\/ul>\n","protected":false},"excerpt":{"rendered":"<p>Le th\u00e8me du site Web du logiciel Aeroland App Landing Softwing est une superbe option de conception de site Web d&rsquo;application pour ceux qui souhaitent cr\u00e9er une plate-forme impressionnante pour leurs applications. En mettant l&rsquo;accent sur les tendances de conception Web de pointe, ce th\u00e8me offre une apparence contemporaine pour les sites Web d&rsquo;atterrissage sur les applications, ce qui en fait un choix remarquable pour votre projet.<\/p>\n<p>Les techniques de codage avanc\u00e9es pour WordPress utilis\u00e9es dans ce th\u00e8me assurent une interface robuste et conviviale, offrant des options de personnalisation \u00e9tendues pour WordPress. Cela signifie que vous pouvez rapidement concevoir un site Web d&rsquo;atterrissage d&rsquo;application \u00e0 la fois professionnel et esth\u00e9tique.<\/p>\n<p>Connu pour sa compatibilit\u00e9 du navigateur dans les th\u00e8mes WordPress, Aeroland peut \u00eatre utilis\u00e9 de mani\u00e8re transparente dans tous les principaux navigateurs Web. En outre, il a \u00e9t\u00e9 con\u00e7u avec l&rsquo;optimisation des appareils mobiles pour les sites Web, ce qui le rend enti\u00e8rement r\u00e9actif et adapt\u00e9 \u00e0 tout appareil.<\/p>\n<p>Le th\u00e8me Aeroland est plus que des th\u00e8mes WordPress r\u00e9actifs pour l&rsquo;atterrissage des applications; Il est m\u00e9ticuleusement optimis\u00e9 pour les performances de pointe. Cette optimisation garantit une exp\u00e9rience utilisateur sans couture avec Aeroland, garantissant que vos utilisateurs peuvent naviguer sur votre site sans obstacle.<\/p>\n","protected":false},"featured_media":143071,"comment_status":"open","ping_status":"open","template":"","meta":[],"product_brand":[2433],"product_cat":[1242,1212,1213],"product_tag":[1366],"class_list":{"0":"post-113761","1":"product","2":"type-product","3":"status-publish","4":"has-post-thumbnail","6":"product_brand-themeforest","7":"product_cat-creatif","8":"product_cat-themes","9":"product_cat-wordpress-themes","10":"product_tag-themeforest","11":"member-discount","12":"discount-restricted","14":"first","15":"instock","16":"sale","17":"downloadable","18":"virtual","19":"sold-individually","20":"purchasable","21":"product-type-simple"},"_links":{"self":[{"href":"https:\/\/gpl-love.com\/fr\/wp-json\/wp\/v2\/product\/113761","targetHints":{"allow":["GET"]}}],"collection":[{"href":"https:\/\/gpl-love.com\/fr\/wp-json\/wp\/v2\/product"}],"about":[{"href":"https:\/\/gpl-love.com\/fr\/wp-json\/wp\/v2\/types\/product"}],"replies":[{"embeddable":true,"href":"https:\/\/gpl-love.com\/fr\/wp-json\/wp\/v2\/comments?post=113761"}],"wp:featuredmedia":[{"embeddable":true,"href":"https:\/\/gpl-love.com\/fr\/wp-json\/wp\/v2\/media\/143071"}],"wp:attachment":[{"href":"https:\/\/gpl-love.com\/fr\/wp-json\/wp\/v2\/media?parent=113761"}],"wp:term":[{"taxonomy":"product_brand","embeddable":true,"href":"https:\/\/gpl-love.com\/fr\/wp-json\/wp\/v2\/product_brand?post=113761"},{"taxonomy":"product_cat","embeddable":true,"href":"https:\/\/gpl-love.com\/fr\/wp-json\/wp\/v2\/product_cat?post=113761"},{"taxonomy":"product_tag","embeddable":true,"href":"https:\/\/gpl-love.com\/fr\/wp-json\/wp\/v2\/product_tag?post=113761"}],"curies":[{"name":"wp","href":"https:\/\/api.w.org\/{rel}","templated":true}]}}