{"id":113730,"date":"2026-04-10T00:00:00","date_gmt":"2026-04-09T22:00:00","guid":{"rendered":"http:\/\/gpl-love.com\/fr\/produit\/cerber-security-pro-wordpress-security-plugin\/"},"modified":"2026-04-10T18:30:23","modified_gmt":"2026-04-10T16:30:23","slug":"cerber-security-pro-wordpress-security-plugin","status":"publish","type":"product","link":"https:\/\/gpl-love.com\/fr\/produit\/cerber-security-pro-wordpress-security-plugin\/","title":{"rendered":"WP Cerber Security Pro 9.7.3"},"content":{"rendered":"<h3>WP Cerber Security Pro Traits<\/h3>\n<p>Cerber Security Pro est une solution de s\u00e9curit\u00e9 globale qui a \u00e9t\u00e9 m\u00e9ticuleusement con\u00e7ue pour prot\u00e9ger les sites Web contre une pl\u00e9thore de cybermenaces qui pr\u00e9valent dans le paysage num\u00e9rique moderne. Il poss\u00e8de fi\u00e8rement une myriade de fonctionnalit\u00e9s de pointe qui servent \u00e0 fortifier les m\u00e9canismes de d\u00e9fense des sites Web, y compris, mais sans s&rsquo;y limiter d&rsquo;attaques par force brute. Ce qui distingue ce plugin de ses concurrents, ce n&rsquo;est pas seulement son niveau de sophistication sans pr\u00e9c\u00e9dent, mais aussi son interface remarquablement conviviale et son processus de configuration sans effort, ce qui le rend le choix par excellence pour les utilisateurs qui se lancent dans leur premier voyage dans le domaine de la s\u00e9curit\u00e9 du site Web . De plus, l&rsquo;inclusion d&rsquo;alertes et de notifications en temps r\u00e9el incite les propri\u00e9taires de sites \u00e0 la capacit\u00e9 inestimable \u00e0 r\u00e9pondre rapidement \u00e0 toute violation de s\u00e9curit\u00e9 potentielle, minimisant ainsi l&rsquo;\u00e9tendue des dommages qui pourraient \u00eatre inflig\u00e9s \u00e0 leurs \u00e9tablissements num\u00e9riques. Par cons\u00e9quent, il devient clairement clair que Cerber Security Pro est un changeur de jeu indubitable, en particulier pour les entreprises et les propri\u00e9taires de sites Web qui d\u00e9tiennent la sauvegarde de leurs actifs en ligne param\u00e8tre.<\/p>\n<ul>\n<li>Capacit\u00e9s avanc\u00e9es de d\u00e9tection et d&rsquo;\u00e9limination des logiciels malveillants<\/li>\n<li>Protection en temps r\u00e9el contre les menaces de cybers\u00e9curit\u00e9<\/li>\n<li>Pare-feu pour \u00e9viter un acc\u00e8s non autoris\u00e9<\/li>\n<li>Analyses planifi\u00e9es pour une protection automatis\u00e9e<\/li>\n<li>Analyse comportementale intelligente pour identifier de nouvelles menaces<\/li>\n<li>Prise en charge multi-appareils pour la couverture compl\u00e8te de votre r\u00e9seau<\/li>\n<li>Tableau de bord convivial pour une gestion et une configuration faciles<\/li>\n<li>Reportage complet et analyse des menaces et des performances du syst\u00e8me<\/li>\n<li>Support client en ligne et forums communautaires pour le d\u00e9pannage et les conseils<\/li>\n<li>Mises \u00e0 jour logicielles r\u00e9guli\u00e8res pour les performances de s\u00e9curit\u00e9 optimales.<\/li>\n<\/ul>\n","protected":false},"excerpt":{"rendered":"<p>D\u00e9couvrez le prochain niveau de s\u00e9curit\u00e9 pour votre site Web WordPress avec WP Cerber Security Pro. Ce logiciel premium offre une protection robuste contre les attaques par force brute, le spam, les logiciels malveillants et d&rsquo;autres menaces en ligne. Avec son interface conviviale, son inspection du trafic en temps r\u00e9el et ses notifications instantan\u00e9es, vous pouvez facilement surveiller et g\u00e9rer la s\u00e9curit\u00e9 de votre site Web. Les fonctionnalit\u00e9s avanc\u00e9es de WP Cerber Security Pro telles que le filtrage IP bas\u00e9 sur le pays, l&rsquo;authentification \u00e0 deux facteurs et la num\u00e9risation automatique des logiciels malveillants garantissent une s\u00e9curit\u00e9 maximale pour votre site Web. Son int\u00e9gration transparente avec WordPress am\u00e9liore les performances et la s\u00e9curit\u00e9 de votre site Web. Restez en avance sur les cyber-menaces et prot\u00e9gez votre pr\u00e9sence en ligne avec WP Cerber Security Pro.<\/p>\n","protected":false},"featured_media":143371,"comment_status":"open","ping_status":"open","template":"","meta":[],"product_brand":[2489],"product_cat":[1187,1181,1186],"product_tag":[1891],"class_list":{"0":"post-113730","1":"product","2":"type-product","3":"status-publish","4":"has-post-thumbnail","6":"product_brand-cerber-tech","7":"product_cat-administration-wordpress-plugins","8":"product_cat-plugins","9":"product_cat-wordpress-plugins","10":"product_tag-cerber-tech","11":"member-discount","12":"discount-restricted","14":"first","15":"instock","16":"sale","17":"downloadable","18":"virtual","19":"sold-individually","20":"purchasable","21":"product-type-simple"},"_links":{"self":[{"href":"https:\/\/gpl-love.com\/fr\/wp-json\/wp\/v2\/product\/113730","targetHints":{"allow":["GET"]}}],"collection":[{"href":"https:\/\/gpl-love.com\/fr\/wp-json\/wp\/v2\/product"}],"about":[{"href":"https:\/\/gpl-love.com\/fr\/wp-json\/wp\/v2\/types\/product"}],"replies":[{"embeddable":true,"href":"https:\/\/gpl-love.com\/fr\/wp-json\/wp\/v2\/comments?post=113730"}],"wp:featuredmedia":[{"embeddable":true,"href":"https:\/\/gpl-love.com\/fr\/wp-json\/wp\/v2\/media\/143371"}],"wp:attachment":[{"href":"https:\/\/gpl-love.com\/fr\/wp-json\/wp\/v2\/media?parent=113730"}],"wp:term":[{"taxonomy":"product_brand","embeddable":true,"href":"https:\/\/gpl-love.com\/fr\/wp-json\/wp\/v2\/product_brand?post=113730"},{"taxonomy":"product_cat","embeddable":true,"href":"https:\/\/gpl-love.com\/fr\/wp-json\/wp\/v2\/product_cat?post=113730"},{"taxonomy":"product_tag","embeddable":true,"href":"https:\/\/gpl-love.com\/fr\/wp-json\/wp\/v2\/product_tag?post=113730"}],"curies":[{"name":"wp","href":"https:\/\/api.w.org\/{rel}","templated":true}]}}