{"id":113724,"date":"2021-12-03T00:00:00","date_gmt":"2021-12-02T23:00:00","guid":{"rendered":"http:\/\/gpl-love.com\/fr\/produit\/digeco-startup-agency-wordpress-theme\/"},"modified":"2026-03-20T23:00:41","modified_gmt":"2026-03-20T22:00:41","slug":"digeco-startup-agency-wordpress-theme","status":"publish","type":"product","link":"https:\/\/gpl-love.com\/fr\/produit\/digeco-startup-agency-wordpress-theme\/","title":{"rendered":"Digeco Startup Agency WordPress Theme 1.7.6"},"content":{"rendered":"<h3>Digeco Startup Agency WordPress Theme Traits<\/h3>\n<p>Le th\u00e8me WordPress de l&rsquo;agence de d\u00e9marrage DiGeco, avec une gamme d&rsquo;options personnalisables, repr\u00e9sente la solution ultime pour les startups et les agences num\u00e9riques dans leur qu\u00eate pour construire un site Web professionnel et contemporain. Son design, caract\u00e9ris\u00e9 par son \u00e9l\u00e9gance et sa propret\u00e9, facilite la cr\u00e9ation d&rsquo;une pr\u00e9sence en ligne distincte et captivante. \u00c9quip\u00e9 de pages et de mod\u00e8les pr\u00e9d\u00e9finis, ce th\u00e8me simplifie les \u00e9tapes initiales du d\u00e9veloppement de sites Web, tandis que sa disposition enti\u00e8rement r\u00e9active garantit une exp\u00e9rience visuelle exceptionnelle sur tous les appareils. De plus, DiGeco int\u00e8gre une multitude de fonctionnalit\u00e9s puissantes, notamment une int\u00e9gration transparente avec des plugins pro\u00e9minents comme WooCommerce, Elementor et Contact Form 7. avec DiGeco \u00e0 votre disposition, \u00e9tablir et promouvoir l&rsquo;identit\u00e9 de votre marque, attirer de nouveaux clients et, finalement, \u00e9tendre votre entreprise devient un Effort sans effort et efficace.<\/p>\n<ul>\n<li>Mod\u00e8le de site Web convivial et facile \u00e0 naviguer<\/li>\n<li>Conception polyvalente adapt\u00e9e \u00e0 toute agence de d\u00e9marrage ou petite entreprise<\/li>\n<li>Dispositions et sch\u00e9mas de couleurs enti\u00e8rement personnalisables<\/li>\n<li>Compatible avec plusieurs navigateurs et appareils Web<\/li>\n<li>Optimisation int\u00e9gr\u00e9e du r\u00e9f\u00e9rencement pour stimuler la visibilit\u00e9 du site Web<\/li>\n<li>Pages pr\u00e9d\u00e9finies pour les services, le portefeuille, \u00e0 propos de nous et contact<\/li>\n<li>Installation de contenu de d\u00e9monstration en un clic pour une configuration rapide et facile<\/li>\n<li>Acc\u00e8s \u00e0 des centaines de polices Google et de biblioth\u00e8ques d&rsquo;ic\u00f4nes<\/li>\n<li>Plugins premium inclus pour ajouter des fonctionnalit\u00e9s<\/li>\n<li>Mises \u00e0 jour r\u00e9guli\u00e8res et support client fourni par l&rsquo;\u00e9quipe Digeco.<\/li>\n<\/ul>\n","protected":false},"excerpt":{"rendered":"<p>D\u00e9couvrez une solution puissante et tout-en-un pour votre entreprise avec le th\u00e8me WordPress de l&rsquo;agence de d\u00e9marrage DiGECO. Ce th\u00e8me est une bo\u00eete \u00e0 outils polyvalente pour les startups et les agences num\u00e9riques, con\u00e7ues pour rationaliser le processus de cr\u00e9ation de votre site Web. Offrant une gamme d&rsquo;options de personnalisation, DiGeco garantit que votre marque se d\u00e9marque en ligne.<\/p>\n<p>Le th\u00e8me est rempli de plugins premium comme Slider Revolution et Elementor Page Builder, offrant une interface facile \u00e0 utiliser pour la conception de vos pages. Avec sa conception r\u00e9active, votre site sera magnifique sur tous les appareils. Le th\u00e8me b\u00e9n\u00e9ficie \u00e9galement de l&rsquo;int\u00e9gration WooCommerce, parfait pour les entreprises qui cherchent \u00e0 inclure une boutique en ligne.<\/p>\n<p>Le th\u00e8me DIGECO propose diverses mises en page et mod\u00e8les, notamment des mises en page de blog, des conceptions de portefeuille et des pages de magasin, vous permettant de pr\u00e9senter votre travail et vos produits avec style. Il est \u00e9galement livr\u00e9 avec une fonction d&rsquo;importation de d\u00e9monstration en un clic pour vous aider \u00e0 d\u00e9marrer.<\/p>\n<p>Investissez dans le th\u00e8me WordPress de l&rsquo;agence de d\u00e9marrage Digeco et cr\u00e9ez un site Web qui r\u00e9sonne avec la mission et la vision de votre startup.<\/p>\n","protected":false},"featured_media":143529,"comment_status":"open","ping_status":"open","template":"","meta":[],"product_brand":[2433],"product_cat":[1516,1212,1213],"product_tag":[1366],"class_list":{"0":"post-113724","1":"product","2":"type-product","3":"status-publish","4":"has-post-thumbnail","6":"product_brand-themeforest","7":"product_cat-entreprise","8":"product_cat-themes","9":"product_cat-wordpress-themes","10":"product_tag-themeforest","11":"member-discount","12":"discount-restricted","14":"first","15":"instock","16":"sale","17":"downloadable","18":"virtual","19":"sold-individually","20":"purchasable","21":"product-type-simple"},"_links":{"self":[{"href":"https:\/\/gpl-love.com\/fr\/wp-json\/wp\/v2\/product\/113724","targetHints":{"allow":["GET"]}}],"collection":[{"href":"https:\/\/gpl-love.com\/fr\/wp-json\/wp\/v2\/product"}],"about":[{"href":"https:\/\/gpl-love.com\/fr\/wp-json\/wp\/v2\/types\/product"}],"replies":[{"embeddable":true,"href":"https:\/\/gpl-love.com\/fr\/wp-json\/wp\/v2\/comments?post=113724"}],"wp:featuredmedia":[{"embeddable":true,"href":"https:\/\/gpl-love.com\/fr\/wp-json\/wp\/v2\/media\/143529"}],"wp:attachment":[{"href":"https:\/\/gpl-love.com\/fr\/wp-json\/wp\/v2\/media?parent=113724"}],"wp:term":[{"taxonomy":"product_brand","embeddable":true,"href":"https:\/\/gpl-love.com\/fr\/wp-json\/wp\/v2\/product_brand?post=113724"},{"taxonomy":"product_cat","embeddable":true,"href":"https:\/\/gpl-love.com\/fr\/wp-json\/wp\/v2\/product_cat?post=113724"},{"taxonomy":"product_tag","embeddable":true,"href":"https:\/\/gpl-love.com\/fr\/wp-json\/wp\/v2\/product_tag?post=113724"}],"curies":[{"name":"wp","href":"https:\/\/api.w.org\/{rel}","templated":true}]}}