{"id":113719,"date":"2021-05-20T00:00:00","date_gmt":"2021-05-19T22:00:00","guid":{"rendered":"http:\/\/gpl-love.com\/fr\/produit\/atomlab-multi-purpose-startup-wordpress-theme\/"},"modified":"2026-03-20T22:55:13","modified_gmt":"2026-03-20T21:55:13","slug":"atomlab-multi-purpose-startup-wordpress-theme","status":"publish","type":"product","link":"https:\/\/gpl-love.com\/fr\/produit\/atomlab-multi-purpose-startup-wordpress-theme\/","title":{"rendered":"Atomlab Multi-Purpose Startup WordPress Theme 1.9.1"},"content":{"rendered":"<h3>Atomlab Multi-Purpose Startup WordPress Theme Traits<\/h3>\n<p>Le th\u00e8me WordPress de startup polyvalent AtomLab est une solution extr\u00eamement compl\u00e8te et polyvalente adapt\u00e9e aux personnes cherchant \u00e0 fabriquer un site Web sophistiqu\u00e9 et poli pour leur entreprise de d\u00e9marrage en plein essor. Ce th\u00e8me remarquable profite \u00e0 un \u00e9ventail de fonctionnalit\u00e9s et d&rsquo;options de personnalisation, englobant une gamme de mod\u00e8les pr\u00e9-con\u00e7us, de widgets et d&rsquo;une s\u00e9lection infinie de sch\u00e9mas de couleurs. Notamment, ce th\u00e8me poss\u00e8de une r\u00e9activit\u00e9 compl\u00e8te, garantissant que votre site Web maintient sa splendeur sur tous les appareils, tout en optimisant simultan\u00e9ment sa visibilit\u00e9 sur les moteurs de recherche, facilitant ainsi la d\u00e9couverte de votre entreprise par une client\u00e8le potentielle. En utilisant le th\u00e8me AtomLab, vous poss\u00e9dez la capacit\u00e9 de forger un site Web impressionnant qui pr\u00e9sente un large \u00e9ventail de services et de produits offerts par votre entreprise, captivant de nouveaux clients et, finalement, propulser votre startup vers le triomphe et la prosp\u00e9rit\u00e9.<\/p>\n<ul>\n<li>Un th\u00e8me WordPress polyvalent et flexible con\u00e7u sp\u00e9cialement pour les startups<\/li>\n<li>Comprend plusieurs dispositions pr\u00e9-con\u00e7ues pour les pages d&rsquo;accueil, les portefeuilles et les pages de blog<\/li>\n<li>Prise en charge int\u00e9gr\u00e9e pour divers plugins, notamment WooCommerce pour la fonctionnalit\u00e9 de commerce \u00e9lectronique<\/li>\n<li>La conception enti\u00e8rement r\u00e9active garantit que votre site Web a fi\u00e8re allure sur tous les appareils<\/li>\n<li>Facile \u00e0 personnaliser avec le constructeur de pages glisser-d\u00e9poser et le panneau d&rsquo;options de th\u00e8me puissant inclus<\/li>\n<li>Le code SEO-Friendly garantit que votre site Web se classe bien dans les r\u00e9sultats du moteur de recherche<\/li>\n<li>Comprend une installation de d\u00e9monstration en un clic pour configurer rapidement votre site Web<\/li>\n<li>Mises \u00e0 jour r\u00e9guli\u00e8res et soutien continu de l&rsquo;\u00e9quipe AtomLab<\/li>\n<li>Le support multicangue vous permet d&rsquo;atteindre un public mondial<\/li>\n<li>S&rsquo;int\u00e8gre \u00e0 diverses plateformes de m\u00e9dias sociaux pour vous aider \u00e0 promouvoir votre entreprise et \u00e0 vous connecter avec votre public<\/li>\n<\/ul>\n","protected":false},"excerpt":{"rendered":"<p>Pr\u00e9sentation d&rsquo;AtomLab, un th\u00e8me WordPress startup polyvalent con\u00e7u en pensant \u00e0 vos besoins commerciaux. Que vous lanciez une startup technologique, un magasin de commerce \u00e9lectronique ou une agence de cr\u00e9ation, AtomLab est enti\u00e8rement \u00e9quip\u00e9 pour r\u00e9pondre \u00e0 vos demandes uniques. Profitez de la personnalisation transparente avec des options de th\u00e8me avanc\u00e9es et une vari\u00e9t\u00e9 de dispositions pr\u00e9-con\u00e7ues. La conception r\u00e9active d&rsquo;AtomLab garantit que votre site a fi\u00e8re allure sur n&rsquo;importe quel appareil, tandis que sa structure conviviale de r\u00e9f\u00e9rencement aide \u00e0 augmenter votre pr\u00e9sence en ligne. Avec AtomLab, vous obtenez \u00e9galement des plugins premium et des mises \u00e0 jour r\u00e9guli\u00e8res pour garder votre site \u00e0 son meilleur. De plus, notre \u00e9quipe de soutien d\u00e9di\u00e9e est toujours pr\u00eate \u00e0 vous aider. AtomLab n&rsquo;est pas seulement un th\u00e8me, c&rsquo;est l&rsquo;outil parfait pour faire briller votre startup.<\/p>\n","protected":false},"featured_media":143168,"comment_status":"open","ping_status":"open","template":"","meta":[],"product_brand":[2433],"product_cat":[1214,1212,1213],"product_tag":[1366],"class_list":{"0":"post-113719","1":"product","2":"type-product","3":"status-publish","4":"has-post-thumbnail","6":"product_brand-themeforest","7":"product_cat-polyvalent","8":"product_cat-themes","9":"product_cat-wordpress-themes","10":"product_tag-themeforest","11":"member-discount","12":"discount-restricted","14":"first","15":"instock","16":"sale","17":"downloadable","18":"virtual","19":"sold-individually","20":"purchasable","21":"product-type-simple"},"_links":{"self":[{"href":"https:\/\/gpl-love.com\/fr\/wp-json\/wp\/v2\/product\/113719","targetHints":{"allow":["GET"]}}],"collection":[{"href":"https:\/\/gpl-love.com\/fr\/wp-json\/wp\/v2\/product"}],"about":[{"href":"https:\/\/gpl-love.com\/fr\/wp-json\/wp\/v2\/types\/product"}],"replies":[{"embeddable":true,"href":"https:\/\/gpl-love.com\/fr\/wp-json\/wp\/v2\/comments?post=113719"}],"wp:featuredmedia":[{"embeddable":true,"href":"https:\/\/gpl-love.com\/fr\/wp-json\/wp\/v2\/media\/143168"}],"wp:attachment":[{"href":"https:\/\/gpl-love.com\/fr\/wp-json\/wp\/v2\/media?parent=113719"}],"wp:term":[{"taxonomy":"product_brand","embeddable":true,"href":"https:\/\/gpl-love.com\/fr\/wp-json\/wp\/v2\/product_brand?post=113719"},{"taxonomy":"product_cat","embeddable":true,"href":"https:\/\/gpl-love.com\/fr\/wp-json\/wp\/v2\/product_cat?post=113719"},{"taxonomy":"product_tag","embeddable":true,"href":"https:\/\/gpl-love.com\/fr\/wp-json\/wp\/v2\/product_tag?post=113719"}],"curies":[{"name":"wp","href":"https:\/\/api.w.org\/{rel}","templated":true}]}}