{"id":113704,"date":"2022-12-14T00:00:00","date_gmt":"2022-12-13T23:00:00","guid":{"rendered":"http:\/\/gpl-love.com\/fr\/produit\/wp-guard-security-firewall-et-anti-spam-plugin-pour-wordpress\/"},"modified":"2026-03-20T23:49:52","modified_gmt":"2026-03-20T22:49:52","slug":"wp-guard-security-firewall-et-anti-spam-plugin-pour-wordpress","status":"publish","type":"product","link":"https:\/\/gpl-love.com\/fr\/produit\/wp-guard-security-firewall-et-anti-spam-plugin-pour-wordpress\/","title":{"rendered":"WP Guard Security Firewall et Anti-Spam plugin pour WordPress 2.3"},"content":{"rendered":"<h3>WP Guard Security Firewall et Anti-Spam plugin pour WordPress Traits<\/h3>\n<p>Le pare-feu de s\u00e9curit\u00e9 WP Guard et le plugin anti-spam, un outil de s\u00e9curit\u00e9 tr\u00e8s puissant sp\u00e9cialement con\u00e7u pour les sites Web WordPress, pr\u00e9sente un m\u00e9canisme de d\u00e9fense exceptionnellement efficace contre un large \u00e9ventail de cyber-menaces, y compris, mais sans s&rsquo;y limiter, les tentatives de piratage, l&rsquo;infiltration de logiciels malveillants et les activit\u00e9s de spam. Ce plugin extraordinaire poss\u00e8de un syst\u00e8me de pare-feu impeccablement robuste qui entrave efficacement tout trafic malveillant et tentatives d&rsquo;entr\u00e9e non autoris\u00e9es, fournissant ainsi un bouclier imprenable pour votre site Web. En outre, le plugin est \u00e9quip\u00e9 d&rsquo;un filtre anti-spam avanc\u00e9, m\u00e9ticuleusement con\u00e7u pour contrer les commentaires et enregistrements de spam, renfor\u00e7ant ainsi la s\u00e9curit\u00e9 et l&rsquo;exp\u00e9rience utilisateur sur votre site Web. The installation and configuration process of WP Guard Security Firewall and Anti-Spam plugin is remarkably hassle-free and user-friendly, rendering it an optimal choice for website owners yearning to safeguard their valuable online platforms from the ever-looming cyber threats, without compromising les performances globales de leurs sites Web.<\/p>\n<ul>\n<li>Fournit la s\u00e9curit\u00e9 et la protection contre divers types de cyberattaques sur votre site Web WordPress<\/li>\n<li>Bloque une activit\u00e9 malveillante et des tentatives d&rsquo;acc\u00e8s non autoris\u00e9es \u00e0 votre site<\/li>\n<li>Comprend un pare-feu personnalisable pour emp\u00eacher les attaques de pirates et les commentaires de spam<\/li>\n<li>Offre des alertes en temps r\u00e9el et des rapports d\u00e9taill\u00e9s sur les menaces et attaques potentielles<\/li>\n<li>Permet le blocage IP et la liste noire des adresses IP suspectes<\/li>\n<li>Livr\u00e9 avec des options de s\u00e9curit\u00e9 avanc\u00e9es telles que la protection contre la force brute et la num\u00e9risation des logiciels malveillants<\/li>\n<li>Interface facile \u00e0 utiliser pour la configuration et la gestion des param\u00e8tres de s\u00e9curit\u00e9<\/li>\n<li>R\u00e9guli\u00e8rement mis \u00e0 jour pour suivre les derni\u00e8res menaces et vuln\u00e9rabilit\u00e9s de la s\u00e9curit\u00e9<\/li>\n<\/ul>\n","protected":false},"excerpt":{"rendered":"<p>Le pare-feu de s\u00e9curit\u00e9 WP Guard et le plugin anti-spam se pr\u00e9sente comme une solution robuste et puissante pour les personnes utilisant WordPress qui sont pr\u00e9occup\u00e9es par la s\u00e9curit\u00e9 de leur site Web \u00e0 la lumi\u00e8re des attaques et du spam potentiels. En incorporant des fonctionnalit\u00e9s de s\u00e9curit\u00e9 de pointe, notamment la protection du pare-feu, un syst\u00e8me d&rsquo;authentification \u00e0 deux facteurs, la surveillance de l&rsquo;activit\u00e9 des utilisateurs et la pr\u00e9vention du spam, WP Guard garantit un niveau de protection sans pr\u00e9c\u00e9dent pour votre site Web. De plus, ce plugin poss\u00e8de une interface conviviale, permettant une personnalisation facile en fonction de vos pr\u00e9f\u00e9rences et une compatibilit\u00e9 transparente avec tous les principaux th\u00e8mes et plugins WordPress. Ainsi, en profitant du pare-feu de s\u00e9curit\u00e9 WP Guard et du plugin anti-spam, vous pouvez prot\u00e9ger efficacement votre site \u00e0 partir de pirates, de spam et de diverses autres menaces de s\u00e9curit\u00e9 qui peuvent compromettre son int\u00e9grit\u00e9. N&rsquo;h\u00e9sitez plus et commencez \u00e0 utiliser le pare-feu de s\u00e9curit\u00e9 WP Guard et le plugin anti-spam d\u00e8s aujourd&rsquo;hui pour fortifier la s\u00e9curit\u00e9 de votre site Web.<\/p>\n","protected":false},"featured_media":146153,"comment_status":"open","ping_status":"open","template":"","meta":[],"product_brand":[2435],"product_cat":[1187,1181,1186],"product_tag":[1231],"class_list":{"0":"post-113704","1":"product","2":"type-product","3":"status-publish","4":"has-post-thumbnail","6":"product_brand-codecanyon","7":"product_cat-administration-wordpress-plugins","8":"product_cat-plugins","9":"product_cat-wordpress-plugins","10":"product_tag-codecanyon","11":"member-discount","12":"discount-restricted","14":"first","15":"instock","16":"sale","17":"downloadable","18":"virtual","19":"sold-individually","20":"purchasable","21":"product-type-simple"},"_links":{"self":[{"href":"https:\/\/gpl-love.com\/fr\/wp-json\/wp\/v2\/product\/113704","targetHints":{"allow":["GET"]}}],"collection":[{"href":"https:\/\/gpl-love.com\/fr\/wp-json\/wp\/v2\/product"}],"about":[{"href":"https:\/\/gpl-love.com\/fr\/wp-json\/wp\/v2\/types\/product"}],"replies":[{"embeddable":true,"href":"https:\/\/gpl-love.com\/fr\/wp-json\/wp\/v2\/comments?post=113704"}],"wp:featuredmedia":[{"embeddable":true,"href":"https:\/\/gpl-love.com\/fr\/wp-json\/wp\/v2\/media\/146153"}],"wp:attachment":[{"href":"https:\/\/gpl-love.com\/fr\/wp-json\/wp\/v2\/media?parent=113704"}],"wp:term":[{"taxonomy":"product_brand","embeddable":true,"href":"https:\/\/gpl-love.com\/fr\/wp-json\/wp\/v2\/product_brand?post=113704"},{"taxonomy":"product_cat","embeddable":true,"href":"https:\/\/gpl-love.com\/fr\/wp-json\/wp\/v2\/product_cat?post=113704"},{"taxonomy":"product_tag","embeddable":true,"href":"https:\/\/gpl-love.com\/fr\/wp-json\/wp\/v2\/product_tag?post=113704"}],"curies":[{"name":"wp","href":"https:\/\/api.w.org\/{rel}","templated":true}]}}