{"id":113702,"date":"2022-01-20T00:00:00","date_gmt":"2022-01-19T23:00:00","guid":{"rendered":"http:\/\/gpl-love.com\/fr\/produit\/wp-mega-menu-pro-responsive-mega-menu-plugin-pour-wordpress\/"},"modified":"2026-03-20T23:50:15","modified_gmt":"2026-03-20T22:50:15","slug":"wp-mega-menu-pro-responsive-mega-menu-plugin-pour-wordpress","status":"publish","type":"product","link":"https:\/\/gpl-love.com\/fr\/produit\/wp-mega-menu-pro-responsive-mega-menu-plugin-pour-wordpress\/","title":{"rendered":"WP Mega Menu Pro Responsive Mega Menu Plugin pour WordPress 2.1.7"},"content":{"rendered":"<h3>WP Mega Menu Pro Responsive Mega Menu Plugin pour WordPress Traits<\/h3>\n<p>Le WP Mega Menu Pro, qui est un plugin exceptionnel sp\u00e9cialement con\u00e7u pour les sites Web WordPress, propose un mega m\u00e9ga incroyablement r\u00e9actif et largement personnalisable. Son interface tr\u00e8s intuitive vous permet de cr\u00e9er sans effort un menu visuellement \u00e9tonnant et remarquablement fonctionnel, am\u00e9liorant ainsi consid\u00e9rablement la navigation globale de votre site Web estim\u00e9. Ce plugin pr\u00e9sente une pl\u00e9thore d&rsquo;options de personnalisation, qui englobent une gamme d&rsquo;ic\u00f4nes, de couleurs vibrantes, de polices captivantes et d&rsquo;animations captivantes. En outre, il poss\u00e8de des fonctionnalit\u00e9s de premier ordre telles que la capacit\u00e9 de cr\u00e9er des menus \u00e0 plusieurs niveaux, la possibilit\u00e9 de coller des menus en haut de la page et l&rsquo;option de regrouper les \u00e9l\u00e9ments de menu individuels. En facilitant de mani\u00e8re transparente le parcours de navigation de vos visiteurs, le WP Mega Menu Pro assure une facilit\u00e9 et une commodit\u00e9 in\u00e9gal\u00e9es lorsqu&rsquo;il s&rsquo;agit de naviguer dans votre site Web.<\/p>\n<ul>\n<li>Plugin Mega Menu enti\u00e8rement r\u00e9actif pour les sites Web WordPress<\/li>\n<li>Permet une cr\u00e9ation facile de menus personnalis\u00e9s avec diverses mises en page et styles<\/li>\n<li>Offre une large gamme d&rsquo;options pour configurer les \u00e9l\u00e9ments de menu, y compris les images, les ic\u00f4nes et les sous-menus<\/li>\n<li>Prend en charge l&rsquo;int\u00e9gration avec les articles, pages et types de messages personnalis\u00e9s WordPress<\/li>\n<li>Donne aux utilisateurs le contr\u00f4le du comportement du menu avec des options pour l&rsquo;animation, le calendrier et les effets de survol<\/li>\n<li>Comprend la prise en charge des menus \u00e0 plusieurs niveaux avec des animations et des styles personnalis\u00e9s<\/li>\n<li>Offre plusieurs options d&rsquo;affichage, y compris les menus fixes et de superposition<\/li>\n<li>Compatible avec les constructeurs et th\u00e8mes de page WordPress populaires<\/li>\n<li>Fournit des fonctionnalit\u00e9s de glisser-d\u00e9poser et de d\u00e9p\u00f4t faciles \u00e0 utiliser pour la cr\u00e9ation et l&rsquo;\u00e9dition de menu<\/li>\n<li>Offre un support personnalis\u00e9 et des mises \u00e0 jour pour les clients.<\/li>\n<\/ul>\n","protected":false},"excerpt":{"rendered":"<p>WP Mega Menu Pro est un plugin Mega Menu exceptionnellement robuste et tr\u00e8s r\u00e9actif qui est sp\u00e9cialement con\u00e7u pour les sites Web WordPress. Ce plugin remarquable vous offre la possibilit\u00e9 de cr\u00e9er sans effort des menus de navigation impressionnants qui poss\u00e8dent plusieurs niveaux, une multitude d&rsquo;options de couleurs personnalis\u00e9es, ainsi qu&rsquo;un \u00e9ventail de styles divers. En outre, WP Mega Menu Pro est \u00e9quip\u00e9 d&rsquo;une interface de glisser-d\u00e9poser exceptionnellement conviviale, garantissant ainsi que la construction de vos menus est une t\u00e2che sans effort. Ce plugin extraordinaire regorge d&rsquo;une pl\u00e9thore de fonctionnalit\u00e9s avanc\u00e9es, y compris l&rsquo;incorporation des ic\u00f4nes de menu, des animations captivantes, des animations d\u00e9roulantes et bien plus encore. Plus particuli\u00e8rement, WP Mega Menu Pro est enti\u00e8rement personnalisable, vous permettant de fa\u00e7onner des menus uniques et accrocheurs qui sont sur mesure pour votre site Web.<\/p>\n","protected":false},"featured_media":146178,"comment_status":"open","ping_status":"open","template":"","meta":[],"product_brand":[2435],"product_cat":[1189,1181,1186],"product_tag":[1231],"class_list":{"0":"post-113702","1":"product","2":"type-product","3":"status-publish","4":"has-post-thumbnail","6":"product_brand-codecanyon","7":"product_cat-personnalisation","8":"product_cat-plugins","9":"product_cat-wordpress-plugins","10":"product_tag-codecanyon","11":"member-discount","12":"discount-restricted","14":"first","15":"instock","16":"sale","17":"downloadable","18":"virtual","19":"sold-individually","20":"purchasable","21":"product-type-simple"},"_links":{"self":[{"href":"https:\/\/gpl-love.com\/fr\/wp-json\/wp\/v2\/product\/113702","targetHints":{"allow":["GET"]}}],"collection":[{"href":"https:\/\/gpl-love.com\/fr\/wp-json\/wp\/v2\/product"}],"about":[{"href":"https:\/\/gpl-love.com\/fr\/wp-json\/wp\/v2\/types\/product"}],"replies":[{"embeddable":true,"href":"https:\/\/gpl-love.com\/fr\/wp-json\/wp\/v2\/comments?post=113702"}],"wp:featuredmedia":[{"embeddable":true,"href":"https:\/\/gpl-love.com\/fr\/wp-json\/wp\/v2\/media\/146178"}],"wp:attachment":[{"href":"https:\/\/gpl-love.com\/fr\/wp-json\/wp\/v2\/media?parent=113702"}],"wp:term":[{"taxonomy":"product_brand","embeddable":true,"href":"https:\/\/gpl-love.com\/fr\/wp-json\/wp\/v2\/product_brand?post=113702"},{"taxonomy":"product_cat","embeddable":true,"href":"https:\/\/gpl-love.com\/fr\/wp-json\/wp\/v2\/product_cat?post=113702"},{"taxonomy":"product_tag","embeddable":true,"href":"https:\/\/gpl-love.com\/fr\/wp-json\/wp\/v2\/product_tag?post=113702"}],"curies":[{"name":"wp","href":"https:\/\/api.w.org\/{rel}","templated":true}]}}