{"id":113700,"date":"2022-02-20T00:00:00","date_gmt":"2022-02-19T23:00:00","guid":{"rendered":"http:\/\/gpl-love.com\/fr\/produit\/cesis-responsive-multi-purpose-wordpress-theme\/"},"modified":"2026-03-20T22:58:17","modified_gmt":"2026-03-20T21:58:17","slug":"cesis-responsive-multi-purpose-wordpress-theme","status":"publish","type":"product","link":"https:\/\/gpl-love.com\/fr\/produit\/cesis-responsive-multi-purpose-wordpress-theme\/","title":{"rendered":"Cesis Responsive Multi-Purpose WordPress Theme 1.8.7.60"},"content":{"rendered":"<h3>Cesis Responsive Multi-Purpose WordPress Theme Traits<\/h3>\n<p>Le th\u00e8me WordPress polyvalent r\u00e9actif \u00e0 la th\u00e8se poss\u00e8de un niveau de flexibilit\u00e9 et de polyvalence remarquable, le rendant adapt\u00e9 \u00e0 une pl\u00e9thore \u00e0 des fins. Ce th\u00e8me est dot\u00e9 d&rsquo;une vaste gamme de sites de d\u00e9monstration pr\u00e9d\u00e9finis qui s&rsquo;adressent \u00e0 diverses industries et niches, facilitant ainsi un processus d&rsquo;initiation transparente. En outre, sa r\u00e9activit\u00e9 compl\u00e8te garantit qu&rsquo;il semble visuellement attrayant sur n&rsquo;importe quel appareil, tandis que les nombreuses options de personnalisation offrent aux utilisateurs la possibilit\u00e9 de le personnaliser \u00e0 leur go\u00fbt. De plus, ce th\u00e8me int\u00e8gre une s\u00e9lection de plugins premium exceptionnels, notamment Slider Revolution et WPBakery Page Builder, qui rationalise le processus de conception de dispositions impressionnantes. B\u00e9n\u00e9ficiant d&rsquo;une fusion de fonctionnalit\u00e9s robustes et de fonctionnalit\u00e9s conviviales, C\u00e9sis sert de choix exceptionnel aux personnes cherchant \u00e0 \u00e9tablir une pr\u00e9sence en ligne professionnelle et contemporaine.<\/p>\n<ul>\n<li>Conception r\u00e9active avec dispositions personnalisables<\/li>\n<li>Plusieurs d\u00e9mos incluses pour une configuration facile et un d\u00e9marrage rapide<\/li>\n<li>Faire glisser et d\u00e9poser un constructeur de page pour une personnalisation intuitive<\/li>\n<li>Optimisation de SEO int\u00e9gr\u00e9e pour am\u00e9liorer le classement des moteurs de recherche<\/li>\n<li>Int\u00e9gration WooCommerce pour la configuration facile de l&rsquo;atelier en ligne<\/li>\n<li>Options de t\u00eate et de pied de page personnalisables<\/li>\n<li>Plus de 100 shortcodes personnalisables pour les fonctionnalit\u00e9s avanc\u00e9es<\/li>\n<li>Effets de d\u00e9filement et d&rsquo;animation de parallaxe lisse pour un attrait visuel suppl\u00e9mentaire<\/li>\n<li>Traduction pr\u00eate pour l&rsquo;attrait mondial<\/li>\n<li>Mises \u00e0 jour r\u00e9guli\u00e8res et excellent support client<\/li>\n<\/ul>\n","protected":false},"excerpt":{"rendered":"<p>D\u00e9couvrez la puissance et la flexibilit\u00e9 de la th\u00e8se, un th\u00e8me WordPress polyvalent r\u00e9actif con\u00e7u en pensant \u00e0 vos besoins. Incroyablement polyvalent, la c\u00e8se s&rsquo;adapte de mani\u00e8re transparente \u00e0 n&rsquo;importe quelle taille d&rsquo;\u00e9cran, garantissant que votre site Web ressemble et fonctionne \u00e0 son meilleur sur tous les appareils. Avec son interface intuitive et conviviale, vous pouvez cr\u00e9er et personnaliser sans effort votre site Web pour refl\u00e9ter la personnalit\u00e9 unique de votre marque. C\u00e9sis offre une pl\u00e9thore de fonctionnalit\u00e9s pour enrichir votre site Web, telles que des dispositions personnalisables, des options de typographie avanc\u00e9es et une vaste biblioth\u00e8que de mod\u00e8les pr\u00e9-con\u00e7us. Son cadre robuste est con\u00e7u pour la vitesse et optimis\u00e9 pour le r\u00e9f\u00e9rencement, offrant des performances sup\u00e9rieures et aidant \u00e0 augmenter la visibilit\u00e9 de votre site Web dans le classement des moteurs de recherche. Que vous soyez un novice ou un concepteur Web chevronn\u00e9, la th\u00e8se facilite la cr\u00e9ation d&rsquo;un site Web \u00e9tonnant et fonctionnel avec un minimum d&rsquo;effort. D\u00e9couvrez la diff\u00e9rence de th\u00e8se aujourd&rsquo;hui.<\/p>\n","protected":false},"featured_media":143373,"comment_status":"open","ping_status":"open","template":"","meta":[],"product_brand":[2433],"product_cat":[1214,1212,1213],"product_tag":[1366],"class_list":{"0":"post-113700","1":"product","2":"type-product","3":"status-publish","4":"has-post-thumbnail","6":"product_brand-themeforest","7":"product_cat-polyvalent","8":"product_cat-themes","9":"product_cat-wordpress-themes","10":"product_tag-themeforest","11":"member-discount","12":"discount-restricted","14":"first","15":"instock","16":"sale","17":"downloadable","18":"virtual","19":"sold-individually","20":"purchasable","21":"product-type-simple"},"_links":{"self":[{"href":"https:\/\/gpl-love.com\/fr\/wp-json\/wp\/v2\/product\/113700","targetHints":{"allow":["GET"]}}],"collection":[{"href":"https:\/\/gpl-love.com\/fr\/wp-json\/wp\/v2\/product"}],"about":[{"href":"https:\/\/gpl-love.com\/fr\/wp-json\/wp\/v2\/types\/product"}],"replies":[{"embeddable":true,"href":"https:\/\/gpl-love.com\/fr\/wp-json\/wp\/v2\/comments?post=113700"}],"wp:featuredmedia":[{"embeddable":true,"href":"https:\/\/gpl-love.com\/fr\/wp-json\/wp\/v2\/media\/143373"}],"wp:attachment":[{"href":"https:\/\/gpl-love.com\/fr\/wp-json\/wp\/v2\/media?parent=113700"}],"wp:term":[{"taxonomy":"product_brand","embeddable":true,"href":"https:\/\/gpl-love.com\/fr\/wp-json\/wp\/v2\/product_brand?post=113700"},{"taxonomy":"product_cat","embeddable":true,"href":"https:\/\/gpl-love.com\/fr\/wp-json\/wp\/v2\/product_cat?post=113700"},{"taxonomy":"product_tag","embeddable":true,"href":"https:\/\/gpl-love.com\/fr\/wp-json\/wp\/v2\/product_tag?post=113700"}],"curies":[{"name":"wp","href":"https:\/\/api.w.org\/{rel}","templated":true}]}}