{"id":113698,"date":"2023-06-09T00:00:00","date_gmt":"2023-06-08T22:00:00","guid":{"rendered":"http:\/\/gpl-love.com\/fr\/produit\/scisco-questions-et-answers-wordpress-theme\/"},"modified":"2026-04-10T18:38:42","modified_gmt":"2026-04-10T16:38:42","slug":"scisco-questions-et-answers-wordpress-theme","status":"publish","type":"product","link":"https:\/\/gpl-love.com\/fr\/produit\/scisco-questions-et-answers-wordpress-theme\/","title":{"rendered":"Scisco Questions et Answers WordPress Theme 1.5.1"},"content":{"rendered":"<h3>Scisco Questions et Answers WordPress Theme Traits<\/h3>\n<p>SCISCO Questions et r\u00e9ponses Le th\u00e8me WordPress est un outil incroyablement puissant et polyvalent qui a \u00e9t\u00e9 con\u00e7u de mani\u00e8re complexe pour aider les utilisateurs \u00e0 construire un site Web r\u00e9silient et hautement interactif. Ce th\u00e8me poss\u00e8de la capacit\u00e9 remarquable d&rsquo;\u00eatre pleinement r\u00e9actif et enti\u00e8rement personnalisable, ce qui permet aux utilisateurs de personnaliser m\u00e9ticuleusement la conception de leur site Web afin de s&rsquo;aligner parfaitement avec l&rsquo;identit\u00e9 et l&rsquo;image uniques de leur marque. Le th\u00e8me SCISCO englobant a \u00e9t\u00e9 soigneusement \u00e9quip\u00e9 d&rsquo;une vaste collection de fonctionnalit\u00e9s indispensables, comme une interface remarquablement conviviale, une pl\u00e9thore de widgets personnalis\u00e9s et une pl\u00e9thore d&rsquo;options de style. En outre, ce th\u00e8me poss\u00e8de l&rsquo;inclusion d&rsquo;une fonctionnalit\u00e9 de recherche exceptionnellement avanc\u00e9e, ainsi que l&rsquo;option pour impl\u00e9menter un syst\u00e8me de connexion standard ou social, encourageant ainsi activement et suscitant l&rsquo;engagement des utilisateurs. Avec SCISCO \u00e0 votre disposition, \u00e9tablissant un site Web de questions \/ r\u00e9ponses ax\u00e9 sur la communaut\u00e9, d\u00e9bordant de connaissances collectives et facilitant des liens significatifs entre des individus partageant les m\u00eames id\u00e9es, n&rsquo;a jamais \u00e9t\u00e9 aussi sans effort et simple. Essentiellement, Scisco est la quintessence de la perfection pour les personnes qui cherchent avec impatience \u00e0 construire un site Web de questions-r\u00e9ponses dynamique et profond\u00e9ment engageant qui captivera sans aucun doute ses utilisateurs.<\/p>\n<ul>\n<li>Un th\u00e8me WordPress r\u00e9actif con\u00e7u sp\u00e9cifiquement pour cr\u00e9er des sites de questions et r\u00e9ponses bas\u00e9s sur le mod\u00e8le StacKExchange.<\/li>\n<li>Livr\u00e9 avec une interface moderne et conviviale, une navigation facile et des dispositions personnalisables qui aident \u00e0 cr\u00e9er une image de marque coh\u00e9sive pour votre site.<\/li>\n<li>Offre diverses fonctionnalit\u00e9s, notamment les syst\u00e8mes de vote, les sections de commentaires, les balises, les profils d&rsquo;utilisateurs et l&rsquo;analyse, vous permettant de vous engager avec votre public et d&rsquo;am\u00e9liorer leur exp\u00e9rience.<\/li>\n<li>Fournit une fonctionnalit\u00e9 de recherche avanc\u00e9e, permettant aux utilisateurs de trouver les r\u00e9ponses dont ils ont besoin facilement et rapidement.<\/li>\n<li>Int\u00e8gre un syst\u00e8me de mon\u00e9tisation flexible qui vous permet de gagner des revenus gr\u00e2ce \u00e0 des placements d&rsquo;annonces, des abonnements utilisateur et des dons.<\/li>\n<li>Permet l&rsquo;int\u00e9gration des plateformes de m\u00e9dias sociaux populaires, vous permettant de g\u00e9n\u00e9rer du trafic et de promouvoir votre site viralement.<\/li>\n<li>Comprend une documentation et un support complet pour vous aider \u00e0 configurer et \u00e0 configurer votre site, en garantissant une exp\u00e9rience transparente et sans tracas.<\/li>\n<li>Construit \u00e0 l&rsquo;aide de pratiques de codage modernes en mettant l&rsquo;accent sur la s\u00e9curit\u00e9, les performances et l&rsquo;\u00e9volutivit\u00e9, garantissant que votre site fonctionne bien et de mani\u00e8re fiable m\u00eame avec des charges de trafic \u00e9lev\u00e9es.<\/li>\n<\/ul>\n","protected":false},"excerpt":{"rendered":"<p>Le th\u00e8me WordPress de questions et r\u00e9ponses SCISCO, offrant une conception immacul\u00e9e et de pointe, se pr\u00e9sente comme la solution par excellence pour l&rsquo;\u00e9tablissement d&rsquo;un site Web de questions-r\u00e9ponses. Ce th\u00e8me remarquable permet aux utilisateurs de s&rsquo;engager dans l&rsquo;\u00e9change transparent de demandes et de r\u00e9ponses sur une vaste gamme de sujets. De plus, ce th\u00e8me englobe une pl\u00e9thore de fonctionnalit\u00e9s intrigantes, y compris un syst\u00e8me de notation int\u00e9gr\u00e9, l&rsquo;option de d\u00e9signer les r\u00e9ponses comme la meilleure et une fonction de recherche remarquablement puissante. De plus, la r\u00e9activit\u00e9 compl\u00e8te du th\u00e8me garantit que vos utilisateurs estim\u00e9s peuvent facilement acc\u00e9der \u00e0 votre site Web \u00e0 partir de n&rsquo;importe quel coin du globe, en utilisant n&rsquo;importe quel appareil de leur pr\u00e9f\u00e9rence. Que votre aspiration r\u00e9side dans la promotion d&rsquo;une communaut\u00e9 dynamique tournant autour d&rsquo;un sujet d&rsquo;int\u00e9r\u00eat sp\u00e9cifique ou en aidant simplement les individus \u00e0 se procurer des solutions \u00e0 leurs requ\u00eates les plus urgentes, assurez-vous que le th\u00e8me WordPress des questions et r\u00e9ponses SCISCO poss\u00e8de tous les composants essentiels n\u00e9cessaires \u00e0 cette entreprise avec le plus grand succ\u00e8s.<\/p>\n","protected":false},"featured_media":145169,"comment_status":"open","ping_status":"open","template":"","meta":[],"product_brand":[2433],"product_cat":[1242,1212,1213],"product_tag":[1366],"class_list":{"0":"post-113698","1":"product","2":"type-product","3":"status-publish","4":"has-post-thumbnail","6":"product_brand-themeforest","7":"product_cat-creatif","8":"product_cat-themes","9":"product_cat-wordpress-themes","10":"product_tag-themeforest","11":"member-discount","12":"discount-restricted","14":"first","15":"instock","16":"sale","17":"downloadable","18":"virtual","19":"sold-individually","20":"purchasable","21":"product-type-simple"},"_links":{"self":[{"href":"https:\/\/gpl-love.com\/fr\/wp-json\/wp\/v2\/product\/113698","targetHints":{"allow":["GET"]}}],"collection":[{"href":"https:\/\/gpl-love.com\/fr\/wp-json\/wp\/v2\/product"}],"about":[{"href":"https:\/\/gpl-love.com\/fr\/wp-json\/wp\/v2\/types\/product"}],"replies":[{"embeddable":true,"href":"https:\/\/gpl-love.com\/fr\/wp-json\/wp\/v2\/comments?post=113698"}],"wp:featuredmedia":[{"embeddable":true,"href":"https:\/\/gpl-love.com\/fr\/wp-json\/wp\/v2\/media\/145169"}],"wp:attachment":[{"href":"https:\/\/gpl-love.com\/fr\/wp-json\/wp\/v2\/media?parent=113698"}],"wp:term":[{"taxonomy":"product_brand","embeddable":true,"href":"https:\/\/gpl-love.com\/fr\/wp-json\/wp\/v2\/product_brand?post=113698"},{"taxonomy":"product_cat","embeddable":true,"href":"https:\/\/gpl-love.com\/fr\/wp-json\/wp\/v2\/product_cat?post=113698"},{"taxonomy":"product_tag","embeddable":true,"href":"https:\/\/gpl-love.com\/fr\/wp-json\/wp\/v2\/product_tag?post=113698"}],"curies":[{"name":"wp","href":"https:\/\/api.w.org\/{rel}","templated":true}]}}