{"id":113696,"date":"2023-10-31T00:00:00","date_gmt":"2023-10-30T23:00:00","guid":{"rendered":"http:\/\/gpl-love.com\/fr\/produit\/fitness-trainer-training-membership-plugin\/"},"modified":"2026-03-20T23:05:55","modified_gmt":"2026-03-20T22:05:55","slug":"fitness-trainer-training-membership-plugin","status":"publish","type":"product","link":"https:\/\/gpl-love.com\/fr\/produit\/fitness-trainer-training-membership-plugin\/","title":{"rendered":"Fitness Trainer Training Membership Plugin 1.6.7"},"content":{"rendered":"<h3>Fitness Trainer Training Membership Plugin Traits<\/h3>\n<p>Le plugin d&rsquo;adh\u00e9sion \u00e0 la formation Fitness Trainer propose d&rsquo;immenses capacit\u00e9s pour permettre aux utilisateurs d&rsquo;\u00e9tablir une plate-forme de formation virtuelle trait\u00e9e \u00e0 leur client\u00e8le. Ce plugin englobe une vaste gamme de fonctionnalit\u00e9s, ce qui permet aux individus de construire et de superviser leurs entreprises de formation en fitness. Les fonctionnalit\u00e9s notables englobent des r\u00e9gimes de formation personnalis\u00e9s, le suivi en temps r\u00e9el des progr\u00e8s et le traitement des paiements sans couture. Arminant les utilisateurs d&rsquo;une interface intuitive, ce plugin rationalise le processus de construction d&rsquo;un site d&rsquo;adh\u00e9sion, facilitant la diffusion des services de formation \u00e0 l&rsquo;\u00e9chelle mondiale. Sp\u00e9cifiquement adapt\u00e9 aux experts en fitness qui aspirent \u00e0 \u00e9largir leurs horizons, ce plugin sert d&rsquo;outil inestimable pour faciliter une avenue pratique et facilement accessible aux clients pour poursuivre leurs aspirations de fitness.<\/p>\n<ul>\n<li>Donne acc\u00e8s \u00e0 des programmes de formation en fitness personnalis\u00e9s cr\u00e9\u00e9s par des formateurs certifi\u00e9s<\/li>\n<li>Plans d&rsquo;entra\u00eenement personnalisables bas\u00e9s sur les objectifs de fitness individuels et les niveaux de fitness<\/li>\n<li>Des conseils nutritionnels et des plans de repas pour soutenir les objectifs de fitness<\/li>\n<li>Suivez les progr\u00e8s avec un tableau de bord complet pour surveiller les s\u00e9ances d&rsquo;entra\u00eenement, la nutrition et les progr\u00e8s<\/li>\n<li>Int\u00e9gration avec des trackers et applications de fitness portables pour le suivi transparent des activit\u00e9s de fitness<\/li>\n<li>Soutien et motivation communautaires \u00e0 travers des fonctionnalit\u00e9s sociales telles que des salons de discussion et des forums<\/li>\n<li>Mises \u00e0 jour r\u00e9guli\u00e8res et nouveaux programmes de formation pour garder les entra\u00eenements difficiles et int\u00e9ressants<\/li>\n<li>Analyse approfondie pour identifier les domaines d&rsquo;am\u00e9lioration et ajuster les plans de formation en cons\u00e9quence<\/li>\n<li>Compatible avec les plugins de commerce \u00e9lectronique et d&rsquo;adh\u00e9sion populaires pour une configuration et une gestion faciles des abonnements<\/li>\n<li>Support client et assistance fiable pour tout probl\u00e8me ou question.<\/li>\n<\/ul>\n","protected":false},"excerpt":{"rendered":"<p>Le plugin d&rsquo;adh\u00e9sion \u00e0 la formation Fitness Trainer, un outil tr\u00e8s puissant et efficace, facilite la cr\u00e9ation transparente et la gestion efficace des programmes d&rsquo;adh\u00e9sion par des experts en fitness pour leur client\u00e8le estim\u00e9e. Avec l&rsquo;aide de ce plugin r\u00e9volutionnaire, les entra\u00eeneurs personnels peuvent sans effort fournir des services de formation et de coaching de premier ordre, tout en supervisant et en g\u00e9rant les transactions de progr\u00e8s et de paiement des clients de mani\u00e8re sans tracas. Ce qui distingue ce plugin, c&rsquo;est sa capacit\u00e9 exceptionnelle \u00e0 permettre aux entra\u00eeneurs de fitness de g\u00e9rer des plans d&rsquo;entra\u00eenement sur mesure, de surveiller m\u00e9ticuleusement les performances des clients et de favoriser des canaux de communication efficaces via un syst\u00e8me de messagerie impeccablement int\u00e9gr\u00e9. Que vous aspiriez \u00e0 amplifier vos prospects commerciaux ou \u00e0 am\u00e9liorer les r\u00e9alisations de la forme physique de vos clients, soyez assur\u00e9 que le plugin de formation de formation des formateurs de fitness est un actif vraiment indispensable pour les entra\u00eeneurs de fitness et leur client\u00e8le exigeante.<\/p>\n","protected":false},"featured_media":143873,"comment_status":"open","ping_status":"open","template":"","meta":[],"product_brand":[2435],"product_cat":[1189,1181,1186],"product_tag":[1231],"class_list":{"0":"post-113696","1":"product","2":"type-product","3":"status-publish","4":"has-post-thumbnail","6":"product_brand-codecanyon","7":"product_cat-personnalisation","8":"product_cat-plugins","9":"product_cat-wordpress-plugins","10":"product_tag-codecanyon","11":"member-discount","12":"discount-restricted","14":"first","15":"instock","16":"sale","17":"downloadable","18":"virtual","19":"sold-individually","20":"purchasable","21":"product-type-simple"},"_links":{"self":[{"href":"https:\/\/gpl-love.com\/fr\/wp-json\/wp\/v2\/product\/113696","targetHints":{"allow":["GET"]}}],"collection":[{"href":"https:\/\/gpl-love.com\/fr\/wp-json\/wp\/v2\/product"}],"about":[{"href":"https:\/\/gpl-love.com\/fr\/wp-json\/wp\/v2\/types\/product"}],"replies":[{"embeddable":true,"href":"https:\/\/gpl-love.com\/fr\/wp-json\/wp\/v2\/comments?post=113696"}],"wp:featuredmedia":[{"embeddable":true,"href":"https:\/\/gpl-love.com\/fr\/wp-json\/wp\/v2\/media\/143873"}],"wp:attachment":[{"href":"https:\/\/gpl-love.com\/fr\/wp-json\/wp\/v2\/media?parent=113696"}],"wp:term":[{"taxonomy":"product_brand","embeddable":true,"href":"https:\/\/gpl-love.com\/fr\/wp-json\/wp\/v2\/product_brand?post=113696"},{"taxonomy":"product_cat","embeddable":true,"href":"https:\/\/gpl-love.com\/fr\/wp-json\/wp\/v2\/product_cat?post=113696"},{"taxonomy":"product_tag","embeddable":true,"href":"https:\/\/gpl-love.com\/fr\/wp-json\/wp\/v2\/product_tag?post=113696"}],"curies":[{"name":"wp","href":"https:\/\/api.w.org\/{rel}","templated":true}]}}