{"id":113694,"date":"2025-06-13T00:00:00","date_gmt":"2025-06-12T22:00:00","guid":{"rendered":"http:\/\/gpl-love.com\/fr\/produit\/sns-anton-furniture-woocommerce-wordpress-theme\/"},"modified":"2026-04-10T18:40:01","modified_gmt":"2026-04-10T16:40:01","slug":"sns-anton-furniture-woocommerce-wordpress-theme","status":"publish","type":"product","link":"https:\/\/gpl-love.com\/fr\/produit\/sns-anton-furniture-woocommerce-wordpress-theme\/","title":{"rendered":"Anton Furniture WooCommerce WordPress Theme 4.2"},"content":{"rendered":"<h3>Anton Furniture WooCommerce WordPress Theme Traits<\/h3>\n<p>Anton Furniture est un th\u00e8me WooCommerce extraordinaire WordPress qui a \u00e9t\u00e9 exclusivement con\u00e7u pour les magasins de meubles et les entreprises de design d&rsquo;int\u00e9rieur. Le th\u00e8me lui-m\u00eame poss\u00e8de une esth\u00e9tique de conception remarquablement vierge et contemporaine, mettant l&rsquo;accent sur l&rsquo;exposition d&rsquo;images de produit captivantes et de descriptions compl\u00e8tes. De plus, il pr\u00e9sente un vaste \u00e9ventail de mod\u00e8les de page pr\u00e9d\u00e9finis qui englobent une s\u00e9lection soigneusement organis\u00e9e, comprenant une page d&rsquo;accueil captivante, une page d&rsquo;atelier convaincante, une page \u00e9minent sur la page et une page de contact facilement accessible, qui amalgame sans effort pour faciliter la page Cr\u00e9ation transparente d&rsquo;une plate-forme de vente au d\u00e9tail en ligne exceptionnellement professionnelle. En plus de son impressionnant \u00e9ventail de fonctionnalit\u00e9s, le th\u00e8me offre fi\u00e8rement une nature hautement personnalisable, permettant ainsi \u00e0 ses utilisateurs de modifier et de personnaliser sans effort divers aspects tels que les sch\u00e9mas de couleurs et les styles de police. En outre, il \u00e9tend le privil\u00e8ge d&rsquo;incorporer son propre logo et identit\u00e9 de marque unique, am\u00e9liorant ainsi la polyvalence du th\u00e8me et le permettant d&rsquo;\u00eatre adapt\u00e9 en fonction des pr\u00e9f\u00e9rences individuelles. Il est d&rsquo;une importance primordiale de souligner que les meubles Anton ont \u00e9t\u00e9 optimis\u00e9s avec diligence pour la compatibilit\u00e9 universelle, le rendant pleinement r\u00e9actif et adaptable \u00e0 divers appareils, tout en garantissant simultan\u00e9ment une visibilit\u00e9 accrue du moteur de recherche, garantissant ainsi une visibilit\u00e9 et une accessibilit\u00e9 optimales \u00e0 travers la vaste \u00e9tendue du domaine num\u00e9rique du domaine num\u00e9rique . En conclusion, il peut \u00eatre indiqu\u00e9 sans \u00e9quivoque qu&rsquo;Anton Furniture est un choix exceptionnel, rempli d&rsquo;\u00e9l\u00e9gance et de professionnalisme, parfaitement adapt\u00e9 \u00e0 tout magasin de meubles ou \u00e0 design d&rsquo;int\u00e9rieur qui aspire \u00e0 garantir une pr\u00e9sence en ligne influente et raffin\u00e9e.<\/p>\n<ul>\n<li> -Sleek et le design moderne<\/li>\n<li> -La mise en page r\u00e9pondant pour une visualisation transparente sur tous les appareils<\/li>\n<li> -GOSITION DE LA PUSSIMMATION AVEC WIDGETS DRAGE et DROP<\/li>\n<li> -Igration avec WooCommerce pour des achats en ligne faciles<\/li>\n<li> -Multiple Color Schemes \u00e0 choisir<\/li>\n<li> -Portfolio et pages de blog<\/li>\n<li> -GOOGLE Polices Int\u00e9gration pour la personnalisation de la typographie<\/li>\n<li> &#8211; Panneau d&rsquo;options de th\u00e8me puissant pour une personnalisation facile<\/li>\n<li> -Seo optimis\u00e9 pour le classement des moteurs de recherche plus \u00e9lev\u00e9<\/li>\n<li> &#8211; Temps de chargement rapides pour des performances optimales<\/li>\n<li> -D\u00e9sion d&rsquo;\u00e9quipe d&rsquo;assistance pour l&rsquo;aide \u00e0 la configuration et \u00e0 la personnalisation<\/li>\n<\/ul>\n","protected":false},"excerpt":{"rendered":"<p>Le th\u00e8me WordPress Anton Furniture WooCommerce, r\u00e9put\u00e9 pour son interface conviviale et sa polyvalence incroyable, a \u00e9t\u00e9 ing\u00e9nieusement con\u00e7ue pour r\u00e9pondre aux exigences sp\u00e9cifiques des magasins de meubles et des entreprises connexes. B\u00e9n\u00e9ficiant d&rsquo;un design \u00e9l\u00e9gant et contemporain, ce th\u00e8me exceptionnel est d\u00e9di\u00e9 \u00e0 accentuer parfaitement la magnificence de vos produits, garantissant qu&rsquo;ils \u00e9mergent comme des chefs-d&rsquo;\u0153uvre vraiment captivants. Avec l&rsquo;int\u00e9gration de WooCommerce, le plugin de commerce \u00e9lectronique populaire, vous pouvez vous plonger sans effort dans le domaine des ventes de meubles en ligne, tout en g\u00e9rant simultan\u00e9ment votre magasin avec la plus grande commodit\u00e9 et efficacit\u00e9. De plus, ce th\u00e8me remarquablement r\u00e9actif garantit un attrait visuel exceptionnel sur tous les appareils, ce qui en fait un choix id\u00e9al pour les utilisateurs contemporains qui comptent sur un large \u00e9ventail de gadgets. De plus, ses capacit\u00e9s d&rsquo;optimisation de moteur de recherche impeccables am\u00e9liorent consid\u00e9rablement vos chances d&rsquo;obtenir des classements plus \u00e9lev\u00e9s dans les r\u00e9sultats de recherche, \u00e9largissant ainsi votre port\u00e9e et augmentant votre client\u00e8le. Compl\u00e9t\u00e9 par son r\u00e9pertoire complet de pages pr\u00e9-con\u00e7ues, englobant tous les aspects essentiels tels que les coordonn\u00e9es, une page attirante sur la page, une page de boutique m\u00e9ticuleusement con\u00e7ue, et plus encore, le th\u00e8me WOOCOMMERCE WOOCOMMERCE ANTON WOOCOMMERCE \u00e9merge comme la solution par excellence pour toute ann\u00e9e professionnelle de meubles Pour \u00e9tablir une pr\u00e9sence en ligne robuste et dominante.<\/p>\n","protected":false},"featured_media":145280,"comment_status":"open","ping_status":"open","template":"","meta":[],"product_brand":[2433],"product_cat":[1238,1444,1212],"product_tag":[1366],"class_list":{"0":"post-113694","1":"product","2":"type-product","3":"status-publish","4":"has-post-thumbnail","6":"product_brand-themeforest","7":"product_cat-commerce-electronique-themes","8":"product_cat-creatif-commerce-electronique-themes","9":"product_cat-themes","10":"product_tag-themeforest","11":"member-discount","12":"discount-restricted","14":"first","15":"instock","16":"sale","17":"downloadable","18":"virtual","19":"sold-individually","20":"purchasable","21":"product-type-simple"},"_links":{"self":[{"href":"https:\/\/gpl-love.com\/fr\/wp-json\/wp\/v2\/product\/113694","targetHints":{"allow":["GET"]}}],"collection":[{"href":"https:\/\/gpl-love.com\/fr\/wp-json\/wp\/v2\/product"}],"about":[{"href":"https:\/\/gpl-love.com\/fr\/wp-json\/wp\/v2\/types\/product"}],"replies":[{"embeddable":true,"href":"https:\/\/gpl-love.com\/fr\/wp-json\/wp\/v2\/comments?post=113694"}],"wp:featuredmedia":[{"embeddable":true,"href":"https:\/\/gpl-love.com\/fr\/wp-json\/wp\/v2\/media\/145280"}],"wp:attachment":[{"href":"https:\/\/gpl-love.com\/fr\/wp-json\/wp\/v2\/media?parent=113694"}],"wp:term":[{"taxonomy":"product_brand","embeddable":true,"href":"https:\/\/gpl-love.com\/fr\/wp-json\/wp\/v2\/product_brand?post=113694"},{"taxonomy":"product_cat","embeddable":true,"href":"https:\/\/gpl-love.com\/fr\/wp-json\/wp\/v2\/product_cat?post=113694"},{"taxonomy":"product_tag","embeddable":true,"href":"https:\/\/gpl-love.com\/fr\/wp-json\/wp\/v2\/product_tag?post=113694"}],"curies":[{"name":"wp","href":"https:\/\/api.w.org\/{rel}","templated":true}]}}