{"id":113692,"date":"2022-05-10T00:00:00","date_gmt":"2022-05-09T22:00:00","guid":{"rendered":"http:\/\/gpl-love.com\/fr\/produit\/datebook-dating-wordpress-theme\/"},"modified":"2026-03-20T23:00:26","modified_gmt":"2026-03-20T22:00:26","slug":"datebook-dating-wordpress-theme","status":"publish","type":"product","link":"https:\/\/gpl-love.com\/fr\/produit\/datebook-dating-wordpress-theme\/","title":{"rendered":"DateBook Dating WordPress Theme 4.6.4"},"content":{"rendered":"<h3>DateBook Dating WordPress Theme Traits<\/h3>\n<p>Le th\u00e8me WordPress de datation de Datebook est un th\u00e8me global et convivial sp\u00e9cifiquement con\u00e7u pour r\u00e9pondre aux exigences des particuliers ou des entreprises op\u00e9rant dans l&rsquo;industrie des rencontres en ligne. Ce th\u00e8me englobe une pl\u00e9thore de fonctionnalit\u00e9s et d&rsquo;alternatives de personnalisation qui permettent aux propri\u00e9taires de sites Web de construire un site Web de rencontres distinctif et professionnel. Parmi les attributs notables que les offres de th\u00e8me WordPress de datation de Datebook figurent des options de recherche et de filtrage navigables sans effort, des pages de profil personnalis\u00e9es adapt\u00e9es aux pr\u00e9f\u00e9rences individuelles, aux fonctionnalit\u00e9s de messagerie transparente et \u00e0 l&rsquo;int\u00e9gration transparente avec les syst\u00e8mes de paiement. De plus, ce th\u00e8me est pleinement r\u00e9actif, garantissant ainsi un attrait visuel et des fonctionnalit\u00e9s optimaux sur tous les appareils. Avec son interface hautement intuitive et ses capacit\u00e9s avanc\u00e9es, Datebook est une option exceptionnelle pour tous ceux qui cherchent \u00e0 \u00e9tablir un site Web de rencontres du plus haut calibre.<\/p>\n<ul>\n<li>Rencontre personnalisable TH\u00c8ME WORDPRESS<\/li>\n<li>Profils int\u00e9gr\u00e9s et syst\u00e8me de messagerie<\/li>\n<li>Capacit\u00e9 \u00e0 rechercher et filtrer les correspondances potentielles<\/li>\n<li>Int\u00e9gration avec des passerelles de paiement populaires pour les fonctionnalit\u00e9s premium<\/li>\n<li>Algorithme de correspondance automatis\u00e9 bas\u00e9 sur les pr\u00e9f\u00e9rences des utilisateurs<\/li>\n<li>Conception sensible aux mobiles pour une utilisation facile sur tous les appareils<\/li>\n<li>Prise en charge des plugins et des modules compl\u00e9mentaires tiers<\/li>\n<li>Support linguistique multiple pour l&rsquo;utilisation mondiale<\/li>\n<li>Tableau de bord d&rsquo;administration complet et facile \u00e0 utiliser pour la gestion et la personnalisation<\/li>\n<li>Mises \u00e0 jour r\u00e9guli\u00e8res et support client fourni.<\/li>\n<\/ul>\n","protected":false},"excerpt":{"rendered":"<p>Pr\u00e9sentation du th\u00e8me WordPress de datation de Datebook, un mod\u00e8le riche en fonctionnalit\u00e9s parfait pour cr\u00e9er des sites de rencontres en ligne engageants. Ce th\u00e8me est aliment\u00e9 par WordPress, garantissant une configuration, une personnalisation et une gestion faciles. Le point de vente unique de DateBook est son mod\u00e8le de paiement bas\u00e9 sur l&rsquo;abonnement, qui vous permet de mon\u00e9tiser efficacement votre site de rencontres. Il est livr\u00e9 avec des fonctionnalit\u00e9s d&rsquo;adh\u00e9sion et d&rsquo;abonnement int\u00e9gr\u00e9es, offrant un flux de revenus fiable pour les propri\u00e9taires de sites Web. De plus, le th\u00e8me prend en charge plusieurs langues, ce qui en fait un excellent choix pour les plateformes de rencontres internationales. Il est \u00e9galement adapt\u00e9 aux mobiles, garantissant une exp\u00e9rience de navigation transparente sur n&rsquo;importe quel appareil. Avec sa conception r\u00e9active et son optimisation SEO, votre site de rencontres sera fantastique et se classera bien dans les moteurs de recherche. L&rsquo;interface conviviale et l&rsquo;outil de recherche avanc\u00e9 de DateBook facilitent la recherche de leur correspondance parfaite. En plus de cela, il est compatible avec divers plugins pour les fonctionnalit\u00e9s \u00e9tendues. Que vous soyez un novice ou un expert, le th\u00e8me WordPress de Datebook Dating est un choix intelligent pour lancer un site Web de rencontres r\u00e9ussi.<\/p>\n","protected":false},"featured_media":143513,"comment_status":"open","ping_status":"open","template":"","meta":[],"product_brand":[2433],"product_cat":[1242,1212,1213],"product_tag":[1366],"class_list":{"0":"post-113692","1":"product","2":"type-product","3":"status-publish","4":"has-post-thumbnail","6":"product_brand-themeforest","7":"product_cat-creatif","8":"product_cat-themes","9":"product_cat-wordpress-themes","10":"product_tag-themeforest","11":"member-discount","12":"discount-restricted","14":"first","15":"instock","16":"sale","17":"downloadable","18":"virtual","19":"sold-individually","20":"purchasable","21":"product-type-simple"},"_links":{"self":[{"href":"https:\/\/gpl-love.com\/fr\/wp-json\/wp\/v2\/product\/113692","targetHints":{"allow":["GET"]}}],"collection":[{"href":"https:\/\/gpl-love.com\/fr\/wp-json\/wp\/v2\/product"}],"about":[{"href":"https:\/\/gpl-love.com\/fr\/wp-json\/wp\/v2\/types\/product"}],"replies":[{"embeddable":true,"href":"https:\/\/gpl-love.com\/fr\/wp-json\/wp\/v2\/comments?post=113692"}],"wp:featuredmedia":[{"embeddable":true,"href":"https:\/\/gpl-love.com\/fr\/wp-json\/wp\/v2\/media\/143513"}],"wp:attachment":[{"href":"https:\/\/gpl-love.com\/fr\/wp-json\/wp\/v2\/media?parent=113692"}],"wp:term":[{"taxonomy":"product_brand","embeddable":true,"href":"https:\/\/gpl-love.com\/fr\/wp-json\/wp\/v2\/product_brand?post=113692"},{"taxonomy":"product_cat","embeddable":true,"href":"https:\/\/gpl-love.com\/fr\/wp-json\/wp\/v2\/product_cat?post=113692"},{"taxonomy":"product_tag","embeddable":true,"href":"https:\/\/gpl-love.com\/fr\/wp-json\/wp\/v2\/product_tag?post=113692"}],"curies":[{"name":"wp","href":"https:\/\/api.w.org\/{rel}","templated":true}]}}