{"id":113690,"date":"2022-04-05T00:00:00","date_gmt":"2022-04-04T22:00:00","guid":{"rendered":"http:\/\/gpl-love.com\/fr\/produit\/newsblock-news-et-magazine-wordpress-theme-with-dark-mode\/"},"modified":"2026-04-10T18:33:36","modified_gmt":"2026-04-10T16:33:36","slug":"newsblock-news-et-magazine-wordpress-theme-with-dark-mode","status":"publish","type":"product","link":"https:\/\/gpl-love.com\/fr\/produit\/newsblock-news-et-magazine-wordpress-theme-with-dark-mode\/","title":{"rendered":"Newsblock News et Magazine WordPress Th\u00e8me with Dark Mode 1.2.1"},"content":{"rendered":"<h3>Newsblock News et Magazine WordPress Th\u00e8me with Dark Mode Traits<\/h3>\n<p>Newsblock, un th\u00e8me WordPress exceptionnel sp\u00e9cifiquement con\u00e7u pour les sites Web News and Magazine, pr\u00e9sente un design visuellement attrayant et contemporain, encore am\u00e9lior\u00e9 par sa fonctionnalit\u00e9 de mode obscur louable pour les personnes qui recherchent une esth\u00e9tique plus frappante. L&rsquo;un de ses attributs notables englobe un assortiment de choix de mise en page, englobant la grille et la liste des vues, ainsi qu&rsquo;une page d&rsquo;accueil enti\u00e8rement personnalisable offrant plusieurs zones de widget. De plus, Newsblock est fier de son int\u00e9gration transparente des capacit\u00e9s de partage des m\u00e9dias sociaux, des options de placement publicitaire et des fonctionnalit\u00e9s d&rsquo;optimisation des moteurs de recherche. B\u00e9n\u00e9ficiant d&rsquo;une interface utilisateur intuitive et d&rsquo;une conception tr\u00e8s r\u00e9active, Newsblock appara\u00eet comme la solution ultime pour tout site Web d&rsquo;actualit\u00e9s ou de magazine dans la recherche d&rsquo;une impression convaincante et audacieuse.<\/p>\n<ul>\n<li>Parfait pour les sites Web d&rsquo;actualit\u00e9s et de magazines<\/li>\n<li>Mode sombre disponible pour un look \u00e9l\u00e9gant et moderne<\/li>\n<li>Enti\u00e8rement personnalisable avec diverses options de th\u00e8me<\/li>\n<li>Comprend plusieurs options de mise en page pour les articles, les cat\u00e9gories et les pages<\/li>\n<li>Int\u00e9gration int\u00e9gr\u00e9e des m\u00e9dias sociaux pour un partage facile<\/li>\n<li>SEO optimis\u00e9 pour un meilleur classement des moteurs de recherche<\/li>\n<li>Mobile r\u00e9actif pour une exp\u00e9rience utilisateur transparent sur n&rsquo;importe quel appareil<\/li>\n<li>Comprend la prise en charge des plugins populaires<\/li>\n<li>Installation et configuration faciles avec une importation de d\u00e9monstration en un clic<\/li>\n<li>Mises \u00e0 jour du th\u00e8me r\u00e9gulier et excellent support client<\/li>\n<\/ul>\n","protected":false},"excerpt":{"rendered":"<p>Offrez-vous aux formidables prouesses que le th\u00e8me News News et le magazine WordPress avec mode sombre a \u00e0 offrir! Ce th\u00e8me, charg\u00e9 d&rsquo;un assortiment de fonctionnalit\u00e9s, est sur mesure pour les sites Web d&rsquo;actualit\u00e9s et les magazines en ligne, pr\u00e9sentant un design contemporain de pointe coupl\u00e9 \u00e0 une fonctionnalit\u00e9 robuste. L&rsquo;inclusion d&rsquo;une alternative en mode sombre garantit que les utilisateurs peuvent savourer dans une exp\u00e9rience de lecture agr\u00e9able qui est douce pour les peepers. De plus, l&rsquo;attrait d&rsquo;une disposition personnalisable et d&rsquo;attributs avanc\u00e9s, tels que la capacit\u00e9 d&rsquo;\u00e9laborer une gamme sans fin de barres lat\u00e9rales sur mesure et d&rsquo;incorporer des widgets personnalis\u00e9s, vous captivera sans aucun doute. Alors pourquoi h\u00e9siter? \u00c9levez le statut de votre site de nouvelles ou de votre magazine aujourd&rsquo;hui en embrassant le Sensational Newsblock!<\/p>\n","protected":false},"featured_media":144722,"comment_status":"open","ping_status":"open","template":"","meta":[],"product_brand":[2433],"product_cat":[1220,1212,1213],"product_tag":[1366],"class_list":{"0":"post-113690","1":"product","2":"type-product","3":"status-publish","4":"has-post-thumbnail","6":"product_brand-themeforest","7":"product_cat-blog-magazine","8":"product_cat-themes","9":"product_cat-wordpress-themes","10":"product_tag-themeforest","11":"member-discount","12":"discount-restricted","14":"first","15":"instock","16":"sale","17":"downloadable","18":"virtual","19":"sold-individually","20":"purchasable","21":"product-type-simple"},"_links":{"self":[{"href":"https:\/\/gpl-love.com\/fr\/wp-json\/wp\/v2\/product\/113690","targetHints":{"allow":["GET"]}}],"collection":[{"href":"https:\/\/gpl-love.com\/fr\/wp-json\/wp\/v2\/product"}],"about":[{"href":"https:\/\/gpl-love.com\/fr\/wp-json\/wp\/v2\/types\/product"}],"replies":[{"embeddable":true,"href":"https:\/\/gpl-love.com\/fr\/wp-json\/wp\/v2\/comments?post=113690"}],"wp:featuredmedia":[{"embeddable":true,"href":"https:\/\/gpl-love.com\/fr\/wp-json\/wp\/v2\/media\/144722"}],"wp:attachment":[{"href":"https:\/\/gpl-love.com\/fr\/wp-json\/wp\/v2\/media?parent=113690"}],"wp:term":[{"taxonomy":"product_brand","embeddable":true,"href":"https:\/\/gpl-love.com\/fr\/wp-json\/wp\/v2\/product_brand?post=113690"},{"taxonomy":"product_cat","embeddable":true,"href":"https:\/\/gpl-love.com\/fr\/wp-json\/wp\/v2\/product_cat?post=113690"},{"taxonomy":"product_tag","embeddable":true,"href":"https:\/\/gpl-love.com\/fr\/wp-json\/wp\/v2\/product_tag?post=113690"}],"curies":[{"name":"wp","href":"https:\/\/api.w.org\/{rel}","templated":true}]}}