{"id":113688,"date":"2023-10-17T00:00:00","date_gmt":"2023-10-16T22:00:00","guid":{"rendered":"http:\/\/gpl-love.com\/fr\/produit\/eikra-education-wordpress-theme\/"},"modified":"2026-03-20T23:03:03","modified_gmt":"2026-03-20T22:03:03","slug":"eikra-education-wordpress-theme","status":"publish","type":"product","link":"https:\/\/gpl-love.com\/fr\/produit\/eikra-education-wordpress-theme\/","title":{"rendered":"Eikra Education WordPress Theme 4.4.10"},"content":{"rendered":"<h3>Eikra Education WordPress Theme Traits<\/h3>\n<p>Le th\u00e8me WordPress EIKRA Education, un th\u00e8me premium exclusivement con\u00e7u pour les \u00e9tablissements d&rsquo;enseignement, tels que les \u00e9coles, les coll\u00e8ges, les universit\u00e9s et les prestataires de cours en ligne, poss\u00e8de une conception d&rsquo;avant-garde et conviviale qui facilite l&rsquo;utilisation sans effort et la navigation sans transparence. Ce th\u00e8me propose une gamme de mod\u00e8les de pages pr\u00e9d\u00e9finis qui s&rsquo;adressent aux cours, aux \u00e9v\u00e9nements et aux galeries, ainsi que des fonctionnalit\u00e9s remarquables telles que la gestion des cours en ligne, les profils des enseignants et l&rsquo;inscription des \u00e9tudiants. De plus, Eikra englobe \u00e9galement un vaste r\u00e9pertoire d&rsquo;options de personnalisation, vous permettant de personnaliser votre site Web pour vous aligner sur l&rsquo;image de marque et les exigences sp\u00e9cifiques distinctes de votre \u00e9tablissement. Ainsi, que l&rsquo;objectif soit de pr\u00e9senter vos cours, de promouvoir vos \u00e9v\u00e9nements ou de favoriser l&rsquo;interaction avec vos \u00e9tudiants, soyez assur\u00e9 que le th\u00e8me WordPress EIKRA Education est enti\u00e8rement \u00e9quip\u00e9 pour r\u00e9pondre \u00e0 vos besoins divers.<\/p>\n<ul>\n<li>Design moderne et r\u00e9actif parfait pour les \u00e9tablissements d&rsquo;enseignement et les prestataires de cours en ligne.<\/li>\n<li>Dispos\u00e9s et sch\u00e9mas de couleurs personnalisables pour correspondre \u00e0 l&rsquo;esth\u00e9tique de votre marque.<\/li>\n<li>Int\u00e9gration int\u00e9gr\u00e9e avec des plates-formes d&rsquo;apprentissage en ligne communes telles que LearnDash et Sensei.<\/li>\n<li>Tableau de bord convivial pour la cr\u00e9ation et la gestion des cours.<\/li>\n<li>Option pour les inscriptions individuelles ou les forfaits de paquet pour plusieurs cours.<\/li>\n<li>Int\u00e9gration transparente avec WooCommerce pour un traitement de paiement facile et s\u00e9curis\u00e9.<\/li>\n<li>Certificats de suivi et d&rsquo;ach\u00e8vement des progr\u00e8s des cours interactifs pour les \u00e9tudiants.<\/li>\n<li>Optimis\u00e9 pour le classement des moteurs de recherche pour augmenter le trafic et la visibilit\u00e9 du site Web.<\/li>\n<li>Documentation et support pr\u00e9vu pour une configuration et un d\u00e9pannage faciles.<\/li>\n<li>Mises \u00e0 jour et am\u00e9liorations continues pour assurer la compatibilit\u00e9 avec la derni\u00e8re version WordPress et les mesures de s\u00e9curit\u00e9.<\/li>\n<\/ul>\n","protected":false},"excerpt":{"rendered":"<p>Nous sommes ravis de pr\u00e9senter le th\u00e8me WordPress de l&rsquo;\u00e9ducation EIKRA, une solution impeccable s&rsquo;adress\u00e9e sp\u00e9cifiquement aux personnes op\u00e9rant au sein de l&rsquo;industrie de l&rsquo;\u00e9ducation. Ce th\u00e8me remarquable poss\u00e8de une conception parfaitement rationalis\u00e9e coupl\u00e9e \u00e0 un \u00e9ventail de fonctionnalit\u00e9s avanc\u00e9es, permettant sans effort la cr\u00e9ation d&rsquo;un site Web r\u00e9actif et hautement professionnel. Eikra d\u00e9passe les attentes en fournissant un assortiment d&rsquo;outils qui simplifient le processus de construction de sites Web \u00e9ducatifs \u00e0 un degr\u00e9 sans pr\u00e9c\u00e9dent. Avec son assortiment de mod\u00e8les de pages personnalisables, un constructeur de pages glisser-d\u00e9poser intuitif et une int\u00e9gration transparente d&rsquo;un syst\u00e8me de gestion de l&rsquo;apprentissage int\u00e9gr\u00e9, Eikra appara\u00eet comme le choix d\u00e9finitif pour les \u00e9coles, les coll\u00e8ges, les cours en ligne et divers programmes \u00e9ducatifs. Embarquez dans le voyage de transformer votre site Web d&rsquo;\u00e9ducation des r\u00eaves aujourd&rsquo;hui en exploitant le pouvoir et le potentiel d&rsquo;Eikra.<\/p>\n","protected":false},"featured_media":143685,"comment_status":"open","ping_status":"open","template":"","meta":[],"product_brand":[2433],"product_cat":[1516,1212,1213],"product_tag":[1366],"class_list":{"0":"post-113688","1":"product","2":"type-product","3":"status-publish","4":"has-post-thumbnail","6":"product_brand-themeforest","7":"product_cat-entreprise","8":"product_cat-themes","9":"product_cat-wordpress-themes","10":"product_tag-themeforest","11":"member-discount","12":"discount-restricted","14":"first","15":"instock","16":"sale","17":"downloadable","18":"virtual","19":"sold-individually","20":"purchasable","21":"product-type-simple"},"_links":{"self":[{"href":"https:\/\/gpl-love.com\/fr\/wp-json\/wp\/v2\/product\/113688","targetHints":{"allow":["GET"]}}],"collection":[{"href":"https:\/\/gpl-love.com\/fr\/wp-json\/wp\/v2\/product"}],"about":[{"href":"https:\/\/gpl-love.com\/fr\/wp-json\/wp\/v2\/types\/product"}],"replies":[{"embeddable":true,"href":"https:\/\/gpl-love.com\/fr\/wp-json\/wp\/v2\/comments?post=113688"}],"wp:featuredmedia":[{"embeddable":true,"href":"https:\/\/gpl-love.com\/fr\/wp-json\/wp\/v2\/media\/143685"}],"wp:attachment":[{"href":"https:\/\/gpl-love.com\/fr\/wp-json\/wp\/v2\/media?parent=113688"}],"wp:term":[{"taxonomy":"product_brand","embeddable":true,"href":"https:\/\/gpl-love.com\/fr\/wp-json\/wp\/v2\/product_brand?post=113688"},{"taxonomy":"product_cat","embeddable":true,"href":"https:\/\/gpl-love.com\/fr\/wp-json\/wp\/v2\/product_cat?post=113688"},{"taxonomy":"product_tag","embeddable":true,"href":"https:\/\/gpl-love.com\/fr\/wp-json\/wp\/v2\/product_tag?post=113688"}],"curies":[{"name":"wp","href":"https:\/\/api.w.org\/{rel}","templated":true}]}}