{"id":113686,"date":"2025-06-13T00:00:00","date_gmt":"2025-06-12T22:00:00","guid":{"rendered":"http:\/\/gpl-love.com\/fr\/produit\/valen-sport-fashion-woocommerce-wordpress-theme\/"},"modified":"2026-04-10T18:44:51","modified_gmt":"2026-04-10T16:44:51","slug":"valen-sport-fashion-woocommerce-wordpress-theme","status":"publish","type":"product","link":"https:\/\/gpl-love.com\/fr\/produit\/valen-sport-fashion-woocommerce-wordpress-theme\/","title":{"rendered":"Valen Sport Fashion WooCommerce WordPress Theme 2.5"},"content":{"rendered":"<h3>Valen Sport Fashion WooCommerce WordPress Theme Traits<\/h3>\n<p>Le th\u00e8me WordPress de Valen Sport WooCommerce est un th\u00e8me WordPress de haute qualit\u00e9, contemporain et \u00e9l\u00e9gant qui est particuli\u00e8rement adapt\u00e9 aux entreprises de l&rsquo;industrie de la mode, y compris la mode sportive, les v\u00eatements, les accessoires et d&rsquo;autres produits de la mode. Ce th\u00e8me offre un niveau de flexibilit\u00e9 remarquable, car il peut \u00eatre enti\u00e8rement personnalis\u00e9 en fonction de vos pr\u00e9f\u00e9rences, tout en b\u00e9n\u00e9ficiant d&rsquo;un design \u00e9l\u00e9gant et immacul\u00e9 qui am\u00e9liore consid\u00e9rablement l&rsquo;exp\u00e9rience utilisateur globale. De plus, sa disposition enti\u00e8rement r\u00e9active permet une adaptabilit\u00e9 transparente sur toutes les tailles d&rsquo;\u00e9cran, garantissant que votre site Web semble impeccable sur n&rsquo;importe quel appareil.<\/p>\n<p>L&rsquo;interface conviviale et instinctive de Valen Sport Fashion WooCommerce WordPress Le th\u00e8me vous permet de g\u00e9rer sans effort votre boutique en ligne, en facilitant les ventes et l&rsquo;administration de vos produits. Avec son int\u00e9gration avec WooCommerce, vous pouvez vendre sans effort vos produits en ligne, rationalisant l&rsquo;int\u00e9gralit\u00e9 du processus. De plus, ce th\u00e8me fournit une pl\u00e9thore de pages, widgets et shortcodes pr\u00e9-con\u00e7us, simplifiant efficacement la configuration et la personnalisation de votre site Web pour r\u00e9pondre \u00e0 vos exigences uniques.<\/p>\n<p>En r\u00e9sum\u00e9, Valen Sport Fashion WooCommerce WordPress Le th\u00e8me est un choix exceptionnel pour les personnes \u00e0 la recherche d&rsquo;un th\u00e8me WordPress contemporain et \u00e9l\u00e9gant pour montrer leurs produits de mode dans un cadre en ligne.<\/p>\n<ul>\n<li>Design \u00e9l\u00e9gant et moderne parfait pour les sites de sports et de mode.<\/li>\n<li>La disposition r\u00e9active et adapt\u00e9e aux mobiles garantit une exp\u00e9rience utilisateur transparente sur tous les appareils.<\/li>\n<li>Compatible avec le plugin WooCommerce populaire pour la configuration et la gestion de la boutique en ligne faciles.<\/li>\n<li>Page d&rsquo;accueil personnalisable avec g\u00e9n\u00e9rateur de glisser-d\u00e9poser et plusieurs options de mise en page.<\/li>\n<li>6+ Demos pr\u00e9d\u00e9finis pour relancer votre processus de conception de votre site Web.<\/li>\n<li>Widgets personnalis\u00e9s et raccourcis pour les fonctionnalit\u00e9s et la flexibilit\u00e9 suppl\u00e9mentaires.<\/li>\n<li>Int\u00e9gration avec des plateformes de m\u00e9dias sociaux populaires pour augmenter votre pr\u00e9sence en ligne.<\/li>\n<li>Panneau d&rsquo;options de th\u00e8me facile \u00e0 utiliser pour personnaliser les couleurs, les polices et autres \u00e9l\u00e9ments de conception.<\/li>\n<li>Vitesse de chargement rapide optimis\u00e9e pour un meilleur classement des moteurs de recherche et la r\u00e9tention des utilisateurs.<\/li>\n<li>Les mises \u00e0 jour r\u00e9guli\u00e8res et le support client d\u00e9di\u00e9 vous garantissent en avance sur vos concurrents.<\/li>\n<\/ul>\n","protected":false},"excerpt":{"rendered":"<p>Le th\u00e8me WordPress de Valen Sport Fashion WooCommerce, avec son design \u00e9l\u00e9gant et contemporain, est un choix id\u00e9al pour les sites Web li\u00e9s au sport ou \u00e0 la mode. Ce th\u00e8me poss\u00e8de une conception de page d&rsquo;accueil enti\u00e8rement personnalisable, vous offrant la flexibilit\u00e9 pour l&rsquo;adapter en fonction de vos pr\u00e9f\u00e9rences. De plus, vous avez la possibilit\u00e9 de personnaliser l&rsquo;en-t\u00eate et le pied de page, vous permettant de cr\u00e9er un look unique et personnalis\u00e9 pour votre site Web.<\/p>\n","protected":false},"featured_media":145701,"comment_status":"open","ping_status":"open","template":"","meta":[],"product_brand":[2433],"product_cat":[1238,1444,1212],"product_tag":[1366],"class_list":{"0":"post-113686","1":"product","2":"type-product","3":"status-publish","4":"has-post-thumbnail","6":"product_brand-themeforest","7":"product_cat-commerce-electronique-themes","8":"product_cat-creatif-commerce-electronique-themes","9":"product_cat-themes","10":"product_tag-themeforest","11":"member-discount","12":"discount-restricted","14":"first","15":"instock","16":"sale","17":"downloadable","18":"virtual","19":"sold-individually","20":"purchasable","21":"product-type-simple"},"_links":{"self":[{"href":"https:\/\/gpl-love.com\/fr\/wp-json\/wp\/v2\/product\/113686","targetHints":{"allow":["GET"]}}],"collection":[{"href":"https:\/\/gpl-love.com\/fr\/wp-json\/wp\/v2\/product"}],"about":[{"href":"https:\/\/gpl-love.com\/fr\/wp-json\/wp\/v2\/types\/product"}],"replies":[{"embeddable":true,"href":"https:\/\/gpl-love.com\/fr\/wp-json\/wp\/v2\/comments?post=113686"}],"wp:featuredmedia":[{"embeddable":true,"href":"https:\/\/gpl-love.com\/fr\/wp-json\/wp\/v2\/media\/145701"}],"wp:attachment":[{"href":"https:\/\/gpl-love.com\/fr\/wp-json\/wp\/v2\/media?parent=113686"}],"wp:term":[{"taxonomy":"product_brand","embeddable":true,"href":"https:\/\/gpl-love.com\/fr\/wp-json\/wp\/v2\/product_brand?post=113686"},{"taxonomy":"product_cat","embeddable":true,"href":"https:\/\/gpl-love.com\/fr\/wp-json\/wp\/v2\/product_cat?post=113686"},{"taxonomy":"product_tag","embeddable":true,"href":"https:\/\/gpl-love.com\/fr\/wp-json\/wp\/v2\/product_tag?post=113686"}],"curies":[{"name":"wp","href":"https:\/\/api.w.org\/{rel}","templated":true}]}}