{"id":113684,"date":"2021-11-19T00:00:00","date_gmt":"2021-11-18T23:00:00","guid":{"rendered":"http:\/\/gpl-love.com\/fr\/produit\/picante-restaurant-wordpress-theme\/"},"modified":"2026-03-20T23:31:34","modified_gmt":"2026-03-20T22:31:34","slug":"picante-restaurant-wordpress-theme","status":"publish","type":"product","link":"https:\/\/gpl-love.com\/fr\/produit\/picante-restaurant-wordpress-theme\/","title":{"rendered":"Picante Restaurant WordPress Theme 2.4.9"},"content":{"rendered":"<h3>Picante Restaurant WordPress Theme Traits<\/h3>\n<p>Pr\u00e9sentation du th\u00e8me WordPress du restaurant Picante remarquable, une solution compl\u00e8te adapt\u00e9e aux propri\u00e9taires de restaurants exigeants aspirant \u00e0 cultiver une pr\u00e9sence en ligne sophistiqu\u00e9e et raffin\u00e9e. Ce th\u00e8me m\u00e9ticuleusement con\u00e7u poss\u00e8de une r\u00e9activit\u00e9 utile, assurant que votre \u00e9tablissement estim\u00e9 sera parfaitement pr\u00e9sent\u00e9 sur tous les appareils imaginables. Immergez-vous dans une pl\u00e9thore de caract\u00e9ristiques sur mesure, m\u00e9ticuleusement fa\u00e7onn\u00e9es pour r\u00e9pondre exclusivement aux besoins et aux d\u00e9sirs de l&rsquo;industrie culinaire. D\u00e9veloppez-vous dans la commodit\u00e9 des menus en ligne, facilitant sans effort la navigation transparente et la commande d&rsquo;exp\u00e9riences pour vos pr\u00e9cieux clients. Embrassez la facilit\u00e9 des r\u00e9servations, permettant \u00e0 vos invit\u00e9s estim\u00e9s de s\u00e9curiser sans effort les plages horaires souhait\u00e9es. Et pour couronner le tout, se pr\u00e9lasser dans la capacit\u00e9 de pr\u00e9senter les avis des clients, permettant un sentiment de transparence accru et de favoriser la confiance parmi votre client\u00e8le en constante \u00e9volution. Nourrissez votre identit\u00e9 en ligne unique au moyen de vastes options de personnalisation, en s\u00e9lectionnant \u00e0 partir d&rsquo;un large \u00e9ventail de sch\u00e9mas de couleurs captivants et de polices d\u00e9licieuses, en vous assurant que votre pr\u00e9sence num\u00e9rique refl\u00e8te sans effort l&rsquo;\u00e2me de votre \u00e9tablissement. Avec le th\u00e8me WordPress du restaurant Picante in\u00e9gal\u00e9, vous obtenez la capacit\u00e9 in\u00e9gal\u00e9e \u00e0 pr\u00e9senter parfaitement vos offres gastronomiques et \u00e0 organiser une exp\u00e9rience num\u00e9rique parfaitement immersive pour vos clients estim\u00e9s.<\/p>\n<ul>\n<li>Conception enti\u00e8rement r\u00e9active qui fonctionne sur tous les appareils<\/li>\n<li>Builder de page puissant pour les dispositions et les conceptions personnalis\u00e9s<\/li>\n<li>Syst\u00e8me de gestion de menu int\u00e9gr\u00e9 pour afficher les menus de restauration<\/li>\n<li>Int\u00e9gration du syst\u00e8me de r\u00e9servation en ligne pour les r\u00e9servations faciles<\/li>\n<li>Galeries d&rsquo;images accrocheuses pour pr\u00e9senter l&rsquo;ambiance et la vaisselle des restaurants<\/li>\n<li>Options de mise en page de blog multiples pour partager les mises \u00e0 jour et les nouvelles<\/li>\n<li>Ic\u00f4nes de m\u00e9dias sociaux int\u00e9gr\u00e9s pour un partage et une promotion faciles<\/li>\n<li>Sch\u00e9mas de couleurs personnalisables pour correspondre \u00e0 la marque des restaurants<\/li>\n<li>SEO optimis\u00e9 pour un meilleur classement des moteurs de recherche<\/li>\n<li>Support client d\u00e9di\u00e9 \u00e0 toute question ou probl\u00e8me.<\/li>\n<\/ul>\n","protected":false},"excerpt":{"rendered":"<p>Si vous \u00eates un propri\u00e9taire de restaurant qui cherche \u00e0 \u00e9tablir une pr\u00e9sence en ligne captivante, le th\u00e8me WordPress du restaurant Picante est la solution ultime pour vous. Ce th\u00e8me remarquable poss\u00e8de un design \u00e9l\u00e9gant, un \u00e9ventail d&rsquo;options personnalisables et une interface conviviale, vous permettant de pr\u00e9senter \u00e9l\u00e9gamment le menu, l&#8217;emplacement de votre restaurant et les fonctionnalit\u00e9s distinctives. De plus, sa conception r\u00e9active garantit que votre site Web d\u00e9gagera de l&rsquo;excellence sur tous les appareils, tandis que l&rsquo;inclusion d&rsquo;un constructeur de pages int\u00e9gr\u00e9 vous permet de concevoir des dispositions uniques sans aucune expertise de codage. Peu importe que votre \u00e9tablissement soit un caf\u00e9 pittoresque ou une cha\u00eene tentaculaire, le th\u00e8me WordPress du restaurant Picante est incontestablement l&rsquo;avenue parfaite pour faire conna\u00eetre votre entreprise et attirer une client\u00e8le plus large.<\/p>\n","protected":false},"featured_media":144976,"comment_status":"open","ping_status":"open","template":"","meta":[],"product_brand":[2433],"product_cat":[1606,1212,1213],"product_tag":[1366],"class_list":{"0":"post-113684","1":"product","2":"type-product","3":"status-publish","4":"has-post-thumbnail","6":"product_brand-themeforest","7":"product_cat-restauration-et-restaurant","8":"product_cat-themes","9":"product_cat-wordpress-themes","10":"product_tag-themeforest","11":"member-discount","12":"discount-restricted","14":"first","15":"instock","16":"sale","17":"downloadable","18":"virtual","19":"sold-individually","20":"purchasable","21":"product-type-simple"},"_links":{"self":[{"href":"https:\/\/gpl-love.com\/fr\/wp-json\/wp\/v2\/product\/113684","targetHints":{"allow":["GET"]}}],"collection":[{"href":"https:\/\/gpl-love.com\/fr\/wp-json\/wp\/v2\/product"}],"about":[{"href":"https:\/\/gpl-love.com\/fr\/wp-json\/wp\/v2\/types\/product"}],"replies":[{"embeddable":true,"href":"https:\/\/gpl-love.com\/fr\/wp-json\/wp\/v2\/comments?post=113684"}],"wp:featuredmedia":[{"embeddable":true,"href":"https:\/\/gpl-love.com\/fr\/wp-json\/wp\/v2\/media\/144976"}],"wp:attachment":[{"href":"https:\/\/gpl-love.com\/fr\/wp-json\/wp\/v2\/media?parent=113684"}],"wp:term":[{"taxonomy":"product_brand","embeddable":true,"href":"https:\/\/gpl-love.com\/fr\/wp-json\/wp\/v2\/product_brand?post=113684"},{"taxonomy":"product_cat","embeddable":true,"href":"https:\/\/gpl-love.com\/fr\/wp-json\/wp\/v2\/product_cat?post=113684"},{"taxonomy":"product_tag","embeddable":true,"href":"https:\/\/gpl-love.com\/fr\/wp-json\/wp\/v2\/product_tag?post=113684"}],"curies":[{"name":"wp","href":"https:\/\/api.w.org\/{rel}","templated":true}]}}