{"id":113682,"date":"2023-11-23T00:00:00","date_gmt":"2023-11-22T23:00:00","guid":{"rendered":"http:\/\/gpl-love.com\/fr\/produit\/thecraft-responsive-multipurpose-premium-wordpress-theme\/"},"modified":"2026-03-20T23:39:29","modified_gmt":"2026-03-20T22:39:29","slug":"thecraft-responsive-multipurpose-premium-wordpress-theme","status":"publish","type":"product","link":"https:\/\/gpl-love.com\/fr\/produit\/thecraft-responsive-multipurpose-premium-wordpress-theme\/","title":{"rendered":"TheCraft Responsive Multipurpose Premium WordPress Theme 1.26"},"content":{"rendered":"<h3>TheCraft Responsive Multipurpose Premium WordPress Theme Traits<\/h3>\n<p>Le th\u00e8me WordPress premium multipurpose r\u00e9actif Thecraft est une solution incroyablement polyvalente et compl\u00e8te. Il offre aux utilisateurs la possibilit\u00e9 de cr\u00e9er des sites Web professionnels et engageants qui sont s\u00fbrs d&rsquo;impressionner. Ce th\u00e8me poss\u00e8de un design \u00e9l\u00e9gant et moderne, ce qui en fait le choix id\u00e9al pour les entreprises, les agences cr\u00e9atives et les personnes qui souhaitent pr\u00e9senter efficacement leur travail et leurs services.<\/p>\n<p>L&rsquo;une des caract\u00e9ristiques remarquables de Thecraft est sa disposition r\u00e9active. Cela signifie que votre site Web sera fantastique sur n&rsquo;importe quel appareil, qu&rsquo;il s&rsquo;agisse d&rsquo;un ordinateur de bureau, d&rsquo;une tablette ou d&rsquo;un t\u00e9l\u00e9phone mobile. Avec le nombre croissant de personnes acc\u00e9dant \u00e0 Internet depuis leurs appareils mobiles, il est crucial d&rsquo;un site Web qui s&rsquo;adapte \u00e0 diff\u00e9rentes tailles d&rsquo;\u00e9cran. Thecraft garantit que votre contenu sera toujours affich\u00e9 de la meilleure fa\u00e7on possible, quel que soit l&rsquo;appareil sur lequel il est affich\u00e9.<\/p>\n<p>Un autre grand aspect de Thecraft est la vaste gamme d&rsquo;options personnalisables et de mod\u00e8les pr\u00e9-con\u00e7us. Cela permet aux utilisateurs de cr\u00e9er un site Web unique et personnalis\u00e9 sans avoir besoin de connaissances de codage. Que vous souhaitiez modifier la palette de couleurs, la typographie ou la disposition de votre site, Thecraft facilite le faire. En quelques clics, vous pouvez transformer votre site Web en quelque chose qui repr\u00e9sente vraiment votre marque ou votre entreprise.<\/p>\n<p>L&rsquo;une des caract\u00e9ristiques remarquables de Thecraft est son constructeur de pages \u00e0 glisser-d\u00e9poser puissant et intuitif. Cet outil permet aux utilisateurs de cr\u00e9er des pages et des dispositions \u00e9poustouflantes sans avoir besoin de connaissances de codage. Faites simplement glisser et d\u00e9posez les \u00e9l\u00e9ments sur votre page, r\u00e9organisez-les comme vous le souhaitez et regardez votre site Web prendre vie. Cette fonctionnalit\u00e9 est parfaite pour les utilisateurs qui souhaitent avoir un contr\u00f4le complet sur la conception et la disposition de leur site.<\/p>\n<p>En plus de ses options de conception et de personnalisation impressionnantes, Thecraft comprend \u00e9galement une gamme de plugins premium. Ces plugins, y compris Slider Revolution et WPBakery Page Builder, offrent aux utilisateurs encore plus d&rsquo;options et de flexibilit\u00e9 lorsqu&rsquo;il s&rsquo;agit de cr\u00e9er leur site Web. Que vous souhaitiez ajouter des curseurs accrocheurs \u00e0 votre page d&rsquo;accueil ou cr\u00e9er des dispositions de pages complexes, ces plugins vous ont couvert.<\/p>\n<p>Dans l&rsquo;ensemble, que vous soyez un d\u00e9veloppeur Web d\u00e9butant ou chevronn\u00e9, le th\u00e8me WordPress premium r\u00e9actif Thecraft est le choix parfait pour cr\u00e9er un site Web dynamique et professionnel. Son design \u00e9l\u00e9gant, sa disposition r\u00e9active, ses options personnalisables et ses plugins puissants en font une solution compl\u00e8te qui ne r\u00e9pond pas \u00e0 tous les besoins de votre site Web. Ne vous contentez pas d&rsquo;un th\u00e8me g\u00e9n\u00e9rique lorsque vous pouvez avoir quelque chose de vraiment sp\u00e9cial avec Thecraft.<\/p>\n<ul>\n<li>Thecraft est un th\u00e8me WordPress tr\u00e8s polyvalent et polyvalent con\u00e7u pour un large \u00e9ventail de sites Web, des blogs et des portefeuilles en ligne aux sites commerciaux et de commerce \u00e9lectronique.<\/li>\n<li>Avec sa conception moderne et professionnelle, Thecraft est enti\u00e8rement r\u00e9actif et adapt\u00e9 aux mobiles, garantissant que votre site Web a fi\u00e8re allure sur n&rsquo;importe quel appareil.<\/li>\n<li>Le th\u00e8me est livr\u00e9 avec un large \u00e9ventail de mod\u00e8les et d&rsquo;options pr\u00e9-con\u00e7us, vous permettant de personnaliser votre site rapidement et facilement sans avoir besoin de comp\u00e9tences de codage.<\/li>\n<li>L&rsquo;\u00e9cran est optimis\u00e9 pour la vitesse et les performances, garantissant des temps de chargement rapides et une exp\u00e9rience utilisateur en douceur pour les visiteurs.<\/li>\n<li>Le th\u00e8me est enti\u00e8rement compatible avec les plateformes de commerce \u00e9lectronique populaires telles que WooCommerce, vous permettant de cr\u00e9er facilement une puissante boutique en ligne.<\/li>\n<li>Thecraft comprend \u00e9galement une gamme de plugins et d&rsquo;outils puissants, y compris des options d&rsquo;optimisation SEO, d&rsquo;int\u00e9gration des m\u00e9dias sociaux et de widgets personnalisables.<\/li>\n<li>Avec des mises \u00e0 jour r\u00e9guli\u00e8res et un support d\u00e9di\u00e9 des d\u00e9veloppeurs de th\u00e8mes, Thecraft fournit une solution fiable et efficace pour vos besoins de site Web WordPress.<\/li>\n<\/ul>\n","protected":false},"excerpt":{"rendered":"<p>Thecraft est un th\u00e8me WordPress premium polyvalent extraordinaire r\u00e9actif qui est exceptionnellement id\u00e9al pour la cr\u00e9ation de sites Web visuellement frappants \u00e0 des fins imaginables. Poss\u00e9dant une conception immacul\u00e9e et de pointe, il pr\u00e9sente une vaste gamme d&rsquo;options de personnalisation qui englobe de nombreuses dispositions, sch\u00e9mas de couleurs et choix de typographie. De plus, le th\u00e8me est \u00e9quip\u00e9 d&rsquo;un constructeur de pages glisser-d\u00e9poser remarquablement convivial et fournit une vaste collection de mod\u00e8les pr\u00e9-con\u00e7us, rendant le processus de construction de votre site Web une entreprise sans effort. De plus, il est m\u00e9ticuleusement optimis\u00e9 pour l&rsquo;optimisation des moteurs de recherche et garantit la plus grande convivialit\u00e9 mobile, garantissant que votre site Web pr\u00e9sentera une esth\u00e9tique visuelle remarquable quel que soit l&rsquo;appareil de choix. Que vous visiez \u00e0 \u00e9tablir un blog frappant, un portefeuille visuellement captivant ou une boutique en ligne s\u00e9duisante, Thecraft est un th\u00e8me incroyablement polyvalent qui laissera sans aucun doute une impression ind\u00e9l\u00e9bile.<\/p>\n","protected":false},"featured_media":145483,"comment_status":"open","ping_status":"open","template":"","meta":[],"product_brand":[2433],"product_cat":[1214,1212,1213],"product_tag":[1366],"class_list":{"0":"post-113682","1":"product","2":"type-product","3":"status-publish","4":"has-post-thumbnail","6":"product_brand-themeforest","7":"product_cat-polyvalent","8":"product_cat-themes","9":"product_cat-wordpress-themes","10":"product_tag-themeforest","11":"member-discount","12":"discount-restricted","14":"first","15":"instock","16":"sale","17":"downloadable","18":"virtual","19":"sold-individually","20":"purchasable","21":"product-type-simple"},"_links":{"self":[{"href":"https:\/\/gpl-love.com\/fr\/wp-json\/wp\/v2\/product\/113682","targetHints":{"allow":["GET"]}}],"collection":[{"href":"https:\/\/gpl-love.com\/fr\/wp-json\/wp\/v2\/product"}],"about":[{"href":"https:\/\/gpl-love.com\/fr\/wp-json\/wp\/v2\/types\/product"}],"replies":[{"embeddable":true,"href":"https:\/\/gpl-love.com\/fr\/wp-json\/wp\/v2\/comments?post=113682"}],"wp:featuredmedia":[{"embeddable":true,"href":"https:\/\/gpl-love.com\/fr\/wp-json\/wp\/v2\/media\/145483"}],"wp:attachment":[{"href":"https:\/\/gpl-love.com\/fr\/wp-json\/wp\/v2\/media?parent=113682"}],"wp:term":[{"taxonomy":"product_brand","embeddable":true,"href":"https:\/\/gpl-love.com\/fr\/wp-json\/wp\/v2\/product_brand?post=113682"},{"taxonomy":"product_cat","embeddable":true,"href":"https:\/\/gpl-love.com\/fr\/wp-json\/wp\/v2\/product_cat?post=113682"},{"taxonomy":"product_tag","embeddable":true,"href":"https:\/\/gpl-love.com\/fr\/wp-json\/wp\/v2\/product_tag?post=113682"}],"curies":[{"name":"wp","href":"https:\/\/api.w.org\/{rel}","templated":true}]}}