{"id":113678,"date":"2025-07-23T00:00:00","date_gmt":"2025-07-22T22:00:00","guid":{"rendered":"http:\/\/gpl-love.com\/fr\/produit\/mitup-event-et-conference-wordpress-theme\/"},"modified":"2026-04-10T18:31:40","modified_gmt":"2026-04-10T16:31:40","slug":"mitup-event-et-conference-wordpress-theme","status":"publish","type":"product","link":"https:\/\/gpl-love.com\/fr\/produit\/mitup-event-et-conference-wordpress-theme\/","title":{"rendered":"MitUp Event et Conference WordPress Theme 1.3.5"},"content":{"rendered":"<h3>MitUp Event et Conference WordPress Theme Traits<\/h3>\n<p>Le th\u00e8me de l&rsquo;\u00e9v\u00e9nement Mitup et de la conf\u00e9rence WordPress est un th\u00e8me m\u00e9ticuleusement con\u00e7u et technologiquement avanc\u00e9 qui a \u00e9t\u00e9 sp\u00e9cifiquement adapt\u00e9 pour r\u00e9pondre aux besoins et aux exigences des organisateurs d&rsquo;\u00e9v\u00e9nements et des planificateurs de conf\u00e9rence. Sa vaste gamme de fonctionnalit\u00e9s innovantes et de fonctionnalit\u00e9s de pointe en fait un outil indispensable pour la gestion des \u00e9v\u00e9nements transparents. En offrant une interface transparente et conviviale, ce th\u00e8me remarquable garantit une exp\u00e9rience utilisateur in\u00e9gal\u00e9e pour les organisateurs d&rsquo;\u00e9v\u00e9nements et les participants. B\u00e9n\u00e9ficiant d&rsquo;une pl\u00e9thore de fonctionnalit\u00e9s robustes telles que la planification des \u00e9v\u00e9nements, la gestion des conf\u00e9renciers, l&rsquo;enregistrement en ligne, l&rsquo;int\u00e9gration de la passerelle de paiement et bien plus encore, Mitup offre aux utilisateurs tous les outils n\u00e9cessaires pour organiser et ex\u00e9cuter sans effort des \u00e9v\u00e9nements et des conf\u00e9rences r\u00e9ussies. De plus, ce th\u00e8me hautement personnalisable permet aux utilisateurs de personnaliser tous les aspects de leur site Web, de le transformer sans effort pour r\u00e9pondre \u00e0 leurs pr\u00e9f\u00e9rences et exigences sp\u00e9cifiques uniques. Avec son design visuellement \u00e9tonnant et sa fonctionnalit\u00e9 impeccable, Mitup est un choix convaincant pour les personnes qui cherchent \u00e0 cr\u00e9er des sites Web d&rsquo;\u00e9v\u00e9nements et de conf\u00e9rence professionnels et esth\u00e9tique qui m\u00e9langent sans effort le style et la substance. Que vous organisiez un rassemblement \u00e0 petite \u00e9chelle ou une conf\u00e9rence tentaculaire, Mitup propose une plate-forme exceptionnelle pour r\u00e9pondre aux \u00e9v\u00e9nements de toute magnitude ou complexit\u00e9. En conclusion, l&rsquo;\u00e9v\u00e9nement Mitup et le th\u00e8me WordPress de la conf\u00e9rence sont un choix exceptionnel pour ceux qui cherchent \u00e0 orchestrer des \u00e9v\u00e9nements ou des conf\u00e9rences m\u00e9morables et parfaitement ex\u00e9cut\u00e9s.<\/p>\n<ul>\n<li>Th\u00e8me WordPress hautement personnalisable con\u00e7u pour organiser et promouvoir des \u00e9v\u00e9nements et des conf\u00e9rences<\/li>\n<li>Prise en charge int\u00e9gr\u00e9e pour la planification des \u00e9v\u00e9nements, la billetterie, la gestion des conf\u00e9renciers et la promotion du sponsor<\/li>\n<li>Livr\u00e9 avec des mod\u00e8les pr\u00eats \u00e0 l&#8217;emploi pour la maison, le conf\u00e9rencier, le calendrier, la galerie, le blog et les pages de contact<\/li>\n<li>Propose un g\u00e9n\u00e9rateur de page de glisser-d\u00e9poser intuitif pour vous aider \u00e0 cr\u00e9er et \u00e0 modifier les pages sans effort<\/li>\n<li>Conception enti\u00e8rement r\u00e9active et adapt\u00e9e aux mobiles pour assurer une excellente exp\u00e9rience utilisateur sur chaque appareil<\/li>\n<li>Structure pr\u00eate pour le SEO pour une meilleure visibilit\u00e9 sur les moteurs de recherche<\/li>\n<li>Optimis\u00e9 pour la vitesse et les performances pour am\u00e9liorer les temps de chargement du site Web<\/li>\n<li>Int\u00e9gration avec des plugins WordPress populaires comme WooCommerce, Contact Form 7, Jetpack, et plus<\/li>\n<li>Documentation compl\u00e8te et support 24\/7 pour la gestion des sites Web sans tracas.<\/li>\n<\/ul>\n","protected":false},"excerpt":{"rendered":"<p>L&rsquo;\u00e9v\u00e9nement Mitup et le th\u00e8me WordPress de la conf\u00e9rence, un th\u00e8me sp\u00e9cifiquement con\u00e7u pour la gestion d&rsquo;\u00e9v\u00e9nements et les sites Web de conf\u00e9rence, poss\u00e8de une apparence contemporaine et sophistiqu\u00e9e. Ce th\u00e8me offre une pl\u00e9thore de fonctionnalit\u00e9s, y compris une page d&rsquo;accueil qui peut \u00eatre adapt\u00e9e \u00e0 vos exigences sp\u00e9cifiques, des pages d&rsquo;\u00e9v\u00e9nements qui peuvent \u00eatre personnalis\u00e9es \u00e0 votre go\u00fbt, des profils de haut-parleurs qui peuvent \u00eatre personnalis\u00e9s et des formulaires d&rsquo;enregistrement qui facilitent la gestion transparente de vos \u00e9v\u00e9nements \u00e0 venir. Avec sa conception \u00e9l\u00e9gante et conviviale, sa mise en page adaptable et un large \u00e9ventail de choix de personnalisation, l&rsquo;\u00e9v\u00e9nement Mitup et le th\u00e8me WordPress de conf\u00e9rence sont garantis pour \u00e9tablir une empreinte num\u00e9rique remarquable pour toute entreprise ax\u00e9e sur l&rsquo;\u00e9v\u00e9nement.<\/p>\n","protected":false},"featured_media":144552,"comment_status":"open","ping_status":"open","template":"","meta":[],"product_brand":[2433],"product_cat":[1516,1212,1213],"product_tag":[1366],"class_list":{"0":"post-113678","1":"product","2":"type-product","3":"status-publish","4":"has-post-thumbnail","6":"product_brand-themeforest","7":"product_cat-entreprise","8":"product_cat-themes","9":"product_cat-wordpress-themes","10":"product_tag-themeforest","11":"member-discount","12":"discount-restricted","14":"first","15":"instock","16":"sale","17":"downloadable","18":"virtual","19":"sold-individually","20":"purchasable","21":"product-type-simple"},"_links":{"self":[{"href":"https:\/\/gpl-love.com\/fr\/wp-json\/wp\/v2\/product\/113678","targetHints":{"allow":["GET"]}}],"collection":[{"href":"https:\/\/gpl-love.com\/fr\/wp-json\/wp\/v2\/product"}],"about":[{"href":"https:\/\/gpl-love.com\/fr\/wp-json\/wp\/v2\/types\/product"}],"replies":[{"embeddable":true,"href":"https:\/\/gpl-love.com\/fr\/wp-json\/wp\/v2\/comments?post=113678"}],"wp:featuredmedia":[{"embeddable":true,"href":"https:\/\/gpl-love.com\/fr\/wp-json\/wp\/v2\/media\/144552"}],"wp:attachment":[{"href":"https:\/\/gpl-love.com\/fr\/wp-json\/wp\/v2\/media?parent=113678"}],"wp:term":[{"taxonomy":"product_brand","embeddable":true,"href":"https:\/\/gpl-love.com\/fr\/wp-json\/wp\/v2\/product_brand?post=113678"},{"taxonomy":"product_cat","embeddable":true,"href":"https:\/\/gpl-love.com\/fr\/wp-json\/wp\/v2\/product_cat?post=113678"},{"taxonomy":"product_tag","embeddable":true,"href":"https:\/\/gpl-love.com\/fr\/wp-json\/wp\/v2\/product_tag?post=113678"}],"curies":[{"name":"wp","href":"https:\/\/api.w.org\/{rel}","templated":true}]}}