{"id":113676,"date":"2025-06-12T00:00:00","date_gmt":"2025-06-11T22:00:00","guid":{"rendered":"http:\/\/gpl-love.com\/fr\/produit\/avaz-fashion-responsive-woocommerce-wordpress-theme\/"},"modified":"2026-03-20T22:55:47","modified_gmt":"2026-03-20T21:55:47","slug":"avaz-fashion-responsive-woocommerce-wordpress-theme","status":"publish","type":"product","link":"https:\/\/gpl-love.com\/fr\/produit\/avaz-fashion-responsive-woocommerce-wordpress-theme\/","title":{"rendered":"Avaz Fashion Responsive WooCommerce WordPress Theme 2.9"},"content":{"rendered":"<h3>Avaz Fashion Responsive WooCommerce WordPress Theme Traits<\/h3>\n<p>Le th\u00e8me WordPress de WooCommerce Avaz Fashion r\u00e9actif se pr\u00e9sente comme une solution exquise et contemporaine sp\u00e9cialement con\u00e7ue sp\u00e9cifiquement pour tout emporium de mode en ligne. Fabriqu\u00e9 avec le plus grand soin et la plus pr\u00e9cision, sa conception enti\u00e8rement r\u00e9active garantit une vision optimale et transparente sur un \u00e9ventail d&rsquo;appareils, passant du bureau conventionnel au paysage mobile en constante expansion. Repose sur la solide fondation de la plate-forme WooCommerce, ce th\u00e8me facilite de mani\u00e8re transparente la gestion de votre gamme diversifi\u00e9e de produits, de commandes et de clients appr\u00e9ci\u00e9s. B\u00e9n\u00e9ficiant d&rsquo;une esth\u00e9tique organis\u00e9e avec go\u00fbt et \u00e9pur\u00e9e, elle sert sans effort de toile parfaite sur laquelle pr\u00e9senter vos marchandises de mode, \u00e9levant ainsi l&rsquo;exp\u00e9rience d&rsquo;achat globale \u00e0 Ethereal Heights pour votre client\u00e8le estim\u00e9e. Moreover, this multifaceted masterpiece affords you the freedom to customize an extensive gamut of options, ranging from color schemes to layout, thereby rendering the Avaz Fashion Responsive WooCommerce WordPress Theme an unequivocally versatile and effortlessly navigable choice for fashion aficionados seeking to carve out a resolute online pr\u00e9sence qui attire l&rsquo;attention et inculque la confiance.<\/p>\n<ul>\n<li>Avaz Fashion est un th\u00e8me WOOCommerce WordPress con\u00e7u pour les sites Web de commerce \u00e9lectronique de la mode et de la beaut\u00e9.<\/li>\n<li>Il est livr\u00e9 avec une conception r\u00e9active qui s&rsquo;adapte \u00e0 toutes les tailles d&rsquo;\u00e9cran, ce qui la rend compatible avec les appareils de bureau, de tablette et mobiles.<\/li>\n<li>Le th\u00e8me est optimis\u00e9 pour les vitesses de chargement rapide et les excellentes performances, garantissant une exp\u00e9rience utilisateur fluide pour vos clients.<\/li>\n<li>Avaz Fashion a une disposition flexible, avec la possibilit\u00e9 de personnaliser les couleurs, les polices, les widgets et autres \u00e9l\u00e9ments pour correspondre au style et \u00e0 la personnalit\u00e9 de votre marque.<\/li>\n<li>Le th\u00e8me dispose de plusieurs mod\u00e8les pr\u00e9d\u00e9finis pour diff\u00e9rents types de pages, notamment la maison, la boutique, le produit, le panier, le paiement, le blog et le contact.<\/li>\n<li>Il soutient \u00e9galement plusieurs langues et devises, ce qui le rend id\u00e9al pour les magasins en ligne mondiaux.<\/li>\n<li>La mode Avaz est conviviale de r\u00e9f\u00e9rencement, avec un code propre et optimis\u00e9 qui aide \u00e0 am\u00e9liorer le classement de votre site Web sur les moteurs de recherche.<\/li>\n<li>Le th\u00e8me est compatible avec les plugins populaires et les int\u00e9grations comme MailChimp, Instagram Feed, WPML, Contact Form 7, et bien plus encore.<\/li>\n<li>Avec la mode Avaz, vous obtenez un guide de documentation complet et un soutien d\u00e9di\u00e9 des d\u00e9veloppeurs du th\u00e8me au cas o\u00f9 vous rencontreriez des probl\u00e8mes ou que vous ayez des questions concernant votre site Web.<\/li>\n<\/ul>\n","protected":false},"excerpt":{"rendered":"<p>Lib\u00e9rez tout le potentiel de votre entreprise de mode avec le th\u00e8me WooCommerce WOOCommerce Avaz Responsive. Ce th\u00e8me puissant et WordPress est sp\u00e9cialement con\u00e7u pour les d\u00e9taillants de mode et les boutiques, offrant un design visuellement magnifique et tr\u00e8s r\u00e9actif qui a fi\u00e8re allure sur n&rsquo;importe quel appareil. Avec l&rsquo;int\u00e9gration WooCommerce, la gestion de votre boutique en ligne devient un jeu d&rsquo;enfant, offrant une exp\u00e9rience d&rsquo;achat transparente \u00e0 vos clients. Le th\u00e8me comprend \u00e9galement une vari\u00e9t\u00e9 d&rsquo;options de personnalisation, vous permettant d&rsquo;adapter l&rsquo;apparence de votre site pour correspondre \u00e0 votre marque. De plus, avec WordPress, vous aurez acc\u00e8s \u00e0 d&rsquo;innombrables plugins et fonctionnalit\u00e9s pour am\u00e9liorer encore la fonctionnalit\u00e9 de votre site. Choisissez le th\u00e8me WOOCOMMERCE WORDPRESS r\u00e9actif \u00e0 la mode Avaz pour non seulement attirer plus de clients, mais pour les faire revenir pour en savoir plus.<\/p>\n","protected":false},"featured_media":143208,"comment_status":"open","ping_status":"open","template":"","meta":[],"product_brand":[2433],"product_cat":[1238,1444,1212],"product_tag":[1366],"class_list":{"0":"post-113676","1":"product","2":"type-product","3":"status-publish","4":"has-post-thumbnail","6":"product_brand-themeforest","7":"product_cat-commerce-electronique-themes","8":"product_cat-creatif-commerce-electronique-themes","9":"product_cat-themes","10":"product_tag-themeforest","11":"member-discount","12":"discount-restricted","14":"first","15":"instock","16":"sale","17":"downloadable","18":"virtual","19":"sold-individually","20":"purchasable","21":"product-type-simple"},"_links":{"self":[{"href":"https:\/\/gpl-love.com\/fr\/wp-json\/wp\/v2\/product\/113676","targetHints":{"allow":["GET"]}}],"collection":[{"href":"https:\/\/gpl-love.com\/fr\/wp-json\/wp\/v2\/product"}],"about":[{"href":"https:\/\/gpl-love.com\/fr\/wp-json\/wp\/v2\/types\/product"}],"replies":[{"embeddable":true,"href":"https:\/\/gpl-love.com\/fr\/wp-json\/wp\/v2\/comments?post=113676"}],"wp:featuredmedia":[{"embeddable":true,"href":"https:\/\/gpl-love.com\/fr\/wp-json\/wp\/v2\/media\/143208"}],"wp:attachment":[{"href":"https:\/\/gpl-love.com\/fr\/wp-json\/wp\/v2\/media?parent=113676"}],"wp:term":[{"taxonomy":"product_brand","embeddable":true,"href":"https:\/\/gpl-love.com\/fr\/wp-json\/wp\/v2\/product_brand?post=113676"},{"taxonomy":"product_cat","embeddable":true,"href":"https:\/\/gpl-love.com\/fr\/wp-json\/wp\/v2\/product_cat?post=113676"},{"taxonomy":"product_tag","embeddable":true,"href":"https:\/\/gpl-love.com\/fr\/wp-json\/wp\/v2\/product_tag?post=113676"}],"curies":[{"name":"wp","href":"https:\/\/api.w.org\/{rel}","templated":true}]}}