{"id":113674,"date":"2022-12-05T00:00:00","date_gmt":"2022-12-04T23:00:00","guid":{"rendered":"http:\/\/gpl-love.com\/fr\/produit\/mgana-clean-minimal-woocommerce-theme\/"},"modified":"2026-04-10T18:31:30","modified_gmt":"2026-04-10T16:31:30","slug":"mgana-clean-minimal-woocommerce-theme","status":"publish","type":"product","link":"https:\/\/gpl-love.com\/fr\/produit\/mgana-clean-minimal-woocommerce-theme\/","title":{"rendered":"Mgana Clean Minimal WooCommerce Theme 1.2.1"},"content":{"rendered":"<h3>Mgana Clean Minimal WooCommerce Theme Traits<\/h3>\n<p>Le th\u00e8me WooCommerce MGANA Clean Minimal, avec son design \u00e9l\u00e9gant et contemporain, offre une solution de commerce \u00e9lectronique id\u00e9ale pour toute boutique en ligne \u00e0 la recherche d&rsquo;une esth\u00e9tique propre et minimale. Ce th\u00e8me est sp\u00e9cifiquement optimis\u00e9 pour WooCommerce, englobant toutes les fonctionnalit\u00e9s et fonctionnalit\u00e9s essentielles n\u00e9cessaires pour faciliter le d\u00e9veloppement d&rsquo;une boutique en ligne professionnelle et conviviale. En adoptant une approche propre et minimaliste, la conception de ce th\u00e8me attire l&rsquo;attention vers vos produits, ce qui les met en \u00e9vidence comme le principal point focal de votre site Web. De plus, Mgana Clean Minimal WooCommerce le th\u00e8me poss\u00e8de un panneau d&rsquo;administration robuste et personnalisable, permettant la gestion et la personnalisation des magasins sans effort pour s&rsquo;aligner sur votre style et votre marque unique. En utilisant le th\u00e8me WooCommerce Mgana Clean Minimal, vous \u00e9tablirez une boutique en ligne moderne et \u00e0 la mode qui est certain de captiver vos clients et de faciliter la croissance de votre entreprise.<\/p>\n<ul>\n<li>Un th\u00e8me WooCommerce propre et minimaliste parfait pour les sites Web de commerce \u00e9lectronique<\/li>\n<li>Livr\u00e9 avec plusieurs dispositions de page d&rsquo;accueil pr\u00e9-con\u00e7ues pour choisir<\/li>\n<li>Enti\u00e8rement personnalisable avec un panneau d&rsquo;options de th\u00e8me facile \u00e0 utiliser<\/li>\n<li>Conception r\u00e9active mobile pour la navigation transparente sur tous les appareils<\/li>\n<li>Prend en charge les plugins WooCommerce populaires pour des fonctionnalit\u00e9s suppl\u00e9mentaires<\/li>\n<li>Optimis\u00e9 pour les vitesses de chargement rapide et le r\u00e9f\u00e9rencement<\/li>\n<li>Int\u00e9gration facile avec les passerelles de paiement populaires pour les transactions transparentes<\/li>\n<li>Design professionnel et moderne avec une attention aux d\u00e9tails<\/li>\n<li>Documentation approfondie et support client pour une exp\u00e9rience sans tracas<\/li>\n<li>Mises \u00e0 jour r\u00e9guli\u00e8res et am\u00e9liorations pour l&rsquo;optimisation et les performances continues.<\/li>\n<\/ul>\n","protected":false},"excerpt":{"rendered":"<p>Le th\u00e8me WooCommerce Mgana Clean Minimal, avec son esth\u00e9tique \u00e9l\u00e9gante et moderne, sert de th\u00e8me de commerce \u00e9lectronique remarquable visant \u00e0 \u00e9lever l&rsquo;attrait visuel de votre boutique en ligne. Sa conception minimaliste est apte \u00e0 garantir que vos produits se pr\u00e9lassent sous les projecteurs, d\u00e9pourvus de distractions. Ce th\u00e8me poss\u00e8de une pl\u00e9thore de fonctionnalit\u00e9s qui facilitent la personnalisation et la gestion sans effort de votre magasin, y compris un constructeur de pages glisser-d\u00e9poser, une multitude d&rsquo;options de mise en page et une int\u00e9gration transparente avec la plate-forme WooCommerce largement acclam\u00e9e. Que vous vous lanciez dans le voyage de l&rsquo;\u00e9tablissement de votre boutique en ligne ou que vous vous efforcions de propulser votre sommet existant \u00e0 des hauteurs sans pr\u00e9c\u00e9dent, le th\u00e8me WooCommerce MGGANA Clean Minimal est une s\u00e9lection exceptionnelle.<\/p>\n","protected":false},"featured_media":144540,"comment_status":"open","ping_status":"open","template":"","meta":[],"product_brand":[2433],"product_cat":[1238,1444,1212],"product_tag":[1366],"class_list":{"0":"post-113674","1":"product","2":"type-product","3":"status-publish","4":"has-post-thumbnail","6":"product_brand-themeforest","7":"product_cat-commerce-electronique-themes","8":"product_cat-creatif-commerce-electronique-themes","9":"product_cat-themes","10":"product_tag-themeforest","11":"member-discount","12":"discount-restricted","14":"first","15":"instock","16":"sale","17":"downloadable","18":"virtual","19":"sold-individually","20":"purchasable","21":"product-type-simple"},"_links":{"self":[{"href":"https:\/\/gpl-love.com\/fr\/wp-json\/wp\/v2\/product\/113674","targetHints":{"allow":["GET"]}}],"collection":[{"href":"https:\/\/gpl-love.com\/fr\/wp-json\/wp\/v2\/product"}],"about":[{"href":"https:\/\/gpl-love.com\/fr\/wp-json\/wp\/v2\/types\/product"}],"replies":[{"embeddable":true,"href":"https:\/\/gpl-love.com\/fr\/wp-json\/wp\/v2\/comments?post=113674"}],"wp:featuredmedia":[{"embeddable":true,"href":"https:\/\/gpl-love.com\/fr\/wp-json\/wp\/v2\/media\/144540"}],"wp:attachment":[{"href":"https:\/\/gpl-love.com\/fr\/wp-json\/wp\/v2\/media?parent=113674"}],"wp:term":[{"taxonomy":"product_brand","embeddable":true,"href":"https:\/\/gpl-love.com\/fr\/wp-json\/wp\/v2\/product_brand?post=113674"},{"taxonomy":"product_cat","embeddable":true,"href":"https:\/\/gpl-love.com\/fr\/wp-json\/wp\/v2\/product_cat?post=113674"},{"taxonomy":"product_tag","embeddable":true,"href":"https:\/\/gpl-love.com\/fr\/wp-json\/wp\/v2\/product_tag?post=113674"}],"curies":[{"name":"wp","href":"https:\/\/api.w.org\/{rel}","templated":true}]}}