{"id":113672,"date":"2024-02-12T00:00:00","date_gmt":"2024-02-11T23:00:00","guid":{"rendered":"http:\/\/gpl-love.com\/fr\/produit\/remake-minimalist-portfolio-theme\/"},"modified":"2026-04-10T18:37:57","modified_gmt":"2026-04-10T16:37:57","slug":"remake-minimalist-portfolio-theme","status":"publish","type":"product","link":"https:\/\/gpl-love.com\/fr\/produit\/remake-minimalist-portfolio-theme\/","title":{"rendered":"Remake Minimalist Portfolio Theme 1.1.7"},"content":{"rendered":"<h3>Remake Minimalist Portfolio Theme Traits<\/h3>\n<p>Le th\u00e8me du portefeuille minimaliste remake sert de solution impeccable aux individus dans le domaine cr\u00e9atif qui souhaitent exposer leur travail de mani\u00e8re sophistiqu\u00e9e et contemporaine. Ce th\u00e8me se targue de son design vierge, orn\u00e9 de composants minimalistes qui d\u00e9placent efficacement l&rsquo;attention sur vos chefs-d&rsquo;\u0153uvre. De plus, il offre une flexibilit\u00e9 compl\u00e8te, vous permettant de l&rsquo;adapter pr\u00e9cis\u00e9ment \u00e0 l&rsquo;alignement avec votre marque et vos pr\u00e9f\u00e9rences personnelles. Ce th\u00e8me englobe un \u00e9ventail de dispositions de portefeuille, assurant la diversit\u00e9 et la vari\u00e9t\u00e9, tandis que sa conception r\u00e9active garantit une apparence esth\u00e9tiquement agr\u00e9able sur tous les appareils. De plus, il comprend une multitude d&rsquo;options de personnalisation qui facilitent la cr\u00e9ation d&rsquo;un portefeuille distinctif et professionnel. En utilisant le th\u00e8me du portefeuille minimaliste de remake, votre portefeuille est tenu de captiver et de laisser une impression durable sur les clients et les employeurs potentiels.<\/p>\n<ul>\n<li>Design propre et moderne<\/li>\n<li>Enti\u00e8rement r\u00e9actif pour tous les appareils<\/li>\n<li>Construit avec HTML, CSS et JQuery<\/li>\n<li>Palette de couleurs personnalisable pour correspondre \u00e0 votre marque<\/li>\n<li>Pages de portfolio illimit\u00e9es pour pr\u00e9senter votre travail<\/li>\n<li>Int\u00e9gration transparente avec WordPress<\/li>\n<li>Optimis\u00e9 pour le r\u00e9f\u00e9rencement et le chargement rapide des pages<\/li>\n<li>Le formulaire de contact et l&rsquo;int\u00e9gration des m\u00e9dias sociaux inclus<\/li>\n<li>Facile \u00e0 utiliser et \u00e0 personnaliser avec le g\u00e9n\u00e9rateur de page glisser-d\u00e9poser<\/li>\n<li>Mises \u00e0 jour r\u00e9guli\u00e8res et excellent support client<\/li>\n<\/ul>\n","protected":false},"excerpt":{"rendered":"<p>Le th\u00e8me du portefeuille minimaliste remake, caract\u00e9ris\u00e9 par son design \u00e9l\u00e9gant et moderne, place efficacement votre portefeuille \u00e0 l&rsquo;avant-garde. Gr\u00e2ce \u00e0 son manque d\u00e9lib\u00e9r\u00e9 de distractions, ce th\u00e8me \u00e9l\u00e9gant sert de toile vierge, permettant \u00e0 votre travail de rayonner et de captiver. En outre, sa personnalisation compl\u00e8te et sa interface conviviale en font la plate-forme ultime pour montrer vos prouesses cr\u00e9atives. Que vous vous identifiiez en tant qu&rsquo;artiste, photographe ou concepteur, le th\u00e8me du portefeuille minimaliste remake est l&rsquo;option par excellence pour pr\u00e9senter votre travail exceptionnel dans le domaine num\u00e9rique.<\/p>\n","protected":false},"featured_media":145101,"comment_status":"open","ping_status":"open","template":"","meta":[],"product_brand":[2433],"product_cat":[1242,1212,1213],"product_tag":[1366],"class_list":{"0":"post-113672","1":"product","2":"type-product","3":"status-publish","4":"has-post-thumbnail","6":"product_brand-themeforest","7":"product_cat-creatif","8":"product_cat-themes","9":"product_cat-wordpress-themes","10":"product_tag-themeforest","11":"member-discount","12":"discount-restricted","14":"first","15":"instock","16":"sale","17":"downloadable","18":"virtual","19":"sold-individually","20":"purchasable","21":"product-type-simple"},"_links":{"self":[{"href":"https:\/\/gpl-love.com\/fr\/wp-json\/wp\/v2\/product\/113672","targetHints":{"allow":["GET"]}}],"collection":[{"href":"https:\/\/gpl-love.com\/fr\/wp-json\/wp\/v2\/product"}],"about":[{"href":"https:\/\/gpl-love.com\/fr\/wp-json\/wp\/v2\/types\/product"}],"replies":[{"embeddable":true,"href":"https:\/\/gpl-love.com\/fr\/wp-json\/wp\/v2\/comments?post=113672"}],"wp:featuredmedia":[{"embeddable":true,"href":"https:\/\/gpl-love.com\/fr\/wp-json\/wp\/v2\/media\/145101"}],"wp:attachment":[{"href":"https:\/\/gpl-love.com\/fr\/wp-json\/wp\/v2\/media?parent=113672"}],"wp:term":[{"taxonomy":"product_brand","embeddable":true,"href":"https:\/\/gpl-love.com\/fr\/wp-json\/wp\/v2\/product_brand?post=113672"},{"taxonomy":"product_cat","embeddable":true,"href":"https:\/\/gpl-love.com\/fr\/wp-json\/wp\/v2\/product_cat?post=113672"},{"taxonomy":"product_tag","embeddable":true,"href":"https:\/\/gpl-love.com\/fr\/wp-json\/wp\/v2\/product_tag?post=113672"}],"curies":[{"name":"wp","href":"https:\/\/api.w.org\/{rel}","templated":true}]}}