{"id":113668,"date":"2026-02-05T00:00:00","date_gmt":"2026-02-04T23:00:00","guid":{"rendered":"http:\/\/gpl-love.com\/fr\/produit\/muzze-museum-art-gallery-exhibition-wordpress-theme\/"},"modified":"2026-04-10T18:32:16","modified_gmt":"2026-04-10T16:32:16","slug":"muzze-museum-art-gallery-exhibition-wordpress-theme","status":"publish","type":"product","link":"https:\/\/gpl-love.com\/fr\/produit\/muzze-museum-art-gallery-exhibition-wordpress-theme\/","title":{"rendered":"Muzze Museum Art Gallery Exhibition WordPress Theme 1.7.2"},"content":{"rendered":"<h3>Muzze Museum Art Gallery Exhibition WordPress Theme Traits<\/h3>\n<p>Le th\u00e8me WordPress de la Muzze Museum Art Gallery pr\u00e9sente une solution ultime pour les mus\u00e9es ou les galeries d&rsquo;art aspirant \u00e0 \u00e9tablir une pr\u00e9sence en ligne captivante et remarquable. B\u00e9n\u00e9ficiant d&rsquo;un design contemporain et \u00e9l\u00e9gant, ce th\u00e8me comprend un \u00e9ventail d&rsquo;options de personnalisation qui s&rsquo;adressent de mani\u00e8re transparente \u00e0 divers styles ou marques. De plus, ce th\u00e8me garantit une r\u00e9activit\u00e9 compl\u00e8te et une optimisation pour l&rsquo;optimisation des moteurs de recherche (SEO), tout en incorporant \u00e9galement une prise en charge int\u00e9gr\u00e9e pour des plugins pro\u00e9minents tels que WooCommerce et le formulaire de contact 7. en vertu de sa pl\u00e9thore de mod\u00e8les de page, de widgets et de codes, fabriquant une pl\u00e9thore de mod\u00e8les de page, de widgets et de codes, fabrication d&rsquo;une pl\u00e9thore de mod\u00e8les de page, de widgets et de codes, fabriquant un Le site Web distinctif et captivant n&rsquo;a jamais \u00e9t\u00e9 aussi sans effort. Par cons\u00e9quent, le th\u00e8me WordPress de l&rsquo;exposition de la galerie d&rsquo;art du mus\u00e9e du Muzze pr\u00e9sente une avenue in\u00e9gal\u00e9e pour pr\u00e9senter des illustrations et des expositions d&rsquo;une mani\u00e8re visuellement \u00e9tonnante et transparente.<\/p>\n<ul>\n<li>Th\u00e8me WordPress professionnel de haute qualit\u00e9 con\u00e7u sp\u00e9cialement pour une utilisation dans les galeries d&rsquo;art et les mus\u00e9es<\/li>\n<li>Design propre et moderne avec des options de couleurs personnalisables pour correspondre \u00e0 votre marque ou \u00e0 vos illustrations<\/li>\n<li>Enti\u00e8rement r\u00e9actif sur tous les appareils, garantir que votre site Web a fi\u00e8re allure sur le bureau, la tablette et le mobile<\/li>\n<li>Fonctionnalit\u00e9 de galerie et de portfolio int\u00e9gr\u00e9es avec plusieurs options de mise en page pour pr\u00e9senter vos expositions et \u0153uvres d&rsquo;art<\/li>\n<li>Calendrier d&rsquo;\u00e9v\u00e9nements inclus et syst\u00e8me de gestion pour la promotion des expositions, \u00e9v\u00e9nements et programmes \u00e0 venir<\/li>\n<li>Builder de page simple et intuitif avec fonctionnalit\u00e9 de glisser-d\u00e9poser pour une personnalisation facile et une cr\u00e9ation de contenu<\/li>\n<li>Structure SEO-Friendly pour aider \u00e0 stimuler les classements de recherche biologique de votre site Web et \u00e0 attirer plus de visiteurs<\/li>\n<li>Soutien d\u00e9di\u00e9 \u00e0 des d\u00e9veloppeurs exp\u00e9riment\u00e9s pour aider \u00e0 toute question ou probl\u00e8me qui survient.<\/li>\n<li>Installation de d\u00e9monstration en un clic pour mettre votre site op\u00e9rationnel rapidement et facilement.<\/li>\n<li>L&rsquo;int\u00e9gration avec des plugins populaires comme WooCommerce et le formulaire de contact 7 pour les options de commerce \u00e9lectronique faciles et la g\u00e9n\u00e9ration de leads.<\/li>\n<\/ul>\n","protected":false},"excerpt":{"rendered":"<p>Le th\u00e8me WordPress de la galerie d&rsquo;art du mus\u00e9e du Muzze se pr\u00e9sente comme un choix id\u00e9al pour les mus\u00e9es d&rsquo;art ou les galeries cherchant \u00e0 afficher efficacement leurs expositions sur la plate-forme virtuelle. B\u00e9n\u00e9ficiant d&rsquo;un design \u00e9l\u00e9gant et contemporain, ce th\u00e8me permet aux utilisateurs de cr\u00e9er et de maintenir sans effort leur site Web, m\u00eame en l&rsquo;absence d&rsquo;expertise de codage. Il propose une gamme de fonctionnalit\u00e9s, notamment une page d&rsquo;accueil personnalisable, un calendrier d&rsquo;exposition et un calendrier, une conception r\u00e9active, une int\u00e9gration des m\u00e9dias sociaux, etc. De plus, ce th\u00e8me s&rsquo;int\u00e8gre parfaitement \u00e0 WooCommerce, permettant aux utilisateurs de vendre directement des billets ou des marchandises via leur site Web. Avec le th\u00e8me WordPress de l&rsquo;exposition de la galerie d&rsquo;art du mus\u00e9e du Muzze, vous pouvez donner vie \u00e0 votre mus\u00e9e ou galerie sur le spectre num\u00e9rique.<\/p>\n","protected":false},"featured_media":144605,"comment_status":"open","ping_status":"open","template":"","meta":[],"product_brand":[2433],"product_cat":[1242,1212,1213],"product_tag":[1366],"class_list":{"0":"post-113668","1":"product","2":"type-product","3":"status-publish","4":"has-post-thumbnail","6":"product_brand-themeforest","7":"product_cat-creatif","8":"product_cat-themes","9":"product_cat-wordpress-themes","10":"product_tag-themeforest","11":"member-discount","12":"discount-restricted","14":"first","15":"instock","16":"sale","17":"downloadable","18":"virtual","19":"sold-individually","20":"purchasable","21":"product-type-simple"},"_links":{"self":[{"href":"https:\/\/gpl-love.com\/fr\/wp-json\/wp\/v2\/product\/113668","targetHints":{"allow":["GET"]}}],"collection":[{"href":"https:\/\/gpl-love.com\/fr\/wp-json\/wp\/v2\/product"}],"about":[{"href":"https:\/\/gpl-love.com\/fr\/wp-json\/wp\/v2\/types\/product"}],"replies":[{"embeddable":true,"href":"https:\/\/gpl-love.com\/fr\/wp-json\/wp\/v2\/comments?post=113668"}],"wp:featuredmedia":[{"embeddable":true,"href":"https:\/\/gpl-love.com\/fr\/wp-json\/wp\/v2\/media\/144605"}],"wp:attachment":[{"href":"https:\/\/gpl-love.com\/fr\/wp-json\/wp\/v2\/media?parent=113668"}],"wp:term":[{"taxonomy":"product_brand","embeddable":true,"href":"https:\/\/gpl-love.com\/fr\/wp-json\/wp\/v2\/product_brand?post=113668"},{"taxonomy":"product_cat","embeddable":true,"href":"https:\/\/gpl-love.com\/fr\/wp-json\/wp\/v2\/product_cat?post=113668"},{"taxonomy":"product_tag","embeddable":true,"href":"https:\/\/gpl-love.com\/fr\/wp-json\/wp\/v2\/product_tag?post=113668"}],"curies":[{"name":"wp","href":"https:\/\/api.w.org\/{rel}","templated":true}]}}