{"id":113666,"date":"2025-08-25T00:00:00","date_gmt":"2025-08-24T22:00:00","guid":{"rendered":"http:\/\/gpl-love.com\/fr\/produit\/lifevent-event-wordpress-theme\/"},"modified":"2026-03-20T23:22:27","modified_gmt":"2026-03-20T22:22:27","slug":"lifevent-event-wordpress-theme","status":"publish","type":"product","link":"https:\/\/gpl-love.com\/fr\/produit\/lifevent-event-wordpress-theme\/","title":{"rendered":"Lifevent Event WordPress Theme 1.2.1"},"content":{"rendered":"<h3>Lifevent Event WordPress Theme Traits<\/h3>\n<p>Le th\u00e8me WordPress de l&rsquo;\u00e9v\u00e9nement Lifevent fournit une solution globale pour les entreprises cherchant \u00e0 \u00e9tablir une pr\u00e9sence en ligne notable et professionnelle pour leurs \u00e9v\u00e9nements. Ce th\u00e8me poss\u00e8de un \u00e9ventail de fonctionnalit\u00e9s et de fonctionnalit\u00e9s impressionnantes, vous permettant de pr\u00e9senter vos \u00e9v\u00e9nements d&rsquo;une mani\u00e8re attrayante et attirante. Sa conception enti\u00e8rement r\u00e9active garantit que votre site Web conservera son excellence visuelle sur divers appareils. Qu&rsquo;il s&rsquo;agisse de listes d&rsquo;\u00e9v\u00e9nements ou de d\u00e9tails sur l&rsquo;\u00e9v\u00e9nement, vous poss\u00e9dez la possibilit\u00e9 de personnaliser chaque facette de votre site Web pour r\u00e9pondre \u00e0 vos exigences sp\u00e9cifiques. En mettant en \u0153uvre le th\u00e8me WordPress de l&rsquo;\u00e9v\u00e9nement Lifevent, vous avez la capacit\u00e9 de fa\u00e7onner un site Web qui non seulement pr\u00e9sente une esth\u00e9tique exceptionnelle, mais facilite \u00e9galement la promotion des \u00e9v\u00e9nements et aide \u00e0 cibler le public souhait\u00e9.<\/p>\n<ul>\n<li>Th\u00e8me WordPress de l&rsquo;\u00e9v\u00e9nement hautement personnalisable<\/li>\n<li>Parfait pour les conf\u00e9rences, les festivals et autres sites Web d&rsquo;\u00e9v\u00e9nements<\/li>\n<li>Livr\u00e9 avec plusieurs variations de page d&rsquo;accueil<\/li>\n<li>Comprend 8 styles d&rsquo;en-t\u00eate uniques et 3 dispositions de pied de page<\/li>\n<li>Fonctionnalit\u00e9 du calendrier des \u00e9v\u00e9nements int\u00e9gr\u00e9s pour la cr\u00e9ation et l&rsquo;affichage des horaires d&rsquo;\u00e9v\u00e9nements<\/li>\n<li>Option pour vendre des billets d&rsquo;\u00e9v\u00e9nement directement via le site Web<\/li>\n<li>Compatible avec l&rsquo;enregistrement des \u00e9v\u00e9nements tiers et les plugins de billetterie<\/li>\n<li>Comprend une gamme de pages pr\u00e9-con\u00e7ues pour les conf\u00e9renciers, les sponsors et plus<\/li>\n<li>Conception enti\u00e8rement r\u00e9active optimis\u00e9e pour tous les appareils et tailles d&rsquo;\u00e9cran<\/li>\n<li>Vitesse de chargement rapide pour une am\u00e9lioration de l&rsquo;exp\u00e9rience utilisateur<\/li>\n<li>Code convivial pour am\u00e9liorer les classements des moteurs de recherche<\/li>\n<li>Importation de d\u00e9monstration en un clic pour une configuration facile<\/li>\n<li>Documentation compl\u00e8te et soutien continu.<\/li>\n<\/ul>\n","protected":false},"excerpt":{"rendered":"<p>Le th\u00e8me WordPress de l&rsquo;\u00e9v\u00e9nement Lifevent, avec son esth\u00e9tique \u00e9l\u00e9gante et sophistiqu\u00e9e, offre une plate-forme remarquable pour exposer et mettre en \u00e9vidence vos \u00e9v\u00e9nements \u00e0 venir. B\u00e9n\u00e9ficiant d&rsquo;un design captivant qui peut \u00eatre adapt\u00e9 \u00e0 vos pr\u00e9f\u00e9rences, ce th\u00e8me est un choix impeccable pour les planificateurs d&rsquo;\u00e9v\u00e9nements, les promoteurs de concerts ou les individus aspirant \u00e0 \u00e9tablir une pr\u00e9sence en ligne m\u00e9morable. Que votre objectif soit de faciliter les ventes de billets, de publier des horaires d&rsquo;\u00e9v\u00e9nements ou de pr\u00e9senter des conf\u00e9renciers et des artistes renomm\u00e9s, le th\u00e8me WordPress de l&rsquo;\u00e9v\u00e9nement Lifevent fournit une solution tout compris pour assurer le triomphe de votre \u00e9v\u00e9nement. Avec des options de personnalisation sans effort, un design r\u00e9actif et une fonctionnalit\u00e9 robuste, ce th\u00e8me est la quintessence de la perfection pour les personnes cherchant \u00e0 fa\u00e7onner un site Web d&rsquo;\u00e9v\u00e9nement ind\u00e9l\u00e9bile.<\/p>\n","protected":false},"featured_media":144375,"comment_status":"open","ping_status":"open","template":"","meta":[],"product_brand":[2433],"product_cat":[1516,1212,1213],"product_tag":[1366],"class_list":{"0":"post-113666","1":"product","2":"type-product","3":"status-publish","4":"has-post-thumbnail","6":"product_brand-themeforest","7":"product_cat-entreprise","8":"product_cat-themes","9":"product_cat-wordpress-themes","10":"product_tag-themeforest","11":"member-discount","12":"discount-restricted","14":"first","15":"instock","16":"sale","17":"downloadable","18":"virtual","19":"sold-individually","20":"purchasable","21":"product-type-simple"},"_links":{"self":[{"href":"https:\/\/gpl-love.com\/fr\/wp-json\/wp\/v2\/product\/113666","targetHints":{"allow":["GET"]}}],"collection":[{"href":"https:\/\/gpl-love.com\/fr\/wp-json\/wp\/v2\/product"}],"about":[{"href":"https:\/\/gpl-love.com\/fr\/wp-json\/wp\/v2\/types\/product"}],"replies":[{"embeddable":true,"href":"https:\/\/gpl-love.com\/fr\/wp-json\/wp\/v2\/comments?post=113666"}],"wp:featuredmedia":[{"embeddable":true,"href":"https:\/\/gpl-love.com\/fr\/wp-json\/wp\/v2\/media\/144375"}],"wp:attachment":[{"href":"https:\/\/gpl-love.com\/fr\/wp-json\/wp\/v2\/media?parent=113666"}],"wp:term":[{"taxonomy":"product_brand","embeddable":true,"href":"https:\/\/gpl-love.com\/fr\/wp-json\/wp\/v2\/product_brand?post=113666"},{"taxonomy":"product_cat","embeddable":true,"href":"https:\/\/gpl-love.com\/fr\/wp-json\/wp\/v2\/product_cat?post=113666"},{"taxonomy":"product_tag","embeddable":true,"href":"https:\/\/gpl-love.com\/fr\/wp-json\/wp\/v2\/product_tag?post=113666"}],"curies":[{"name":"wp","href":"https:\/\/api.w.org\/{rel}","templated":true}]}}