{"id":113664,"date":"2021-05-05T00:00:00","date_gmt":"2021-05-04T22:00:00","guid":{"rendered":"http:\/\/gpl-love.com\/fr\/produit\/lauriel-multipurpose-woocommerce-theme\/"},"modified":"2026-03-20T23:21:50","modified_gmt":"2026-03-20T22:21:50","slug":"lauriel-multipurpose-woocommerce-theme","status":"publish","type":"product","link":"https:\/\/gpl-love.com\/fr\/produit\/lauriel-multipurpose-woocommerce-theme\/","title":{"rendered":"Lauriel Multipurpose WooCommerce Theme 1.1.1"},"content":{"rendered":"<h3>Lauriel Multipurpose WooCommerce Theme Traits<\/h3>\n<p>Le th\u00e8me WooCommerce Lauriel multipurpose se pr\u00e9sente comme un outil exceptionnel et tr\u00e8s efficace dans le but de construire un site Web de commerce \u00e9lectronique. Avec un design qui est non seulement propre, mais poss\u00e8de \u00e9galement un sens du style, ce th\u00e8me poss\u00e8de une interface qui est remarquablement conviviale, faisant du processus de cr\u00e9ation d&rsquo;une boutique en ligne d&rsquo;apparence professionnelle une entreprise transparente et sans effort. En raison de sa vaste gamme d&rsquo;options de personnalisation, Lauriel permet aux utilisateurs de fa\u00e7onner un site Web vraiment unique et refl\u00e9tant l&rsquo;identit\u00e9 de leur marque. En outre, ce th\u00e8me est dot\u00e9 d&rsquo;une r\u00e9activit\u00e9 compl\u00e8te, garantissant ainsi qu&rsquo;il rend magnifiquement sur n&rsquo;importe quel appareil. De plus, la fonction d&rsquo;importation de d\u00e9monstration en un clic que ce th\u00e8me offre facilite une initiation facile et sans tracas dans le domaine du commerce \u00e9lectronique. Que votre intention soit de fournir des produits physiques, des t\u00e9l\u00e9chargements num\u00e9riques ou des services, soyez assur\u00e9 que Lauriel englobe tous les composants et fonctionnalit\u00e9s n\u00e9cessaires essentiels \u00e0 votre triomphe dans le domaine du commerce \u00e9lectronique.<\/p>\n<ul>\n<li>Un th\u00e8me WooCommerce polyvalent con\u00e7u \u00e0 plusieurs fins<\/li>\n<li>Design propre, moderne et enti\u00e8rement r\u00e9actif<\/li>\n<li>Compatible avec la derni\u00e8re version de WordPress et WooCommerce<\/li>\n<li>Options de cr\u00e9ateurs de pages faciles \u00e0 utiliser et de personnalisation<\/li>\n<li>Comprend une vari\u00e9t\u00e9 de mod\u00e8les pr\u00e9-con\u00e7us pour les pages de destination, les pages de magasins, les pages de blog et plus<\/li>\n<li>Prend en charge plusieurs langues et comprend des fichiers pr\u00eats \u00e0 la traduction<\/li>\n<li>Int\u00e9gration avec des plugins populaires tels que Slider Revolution, Contact Form 7 et WPML<\/li>\n<li>SEO optimis\u00e9 pour un meilleur classement des moteurs de recherche<\/li>\n<li>Croisement compatible et \u00e0 chargement rapide<\/li>\n<li>Support technologique fiable et mises \u00e0 jour r\u00e9guli\u00e8res pour assurer la compatibilit\u00e9 avec les derni\u00e8res versions WordPress et WooCommerce.<\/li>\n<\/ul>\n","protected":false},"excerpt":{"rendered":"<p>Nous sommes fiers de pr\u00e9senter le th\u00e8me WooCommerce Lauriel polyvalent, une solution de conception extraordinaire m\u00e9ticuleusement con\u00e7ue pour \u00e9lever votre boutique en ligne. Impr\u00e9gn\u00e9 d&rsquo;\u00e9l\u00e9gance et de sophistication, ce th\u00e8me remarquable poss\u00e8de un vaste r\u00e9pertoire de fonctionnalit\u00e9s, garantissant une exp\u00e9rience utilisateur in\u00e9gal\u00e9e. Offrant des possibilit\u00e9s sans limites pour votre conception de page d&rsquo;accueil, une disposition r\u00e9active qui s&rsquo;adapte de mani\u00e8re transparente \u00e0 n&rsquo;importe quel appareil, une typographie personnalisable pour s&rsquo;adapter \u00e0 votre identit\u00e9 de marque et une richesse d&rsquo;options de th\u00e8me puissantes, ce package tout compris vous permet de cr\u00e9er sans effort un pare-commerce de contrat visuellement et dynamique site Internet. En confiant votre entreprise au th\u00e8me Lauriel Multipurpose WooCommerce, vous vous lancez dans un voyage transformateur qui propulsera votre entreprise \u00e0 des sommets sans pr\u00e9c\u00e9dent, vous propulsant sans effort vers la r\u00e9alisation de vos aspirations en ligne. Ne perdez pas de temps, saisissez cette opportunit\u00e9 aujourd&rsquo;hui et assistez \u00e0 vos ventes en fl\u00e8che pour \u00e9tonner de nouveaux niveaux!<\/p>\n","protected":false},"featured_media":144333,"comment_status":"open","ping_status":"open","template":"","meta":[],"product_brand":[2433],"product_cat":[1214,1212,1213],"product_tag":[1366],"class_list":{"0":"post-113664","1":"product","2":"type-product","3":"status-publish","4":"has-post-thumbnail","6":"product_brand-themeforest","7":"product_cat-polyvalent","8":"product_cat-themes","9":"product_cat-wordpress-themes","10":"product_tag-themeforest","11":"member-discount","12":"discount-restricted","14":"first","15":"instock","16":"sale","17":"downloadable","18":"virtual","19":"sold-individually","20":"purchasable","21":"product-type-simple"},"_links":{"self":[{"href":"https:\/\/gpl-love.com\/fr\/wp-json\/wp\/v2\/product\/113664","targetHints":{"allow":["GET"]}}],"collection":[{"href":"https:\/\/gpl-love.com\/fr\/wp-json\/wp\/v2\/product"}],"about":[{"href":"https:\/\/gpl-love.com\/fr\/wp-json\/wp\/v2\/types\/product"}],"replies":[{"embeddable":true,"href":"https:\/\/gpl-love.com\/fr\/wp-json\/wp\/v2\/comments?post=113664"}],"wp:featuredmedia":[{"embeddable":true,"href":"https:\/\/gpl-love.com\/fr\/wp-json\/wp\/v2\/media\/144333"}],"wp:attachment":[{"href":"https:\/\/gpl-love.com\/fr\/wp-json\/wp\/v2\/media?parent=113664"}],"wp:term":[{"taxonomy":"product_brand","embeddable":true,"href":"https:\/\/gpl-love.com\/fr\/wp-json\/wp\/v2\/product_brand?post=113664"},{"taxonomy":"product_cat","embeddable":true,"href":"https:\/\/gpl-love.com\/fr\/wp-json\/wp\/v2\/product_cat?post=113664"},{"taxonomy":"product_tag","embeddable":true,"href":"https:\/\/gpl-love.com\/fr\/wp-json\/wp\/v2\/product_tag?post=113664"}],"curies":[{"name":"wp","href":"https:\/\/api.w.org\/{rel}","templated":true}]}}