{"id":113662,"date":"2021-04-09T00:00:00","date_gmt":"2021-04-08T22:00:00","guid":{"rendered":"http:\/\/gpl-love.com\/fr\/produit\/mecare-hospital-et-health-wordpress-theme\/"},"modified":"2026-03-20T23:24:02","modified_gmt":"2026-03-20T22:24:02","slug":"mecare-hospital-et-health-wordpress-theme","status":"publish","type":"product","link":"https:\/\/gpl-love.com\/fr\/produit\/mecare-hospital-et-health-wordpress-theme\/","title":{"rendered":"Mecare Hospital et Health WordPress Theme 1.0"},"content":{"rendered":"<h3>Mecare Hospital et Health WordPress Theme Traits<\/h3>\n<p>L&rsquo;h\u00f4pital M\u00e9care et le th\u00e8me WordPress Health propose une solution compl\u00e8te et globale pour le d\u00e9veloppement et la cr\u00e9ation de sites Web m\u00e9dicaux hautement professionnels et de premier ordre. Ce th\u00e8me exceptionnellement con\u00e7u est sp\u00e9cifiquement adapt\u00e9 et fabriqu\u00e9 pour l&rsquo;utilisation exclusive des h\u00f4pitaux, des cliniques et des m\u00e9decins, en les permettant de pr\u00e9senter et de montrer efficacement leur vaste gamme de services et d&rsquo;expertise sur la vaste et vaste plate-forme en ligne. Le th\u00e8me poss\u00e8de une interface incroyablement conviviale, qui est encore am\u00e9lior\u00e9e et augment\u00e9e par ses fonctionnalit\u00e9s hautement personnalisables, offrant ainsi aux utilisateurs la possibilit\u00e9 de personnaliser et d&rsquo;adapter sans effort leurs sites Web, garantissant une apparence distinctive et unique qui s&rsquo;aligne parfaitement avec leurs exigences sp\u00e9cifiques et pr\u00e9f\u00e9rences.<\/p>\n<p>De plus, ce th\u00e8me est \u00e9quip\u00e9 d&rsquo;une pl\u00e9thore de pages pr\u00e9d\u00e9finies qui s&rsquo;adressent et englobent tous les \u00e9l\u00e9ments essentiels et fondamentaux qui sont vitaux et indispensables au fonctionnement fluide et transparent d&rsquo;un site Web m\u00e9dical, y compris mais sans s&rsquo;y limiter, les m\u00e9decins, les m\u00e9decins, services et t\u00e9moignages. De plus, le th\u00e8me a \u00e9t\u00e9 m\u00e9ticuleusement d\u00e9velopp\u00e9 et con\u00e7u pour \u00eatre enti\u00e8rement r\u00e9actif et compatible avec une large gamme d&rsquo;appareils, garantissant et facilitant l&rsquo;acc\u00e8s facile des utilisateurs \u00e0 leurs sites Web \u00e0 partir de tout appareil de leur choix et de leur commodit\u00e9.<\/p>\n<p>En outre, il est imp\u00e9ratif de noter et de reconna\u00eetre que le th\u00e8me de l&rsquo;h\u00f4pital M\u00e9care et WordPress Health est profond\u00e9ment convivial, garantissant et garantissant ainsi le classement optimal et la visibilit\u00e9 de votre site Web sur des plates-formes de moteur de recherche pro\u00e9minentes et largement utilis\u00e9es, permettant aux utilisateurs de se faire sans effort et efficacement Localisez et acc\u00e9dez \u00e0 votre site Web en effectuant simplement une recherche rapide et pratique. Avec toutes ces fonctionnalit\u00e9s et capacit\u00e9s exceptionnelles et notables, ce th\u00e8me extraordinaire permet aux utilisateurs de cr\u00e9er sans effort et sans faille un site Web m\u00e9dical moderne et hautement fonctionnel, offrant finalement une exp\u00e9rience utilisateur in\u00e9gal\u00e9e et remarquable.<\/p>\n<ul>\n<li>Design professionnel et moderne sp\u00e9cifiquement pour les h\u00f4pitaux et les sites Web li\u00e9s \u00e0 la sant\u00e9<\/li>\n<li>Conception enti\u00e8rement r\u00e9active qui a fi\u00e8re allure sur tous les appareils<\/li>\n<li>Panneau d&rsquo;options de th\u00e8me facile \u00e0 utiliser et personnalisable<\/li>\n<li>Pages pr\u00e9-con\u00e7ues pour les m\u00e9decins, les services, les rendez-vous et plus<\/li>\n<li>Int\u00e9gration avec des plugins de soins de sant\u00e9 populaires comme Bookly et Horaire<\/li>\n<li>Int\u00e9gration transparente avec WooCommerce pour la r\u00e9servation de rendez-vous en ligne et le traitement des paiements<\/li>\n<li>Fonctionnalit\u00e9 de recherche avanc\u00e9e pour aider les patients \u00e0 trouver le bon m\u00e9decin et les bons services<\/li>\n<li>T\u00e9moignages et avis section pour pr\u00e9senter des patients satisfaits et renforcer la confiance<\/li>\n<li>Fonctionnalit\u00e9 de blog int\u00e9gr\u00e9e pour tenir les patients inform\u00e9s et engag\u00e9s<\/li>\n<li>Documentation d\u00e9taill\u00e9e et \u00e9quipe d&rsquo;assistance d\u00e9di\u00e9e pour toutes les questions ou probl\u00e8mes techniques<\/li>\n<\/ul>\n","protected":false},"excerpt":{"rendered":"<p>Le th\u00e8me WordPress de Mecare Hospital et Health, m\u00e9ticuleusement con\u00e7u par des professionnels, est un choix impeccable pour les h\u00f4pitaux, les centres m\u00e9dicaux et les entreprises de soins de sant\u00e9. B\u00e9n\u00e9ficiant d&rsquo;un design contemporain et \u00e9pur\u00e9, Mecare pr\u00e9sente aux utilisateurs une interface navigable sans effort et un \u00e9ventail d&rsquo;options sur mesure. En outre, ce th\u00e8me est pleinement r\u00e9actif, garantissant sa compatibilit\u00e9 sur tous les appareils, et est \u00e9quip\u00e9 d&rsquo;une pl\u00e9thore de fonctionnalit\u00e9s recherch\u00e9es telles que la r\u00e9servation de rendez-vous, la gestion des patients et la pr\u00e9sentation des services m\u00e9dicaux. Ce qui distingue vraiment Mecare, cependant, ce sont ses \u00e9l\u00e9ments facilement personnalisables, ce qui en fait une s\u00e9lection de choix pour ceux qui cherchent \u00e0 \u00e9tablir une pr\u00e9sence en ligne in\u00e9gal\u00e9e pour leurs efforts m\u00e9dicaux.<\/p>\n","protected":false},"featured_media":144476,"comment_status":"open","ping_status":"open","template":"","meta":[],"product_brand":[2433],"product_cat":[1516,1212,1213],"product_tag":[1366],"class_list":{"0":"post-113662","1":"product","2":"type-product","3":"status-publish","4":"has-post-thumbnail","6":"product_brand-themeforest","7":"product_cat-entreprise","8":"product_cat-themes","9":"product_cat-wordpress-themes","10":"product_tag-themeforest","11":"member-discount","12":"discount-restricted","14":"first","15":"instock","16":"sale","17":"downloadable","18":"virtual","19":"sold-individually","20":"purchasable","21":"product-type-simple"},"_links":{"self":[{"href":"https:\/\/gpl-love.com\/fr\/wp-json\/wp\/v2\/product\/113662","targetHints":{"allow":["GET"]}}],"collection":[{"href":"https:\/\/gpl-love.com\/fr\/wp-json\/wp\/v2\/product"}],"about":[{"href":"https:\/\/gpl-love.com\/fr\/wp-json\/wp\/v2\/types\/product"}],"replies":[{"embeddable":true,"href":"https:\/\/gpl-love.com\/fr\/wp-json\/wp\/v2\/comments?post=113662"}],"wp:featuredmedia":[{"embeddable":true,"href":"https:\/\/gpl-love.com\/fr\/wp-json\/wp\/v2\/media\/144476"}],"wp:attachment":[{"href":"https:\/\/gpl-love.com\/fr\/wp-json\/wp\/v2\/media?parent=113662"}],"wp:term":[{"taxonomy":"product_brand","embeddable":true,"href":"https:\/\/gpl-love.com\/fr\/wp-json\/wp\/v2\/product_brand?post=113662"},{"taxonomy":"product_cat","embeddable":true,"href":"https:\/\/gpl-love.com\/fr\/wp-json\/wp\/v2\/product_cat?post=113662"},{"taxonomy":"product_tag","embeddable":true,"href":"https:\/\/gpl-love.com\/fr\/wp-json\/wp\/v2\/product_tag?post=113662"}],"curies":[{"name":"wp","href":"https:\/\/api.w.org\/{rel}","templated":true}]}}